{"id":130729,"date":"2022-11-15T22:41:47","date_gmt":"2022-11-15T22:41:47","guid":{"rendered":"https:\/\/cernelic.hr\/proizvod\/130729\/"},"modified":"2023-12-08T13:16:24","modified_gmt":"2023-12-08T13:16:24","slug":"chicago-sideboard-by-punt-mobles","status":"publish","type":"product","link":"https:\/\/cernelic.hr\/en\/proizvod\/chicago-sideboard-by-punt-mobles\/","title":{"rendered":"CHICAGO Sideboard by Punt Mobles"},"content":{"rendered":"<p>&#8220;Nadahnuta modernisti\u010dkom arhitekturom i tehnikama gra\u0111enja koje se nesmetano ponavljaju od sredine stolje\u0107a, kolekcija ormari\u0107a iz Chicaga odaje po\u010dast ovom posebnom arhitektonskom razdoblju.<br \/>\nSvojim laganim i lebde\u0107im izgledom komoda se gotovo \u010dini kao dio moderne arhitekture uklapaju\u0107i se u svako ure\u0111enje stana.<br \/>\nPovi\u0161ena \u010dvrsta \u010deli\u010dna konstrukcija daje stabilnost i strukturu, dok lebde\u0107i drveni ormar stvara dojam prostora.<br \/>\nPlo\u010da stola koja funkcionira kao plutaju\u0107i krov sa svojim pro\u0161irenim strehama dovr\u0161ava minimalisti\u010dki okvir kombiniraju\u0107i tri jednostavna prirodna materijala, drvo, \u010delik i kamen.&#8221;<\/p>\n","protected":false},"excerpt":{"rendered":"<p>&#8220;Nadahnuta modernisti\u010dkom arhitekturom i tehnikama gra\u0111enja koje se nesmetano ponavljaju od sredine stolje\u0107a, kolekcija ormari\u0107a iz Chicaga odaje po\u010dast ovom posebnom arhitektonskom razdoblju. Svojim laganim i lebde\u0107im izgledom komoda se gotovo \u010dini kao dio moderne arhitekture uklapaju\u0107i se u svako ure\u0111enje stana. Povi\u0161ena \u010dvrsta \u010deli\u010dna konstrukcija daje stabilnost i strukturu, dok lebde\u0107i drveni ormar stvara [&hellip;]<\/p>\n","protected":false},"featured_media":130692,"template":"","meta":{"_acf_changed":false},"product_brand":[],"product_cat":[3344,3348,3349,3345,3346,3347],"product_tag":[],"berocket_brand":[3342],"class_list":{"0":"post-130729","1":"product","2":"type-product","3":"status-publish","4":"has-post-thumbnail","6":"product_cat-proizvodi-ormari-i-komode-komode-2","7":"product_cat-prostori-rezidencijalni-namjestaj-za-kucni-ured-2","8":"product_cat-prostori-rezidencijalni-ormari-i-komode-prostori-rezidencijalni-namjestaj-za-kucni-ured-2","9":"product_cat-prostori-uredi-home-office-proizvodi-ormari-i-komode-komode-2","10":"product_cat-prostori-uredi-namjestaj-za-odlaganje-i-arhiviranje-ormari-prostori-uredi-home-office-proizvodi-ormari-i-komode-komode-2","11":"product_cat-prostori-uredi-namjestaj-za-sastanke-i-konferencije-prostori-uredi-namjestaj-za-odlaganje-i-arhiviranje-ormari-prostori-uredi-home-office-proizvodi-ormari-i-komode-komode-2","12":"berocket_brand-punt-mobles","14":"first","15":"instock","16":"product-type-grouped"},"acf":[],"_links":{"self":[{"href":"https:\/\/cernelic.hr\/en\/wp-json\/wp\/v2\/product\/130729","targetHints":{"allow":["GET"]}}],"collection":[{"href":"https:\/\/cernelic.hr\/en\/wp-json\/wp\/v2\/product"}],"about":[{"href":"https:\/\/cernelic.hr\/en\/wp-json\/wp\/v2\/types\/product"}],"wp:featuredmedia":[{"embeddable":true,"href":"https:\/\/cernelic.hr\/en\/wp-json\/wp\/v2\/media\/130692"}],"wp:attachment":[{"href":"https:\/\/cernelic.hr\/en\/wp-json\/wp\/v2\/media?parent=130729"}],"wp:term":[{"taxonomy":"product_brand","embeddable":true,"href":"https:\/\/cernelic.hr\/en\/wp-json\/wp\/v2\/product_brand?post=130729"},{"taxonomy":"product_cat","embeddable":true,"href":"https:\/\/cernelic.hr\/en\/wp-json\/wp\/v2\/product_cat?post=130729"},{"taxonomy":"product_tag","embeddable":true,"href":"https:\/\/cernelic.hr\/en\/wp-json\/wp\/v2\/product_tag?post=130729"},{"taxonomy":"berocket_brand","embeddable":true,"href":"https:\/\/cernelic.hr\/en\/wp-json\/wp\/v2\/berocket_brand?post=130729"}],"curies":[{"name":"wp","href":"https:\/\/api.w.org\/{rel}","templated":true}]}}