{"id":130737,"date":"2022-11-15T22:41:47","date_gmt":"2022-11-15T22:41:47","guid":{"rendered":"https:\/\/cernelic.hr\/proizvod\/130737\/"},"modified":"2023-12-08T13:17:59","modified_gmt":"2023-12-08T13:17:59","slug":"rio-cupboard-by-punt-mobles","status":"publish","type":"product","link":"https:\/\/cernelic.hr\/en\/proizvod\/rio-cupboard-by-punt-mobles\/","title":{"rendered":"RIO Cupboard by Punt Mobles"},"content":{"rendered":"<p>Kolekcija Rio temelji se na temeljnom jeziku dizajna u radu s vrhunskim materijalima i lokalnim majstorima kako bi se postigao jedinstven dizajn.<br \/>\nRio je o ravnote\u017ei materijala i ravnote\u017ei proporcija.<br \/>\nOrmarima Rio zajedni\u010dko je to \u0161to su svi postavljeni na \u010dvrste mramorne cilindre. Oni pru\u017eaju stabilnost i veli\u010danstvenost u kontrastu s preciznim i fino izra\u0111enim ormari\u0107ima na vrhu. Tanki drveni okviri i vrata na otvaranje s razli\u010ditim umetcima poput strukturiranog drva svojevrsni su most izme\u0111u dva postolja. Dijalog izme\u0111u svih komponenti stvara sofisticirani karakter svakom projektiranju prostora.<\/p>\n","protected":false},"excerpt":{"rendered":"<p>Kolekcija Rio temelji se na temeljnom jeziku dizajna u radu s vrhunskim materijalima i lokalnim majstorima kako bi se postigao jedinstven dizajn. Rio je o ravnote\u017ei materijala i ravnote\u017ei proporcija. Ormarima Rio zajedni\u010dko je to \u0161to su svi postavljeni na \u010dvrste mramorne cilindre. Oni pru\u017eaju stabilnost i veli\u010danstvenost u kontrastu s preciznim i fino izra\u0111enim [&hellip;]<\/p>\n","protected":false},"featured_media":130706,"template":"","meta":{"_acf_changed":false},"product_brand":[],"product_cat":[3344,3365,3366,3367,3345,3346],"product_tag":[],"berocket_brand":[3342],"class_list":{"0":"post-130737","1":"product","2":"type-product","3":"status-publish","4":"has-post-thumbnail","6":"product_cat-proizvodi-ormari-i-komode-komode-2","7":"product_cat-prostori-horeca-namjestaj-za-hotelske-sobe-prostori-uredi-namjestaj-za-odlaganje-i-arhiviranje-ormari-prostori-uredi-home-office-proizvodi-ormari-i-komode-komode-2","8":"product_cat-prostori-horeca-ormari-i-komode-prostori-horeca-namjestaj-za-hotelske-sobe-prostori-uredi-namjestaj-za-odlaganje-i-arhiviranje-ormari-prostori-uredi-home-office-proizvodi-ormari-i-komode-komode-2","9":"product_cat-prostori-rezidencijalni-ormari-i-komode-2","10":"product_cat-prostori-uredi-home-office-proizvodi-ormari-i-komode-komode-2","11":"product_cat-prostori-uredi-namjestaj-za-odlaganje-i-arhiviranje-ormari-prostori-uredi-home-office-proizvodi-ormari-i-komode-komode-2","12":"berocket_brand-punt-mobles","14":"first","15":"instock","16":"product-type-grouped"},"acf":[],"_links":{"self":[{"href":"https:\/\/cernelic.hr\/en\/wp-json\/wp\/v2\/product\/130737","targetHints":{"allow":["GET"]}}],"collection":[{"href":"https:\/\/cernelic.hr\/en\/wp-json\/wp\/v2\/product"}],"about":[{"href":"https:\/\/cernelic.hr\/en\/wp-json\/wp\/v2\/types\/product"}],"wp:featuredmedia":[{"embeddable":true,"href":"https:\/\/cernelic.hr\/en\/wp-json\/wp\/v2\/media\/130706"}],"wp:attachment":[{"href":"https:\/\/cernelic.hr\/en\/wp-json\/wp\/v2\/media?parent=130737"}],"wp:term":[{"taxonomy":"product_brand","embeddable":true,"href":"https:\/\/cernelic.hr\/en\/wp-json\/wp\/v2\/product_brand?post=130737"},{"taxonomy":"product_cat","embeddable":true,"href":"https:\/\/cernelic.hr\/en\/wp-json\/wp\/v2\/product_cat?post=130737"},{"taxonomy":"product_tag","embeddable":true,"href":"https:\/\/cernelic.hr\/en\/wp-json\/wp\/v2\/product_tag?post=130737"},{"taxonomy":"berocket_brand","embeddable":true,"href":"https:\/\/cernelic.hr\/en\/wp-json\/wp\/v2\/berocket_brand?post=130737"}],"curies":[{"name":"wp","href":"https:\/\/api.w.org\/{rel}","templated":true}]}}