{"id":130739,"date":"2022-11-15T22:41:47","date_gmt":"2022-11-15T22:41:47","guid":{"rendered":"https:\/\/cernelic.hr\/proizvod\/130739\/"},"modified":"2023-12-08T13:18:15","modified_gmt":"2023-12-08T13:18:15","slug":"stockholm-cupboard-by-punt-mobles","status":"publish","type":"product","link":"https:\/\/cernelic.hr\/en\/proizvod\/stockholm-cupboard-by-punt-mobles\/","title":{"rendered":"STOCKHOLM Cupboard by Punt Mobles"},"content":{"rendered":"<p>Kolekcija regala, komoda i TV klupa, dobitnica nagrade Red Dot 2015., s jedinstvenom aluminijskom zavr\u0161nom obradom na gornjoj povr\u0161ini inspirirati \u0107e nove ideje za ure\u0111enje.<\/p>\n","protected":false},"excerpt":{"rendered":"<p>Kolekcija regala, komoda i TV klupa, dobitnica nagrade Red Dot 2015., s jedinstvenom aluminijskom zavr\u0161nom obradom na gornjoj povr\u0161ini inspirirati \u0107e nove ideje za ure\u0111enje.<\/p>\n","protected":false},"featured_media":130715,"template":"","meta":{"_acf_changed":false},"product_brand":[],"product_cat":[3344,3365,3366,3367,3345,3346],"product_tag":[],"berocket_brand":[3342],"class_list":{"0":"post-130739","1":"product","2":"type-product","3":"status-publish","4":"has-post-thumbnail","6":"product_cat-proizvodi-ormari-i-komode-komode-2","7":"product_cat-prostori-horeca-namjestaj-za-hotelske-sobe-prostori-uredi-namjestaj-za-odlaganje-i-arhiviranje-ormari-prostori-uredi-home-office-proizvodi-ormari-i-komode-komode-2","8":"product_cat-prostori-horeca-ormari-i-komode-prostori-horeca-namjestaj-za-hotelske-sobe-prostori-uredi-namjestaj-za-odlaganje-i-arhiviranje-ormari-prostori-uredi-home-office-proizvodi-ormari-i-komode-komode-2","9":"product_cat-prostori-rezidencijalni-ormari-i-komode-2","10":"product_cat-prostori-uredi-home-office-proizvodi-ormari-i-komode-komode-2","11":"product_cat-prostori-uredi-namjestaj-za-odlaganje-i-arhiviranje-ormari-prostori-uredi-home-office-proizvodi-ormari-i-komode-komode-2","12":"berocket_brand-punt-mobles","14":"first","15":"instock","16":"product-type-grouped"},"acf":[],"_links":{"self":[{"href":"https:\/\/cernelic.hr\/en\/wp-json\/wp\/v2\/product\/130739","targetHints":{"allow":["GET"]}}],"collection":[{"href":"https:\/\/cernelic.hr\/en\/wp-json\/wp\/v2\/product"}],"about":[{"href":"https:\/\/cernelic.hr\/en\/wp-json\/wp\/v2\/types\/product"}],"wp:featuredmedia":[{"embeddable":true,"href":"https:\/\/cernelic.hr\/en\/wp-json\/wp\/v2\/media\/130715"}],"wp:attachment":[{"href":"https:\/\/cernelic.hr\/en\/wp-json\/wp\/v2\/media?parent=130739"}],"wp:term":[{"taxonomy":"product_brand","embeddable":true,"href":"https:\/\/cernelic.hr\/en\/wp-json\/wp\/v2\/product_brand?post=130739"},{"taxonomy":"product_cat","embeddable":true,"href":"https:\/\/cernelic.hr\/en\/wp-json\/wp\/v2\/product_cat?post=130739"},{"taxonomy":"product_tag","embeddable":true,"href":"https:\/\/cernelic.hr\/en\/wp-json\/wp\/v2\/product_tag?post=130739"},{"taxonomy":"berocket_brand","embeddable":true,"href":"https:\/\/cernelic.hr\/en\/wp-json\/wp\/v2\/berocket_brand?post=130739"}],"curies":[{"name":"wp","href":"https:\/\/api.w.org\/{rel}","templated":true}]}}