{"id":130740,"date":"2022-11-15T22:41:47","date_gmt":"2022-11-15T22:41:47","guid":{"rendered":"https:\/\/cernelic.hr\/proizvod\/130740\/"},"modified":"2023-12-08T13:18:36","modified_gmt":"2023-12-08T13:18:36","slug":"sussex-cupboard-by-punt-mobles","status":"publish","type":"product","link":"https:\/\/cernelic.hr\/en\/proizvod\/sussex-cupboard-by-punt-mobles\/","title":{"rendered":"SUSSEX Cupboard by Punt Mobles"},"content":{"rendered":"<p>Kolekcija komoda i TV klupa s ekskluzivnim dizajnom na prednjoj strani sastoji se od horizontalnih \u0161ipki koje skrivaju kompoziciju, a slu\u017ee i kao ru\u010dke za vrata i ladice. Komad namje\u0161taja koji le\u017ei na podno\u017eju, na podesivim no\u017eicama ili visi na dodatnim ure\u0111ajima za pri\u010dvr\u0161\u0107ivanje na zid. Elementi vrata uklju\u010duju policu podesive visine.<\/p>\n","protected":false},"excerpt":{"rendered":"<p>Kolekcija komoda i TV klupa s ekskluzivnim dizajnom na prednjoj strani sastoji se od horizontalnih \u0161ipki koje skrivaju kompoziciju, a slu\u017ee i kao ru\u010dke za vrata i ladice. Komad namje\u0161taja koji le\u017ei na podno\u017eju, na podesivim no\u017eicama ili visi na dodatnim ure\u0111ajima za pri\u010dvr\u0161\u0107ivanje na zid. Elementi vrata uklju\u010duju policu podesive visine.<\/p>\n","protected":false},"featured_media":130721,"template":"","meta":{"_acf_changed":false},"product_brand":[],"product_cat":[3344,3365,3366,3367,3345,3346],"product_tag":[],"berocket_brand":[3342],"class_list":{"0":"post-130740","1":"product","2":"type-product","3":"status-publish","4":"has-post-thumbnail","6":"product_cat-proizvodi-ormari-i-komode-komode-2","7":"product_cat-prostori-horeca-namjestaj-za-hotelske-sobe-prostori-uredi-namjestaj-za-odlaganje-i-arhiviranje-ormari-prostori-uredi-home-office-proizvodi-ormari-i-komode-komode-2","8":"product_cat-prostori-horeca-ormari-i-komode-prostori-horeca-namjestaj-za-hotelske-sobe-prostori-uredi-namjestaj-za-odlaganje-i-arhiviranje-ormari-prostori-uredi-home-office-proizvodi-ormari-i-komode-komode-2","9":"product_cat-prostori-rezidencijalni-ormari-i-komode-2","10":"product_cat-prostori-uredi-home-office-proizvodi-ormari-i-komode-komode-2","11":"product_cat-prostori-uredi-namjestaj-za-odlaganje-i-arhiviranje-ormari-prostori-uredi-home-office-proizvodi-ormari-i-komode-komode-2","12":"berocket_brand-punt-mobles","14":"first","15":"instock","16":"product-type-grouped"},"acf":[],"_links":{"self":[{"href":"https:\/\/cernelic.hr\/en\/wp-json\/wp\/v2\/product\/130740","targetHints":{"allow":["GET"]}}],"collection":[{"href":"https:\/\/cernelic.hr\/en\/wp-json\/wp\/v2\/product"}],"about":[{"href":"https:\/\/cernelic.hr\/en\/wp-json\/wp\/v2\/types\/product"}],"wp:featuredmedia":[{"embeddable":true,"href":"https:\/\/cernelic.hr\/en\/wp-json\/wp\/v2\/media\/130721"}],"wp:attachment":[{"href":"https:\/\/cernelic.hr\/en\/wp-json\/wp\/v2\/media?parent=130740"}],"wp:term":[{"taxonomy":"product_brand","embeddable":true,"href":"https:\/\/cernelic.hr\/en\/wp-json\/wp\/v2\/product_brand?post=130740"},{"taxonomy":"product_cat","embeddable":true,"href":"https:\/\/cernelic.hr\/en\/wp-json\/wp\/v2\/product_cat?post=130740"},{"taxonomy":"product_tag","embeddable":true,"href":"https:\/\/cernelic.hr\/en\/wp-json\/wp\/v2\/product_tag?post=130740"},{"taxonomy":"berocket_brand","embeddable":true,"href":"https:\/\/cernelic.hr\/en\/wp-json\/wp\/v2\/berocket_brand?post=130740"}],"curies":[{"name":"wp","href":"https:\/\/api.w.org\/{rel}","templated":true}]}}