{"id":130741,"date":"2022-11-15T22:41:47","date_gmt":"2022-11-15T22:41:47","guid":{"rendered":"https:\/\/cernelic.hr\/proizvod\/130741\/"},"modified":"2023-12-08T13:16:33","modified_gmt":"2023-12-08T13:16:33","slug":"hug-chairs-by-punt-mobles","status":"publish","type":"product","link":"https:\/\/cernelic.hr\/en\/proizvod\/hug-chairs-by-punt-mobles\/","title":{"rendered":"HUG Chairs by Punt Mobles"},"content":{"rendered":"<p>Vrhunsko drvo i metali zajedno s mekim tekstilom i podstavom opisuju svestranost i ljepotu za osobni i profesionalni \u017eivot. Neodoljivo rasko\u0161an osjetilni do\u017eivljaj koji \u0107e inspirirati nove ideje za ure\u0111enje.<\/p>\n","protected":false},"excerpt":{"rendered":"<p>Vrhunsko drvo i metali zajedno s mekim tekstilom i podstavom opisuju svestranost i ljepotu za osobni i profesionalni \u017eivot. Neodoljivo rasko\u0161an osjetilni do\u017eivljaj koji \u0107e inspirirati nove ideje za ure\u0111enje.<\/p>\n","protected":false},"featured_media":130697,"template":"","meta":{"_acf_changed":false},"product_brand":[],"product_cat":[3369,3370,3371,3372,3374,3376,3375,3373],"product_tag":[],"berocket_brand":[3342],"class_list":{"0":"post-130741","1":"product","2":"type-product","3":"status-publish","4":"has-post-thumbnail","6":"product_cat-proizvodi-stolice-radne-stolice-2","7":"product_cat-proizvodi-stolice-stolice-za-cekaonice-proizvodi-stolice-radne-stolice-2","8":"product_cat-proizvodi-stolice-stolice-za-sastanke-proizvodi-stolice-stolice-za-cekaonice-proizvodi-stolice-radne-stolice-2","9":"product_cat-proizvodi-stolice-stolice-za-unutarnje-prostore-proizvodi-stolice-stolice-za-sastanke-proizvodi-stolice-stolice-za-cekaonice-proizvodi-stolice-radne-stolice-2","10":"product_cat-prostori-horeca-stolice-za-unutarnje-prostore-2","11":"product_cat-prostori-javni-stolice-za-unutarnje-prostore-prostori-rezidencijalni-stolice-za-unutarnje-prostore-prostori-horeca-stolice-za-unutarnje-prostore-2","12":"product_cat-prostori-rezidencijalni-stolice-za-unutarnje-prostore-prostori-horeca-stolice-za-unutarnje-prostore-2","13":"product_cat-prostori-uredi-radne-stolice-proizvodi-stolice-stolice-za-unutarnje-prostore-proizvodi-stolice-stolice-za-sastanke-proizvodi-stolice-stolice-za-cekaonice-proizvodi-stolice-radne-stolice-2","14":"berocket_brand-punt-mobles","16":"first","17":"instock","18":"product-type-grouped"},"acf":[],"_links":{"self":[{"href":"https:\/\/cernelic.hr\/en\/wp-json\/wp\/v2\/product\/130741","targetHints":{"allow":["GET"]}}],"collection":[{"href":"https:\/\/cernelic.hr\/en\/wp-json\/wp\/v2\/product"}],"about":[{"href":"https:\/\/cernelic.hr\/en\/wp-json\/wp\/v2\/types\/product"}],"wp:featuredmedia":[{"embeddable":true,"href":"https:\/\/cernelic.hr\/en\/wp-json\/wp\/v2\/media\/130697"}],"wp:attachment":[{"href":"https:\/\/cernelic.hr\/en\/wp-json\/wp\/v2\/media?parent=130741"}],"wp:term":[{"taxonomy":"product_brand","embeddable":true,"href":"https:\/\/cernelic.hr\/en\/wp-json\/wp\/v2\/product_brand?post=130741"},{"taxonomy":"product_cat","embeddable":true,"href":"https:\/\/cernelic.hr\/en\/wp-json\/wp\/v2\/product_cat?post=130741"},{"taxonomy":"product_tag","embeddable":true,"href":"https:\/\/cernelic.hr\/en\/wp-json\/wp\/v2\/product_tag?post=130741"},{"taxonomy":"berocket_brand","embeddable":true,"href":"https:\/\/cernelic.hr\/en\/wp-json\/wp\/v2\/berocket_brand?post=130741"}],"curies":[{"name":"wp","href":"https:\/\/api.w.org\/{rel}","templated":true}]}}