{"id":130745,"date":"2022-11-15T22:42:22","date_gmt":"2022-11-15T22:42:22","guid":{"rendered":"https:\/\/cernelic.hr\/proizvod\/130745\/"},"modified":"2024-02-05T14:01:28","modified_gmt":"2024-02-05T14:01:28","slug":"nucleo-table-by-punt-mobles","status":"publish","type":"product","link":"https:\/\/cernelic.hr\/en\/proizvod\/nucleo-table-by-punt-mobles\/","title":{"rendered":"NUCLEO Table by Punt Mobles"},"content":{"rendered":"<p>Kolekcija le\u017eernih restoranskih stolova, \u010dija je jedinstvenost u &#8220;jezgri&#8221; koja prikazuje boju strukture u svojoj plo\u010di stola.<\/p>\n","protected":false},"excerpt":{"rendered":"<p>Kolekcija le\u017eernih restoranskih stolova, \u010dija je jedinstvenost u &#8220;jezgri&#8221; koja prikazuje boju strukture u svojoj plo\u010di stola.<\/p>\n","protected":false},"featured_media":130705,"template":"","meta":{"_acf_changed":false},"product_brand":[],"product_cat":[3397,3398,3400,3399],"product_tag":[],"berocket_brand":[3342],"class_list":{"0":"post-130745","1":"product","2":"type-product","3":"status-publish","4":"has-post-thumbnail","6":"product_cat-proizvodi-stolovi-stolovi-za-unutarnje-prostore-2","7":"product_cat-prostori-horeca-stolovi-za-unutarnje-prostore-proizvodi-stolovi-stolovi-za-unutarnje-prostore-2","8":"product_cat-prostori-javni-stolovi-za-unutarnje-prostore-prostori-rezidencijalni-stolovi-za-unutarnje-prostore-prostori-horeca-stolovi-za-unutarnje-prostore-proizvodi-stolovi-stolovi-za-unutarnje-prostore-2","9":"product_cat-prostori-rezidencijalni-stolovi-za-unutarnje-prostore-prostori-horeca-stolovi-za-unutarnje-prostore-proizvodi-stolovi-stolovi-za-unutarnje-prostore-2","10":"berocket_brand-punt-mobles","12":"first","13":"instock","14":"product-type-grouped"},"acf":[],"_links":{"self":[{"href":"https:\/\/cernelic.hr\/en\/wp-json\/wp\/v2\/product\/130745","targetHints":{"allow":["GET"]}}],"collection":[{"href":"https:\/\/cernelic.hr\/en\/wp-json\/wp\/v2\/product"}],"about":[{"href":"https:\/\/cernelic.hr\/en\/wp-json\/wp\/v2\/types\/product"}],"wp:featuredmedia":[{"embeddable":true,"href":"https:\/\/cernelic.hr\/en\/wp-json\/wp\/v2\/media\/130705"}],"wp:attachment":[{"href":"https:\/\/cernelic.hr\/en\/wp-json\/wp\/v2\/media?parent=130745"}],"wp:term":[{"taxonomy":"product_brand","embeddable":true,"href":"https:\/\/cernelic.hr\/en\/wp-json\/wp\/v2\/product_brand?post=130745"},{"taxonomy":"product_cat","embeddable":true,"href":"https:\/\/cernelic.hr\/en\/wp-json\/wp\/v2\/product_cat?post=130745"},{"taxonomy":"product_tag","embeddable":true,"href":"https:\/\/cernelic.hr\/en\/wp-json\/wp\/v2\/product_tag?post=130745"},{"taxonomy":"berocket_brand","embeddable":true,"href":"https:\/\/cernelic.hr\/en\/wp-json\/wp\/v2\/berocket_brand?post=130745"}],"curies":[{"name":"wp","href":"https:\/\/api.w.org\/{rel}","templated":true}]}}