{"id":130746,"date":"2022-11-15T22:42:22","date_gmt":"2022-11-15T22:42:22","guid":{"rendered":"https:\/\/cernelic.hr\/proizvod\/130746\/"},"modified":"2023-12-08T13:18:12","modified_gmt":"2023-12-08T13:18:12","slug":"stockholm-tables-by-punt-mobles","status":"publish","type":"product","link":"https:\/\/cernelic.hr\/en\/proizvod\/stockholm-tables-by-punt-mobles\/","title":{"rendered":"STOCKHOLM Tables by Punt Mobles"},"content":{"rendered":"<p>Kultna komoda iz Stockholma nadahnjuje stol za istu kolekciju. Nje\u017ean i sofisticiran spoj izme\u0111u plemenitog drva i elegantnih boja anodiziranog aluminija \u010dini Stockholm stol posebno \u0161armantnim. Elegantne spojnice i stol dizajniran za izradu po mjeri zaokru\u017euju na\u0161u ponudu.<\/p>\n","protected":false},"excerpt":{"rendered":"<p>Kultna komoda iz Stockholma nadahnjuje stol za istu kolekciju. Nje\u017ean i sofisticiran spoj izme\u0111u plemenitog drva i elegantnih boja anodiziranog aluminija \u010dini Stockholm stol posebno \u0161armantnim. Elegantne spojnice i stol dizajniran za izradu po mjeri zaokru\u017euju na\u0161u ponudu.<\/p>\n","protected":false},"featured_media":130713,"template":"","meta":{"_acf_changed":false},"product_brand":[],"product_cat":[3385,3401,3402,3403,3404,3405,3406],"product_tag":[],"berocket_brand":[3342],"class_list":{"0":"post-130746","1":"product","2":"type-product","3":"status-publish","4":"has-post-thumbnail","6":"product_cat-proizvodi-stolovi-niski-stolovi-za-unutarnje-prostore-2","7":"product_cat-proizvodi-stolovi-stolovi-za-kucni-ured-proizvodi-stolovi-niski-stolovi-za-unutarnje-prostore-2","8":"product_cat-proizvodi-stolovi-stolovi-za-sastanke-i-konferencije-proizvodi-stolovi-stolovi-za-kucni-ured-proizvodi-stolovi-niski-stolovi-za-unutarnje-prostore-2","9":"product_cat-proizvodi-stolovi-stolovi-za-unutarnje-prostore-proizvodi-stolovi-stolovi-za-sastanke-i-konferencije-proizvodi-stolovi-stolovi-za-kucni-ured-proizvodi-stolovi-niski-stolovi-za-unutarnje-prostore-2","10":"product_cat-prostori-horeca-stolovi-za-unutarnje-prostore-2","11":"product_cat-prostori-rezidencijalni-niski-klubski-stolici-za-unutarnje-prostore-prostori-horeca-stolovi-za-unutarnje-prostore-2","12":"product_cat-prostori-rezidencijalni-stolovi-za-unutarnje-prostore-prostori-rezidencijalni-niski-klubski-stolici-za-unutarnje-prostore-prostori-horeca-stolovi-za-unutarnje-prostore-2","13":"berocket_brand-punt-mobles","15":"first","16":"instock","17":"product-type-grouped"},"acf":[],"_links":{"self":[{"href":"https:\/\/cernelic.hr\/en\/wp-json\/wp\/v2\/product\/130746","targetHints":{"allow":["GET"]}}],"collection":[{"href":"https:\/\/cernelic.hr\/en\/wp-json\/wp\/v2\/product"}],"about":[{"href":"https:\/\/cernelic.hr\/en\/wp-json\/wp\/v2\/types\/product"}],"wp:featuredmedia":[{"embeddable":true,"href":"https:\/\/cernelic.hr\/en\/wp-json\/wp\/v2\/media\/130713"}],"wp:attachment":[{"href":"https:\/\/cernelic.hr\/en\/wp-json\/wp\/v2\/media?parent=130746"}],"wp:term":[{"taxonomy":"product_brand","embeddable":true,"href":"https:\/\/cernelic.hr\/en\/wp-json\/wp\/v2\/product_brand?post=130746"},{"taxonomy":"product_cat","embeddable":true,"href":"https:\/\/cernelic.hr\/en\/wp-json\/wp\/v2\/product_cat?post=130746"},{"taxonomy":"product_tag","embeddable":true,"href":"https:\/\/cernelic.hr\/en\/wp-json\/wp\/v2\/product_tag?post=130746"},{"taxonomy":"berocket_brand","embeddable":true,"href":"https:\/\/cernelic.hr\/en\/wp-json\/wp\/v2\/berocket_brand?post=130746"}],"curies":[{"name":"wp","href":"https:\/\/api.w.org\/{rel}","templated":true}]}}