{"id":130747,"date":"2022-11-15T22:42:22","date_gmt":"2022-11-15T22:42:22","guid":{"rendered":"https:\/\/cernelic.hr\/proizvod\/130747\/"},"modified":"2023-12-08T13:18:10","modified_gmt":"2023-12-08T13:18:10","slug":"stockholm-chest-of-drawers-by-punt-mobles","status":"publish","type":"product","link":"https:\/\/cernelic.hr\/en\/proizvod\/stockholm-chest-of-drawers-by-punt-mobles\/","title":{"rendered":"STOCKHOLM Chest of drawers by Punt Mobles"},"content":{"rendered":"<p>Kolekcija regala, komoda i TV klupa, dobitnica nagrade Red Dot 2015., s jedinstvenom aluminijskom zavr\u0161nom obradom na gornjoj povr\u0161ini.<br \/>\nKomad namje\u0161taja oslonjen na postolje, na podesive no\u017eice ili visi na dodatnim ure\u0111ajima za pri\u010dvr\u0161\u0107ivanje na zid.<br \/>\nElementi vrata uklju\u010duju policu podesive visine. Opcija za izlaz kabela je mogu\u0107a.<\/p>\n","protected":false},"excerpt":{"rendered":"<p>Kolekcija regala, komoda i TV klupa, dobitnica nagrade Red Dot 2015., s jedinstvenom aluminijskom zavr\u0161nom obradom na gornjoj povr\u0161ini. Komad namje\u0161taja oslonjen na postolje, na podesive no\u017eice ili visi na dodatnim ure\u0111ajima za pri\u010dvr\u0161\u0107ivanje na zid. Elementi vrata uklju\u010duju policu podesive visine. Opcija za izlaz kabela je mogu\u0107a.<\/p>\n","protected":false},"featured_media":130712,"template":"","meta":{"_acf_changed":false},"product_brand":[],"product_cat":[3407,3408,3409],"product_tag":[],"berocket_brand":[3342],"class_list":{"0":"post-130747","1":"product","2":"type-product","3":"status-publish","4":"has-post-thumbnail","6":"product_cat-proizvodi-ormari-i-komode-ladicari-2","7":"product_cat-prostori-horeca-ormari-i-komode-proizvodi-ormari-i-komode-ladicari-2","8":"product_cat-prostori-rezidencijalni-ormari-i-komode-prostori-horeca-ormari-i-komode-proizvodi-ormari-i-komode-ladicari-2","9":"berocket_brand-punt-mobles","11":"first","12":"instock","13":"product-type-grouped"},"acf":[],"_links":{"self":[{"href":"https:\/\/cernelic.hr\/en\/wp-json\/wp\/v2\/product\/130747","targetHints":{"allow":["GET"]}}],"collection":[{"href":"https:\/\/cernelic.hr\/en\/wp-json\/wp\/v2\/product"}],"about":[{"href":"https:\/\/cernelic.hr\/en\/wp-json\/wp\/v2\/types\/product"}],"wp:featuredmedia":[{"embeddable":true,"href":"https:\/\/cernelic.hr\/en\/wp-json\/wp\/v2\/media\/130712"}],"wp:attachment":[{"href":"https:\/\/cernelic.hr\/en\/wp-json\/wp\/v2\/media?parent=130747"}],"wp:term":[{"taxonomy":"product_brand","embeddable":true,"href":"https:\/\/cernelic.hr\/en\/wp-json\/wp\/v2\/product_brand?post=130747"},{"taxonomy":"product_cat","embeddable":true,"href":"https:\/\/cernelic.hr\/en\/wp-json\/wp\/v2\/product_cat?post=130747"},{"taxonomy":"product_tag","embeddable":true,"href":"https:\/\/cernelic.hr\/en\/wp-json\/wp\/v2\/product_tag?post=130747"},{"taxonomy":"berocket_brand","embeddable":true,"href":"https:\/\/cernelic.hr\/en\/wp-json\/wp\/v2\/berocket_brand?post=130747"}],"curies":[{"name":"wp","href":"https:\/\/api.w.org\/{rel}","templated":true}]}}