{"id":130748,"date":"2022-11-15T22:42:22","date_gmt":"2022-11-15T22:42:22","guid":{"rendered":"https:\/\/cernelic.hr\/proizvod\/130748\/"},"modified":"2023-12-08T13:17:49","modified_gmt":"2023-12-08T13:17:49","slug":"malmo-bedside-table-by-punt-mobles","status":"publish","type":"product","link":"https:\/\/cernelic.hr\/en\/proizvod\/malmo-bedside-table-by-punt-mobles\/","title":{"rendered":"MALMO Bedside table by Punt Mobles"},"content":{"rendered":"<p>Nova kolekcija Maria Ruiza omogu\u0107uje vam da otkrijete, kao \u0161to to rade speleolozi, prostor u kojem kolekcija komoda okuplja razli\u010dite slojeve razli\u010ditih materijala.<br \/>\nDragocjeni materijali proizlaze iz delikatnih drvenih krivulja i postaju glavni igra\u010di inspiriraju\u0107i nove ideje za ure\u0111enje.<\/p>\n","protected":false},"excerpt":{"rendered":"<p>Nova kolekcija Maria Ruiza omogu\u0107uje vam da otkrijete, kao \u0161to to rade speleolozi, prostor u kojem kolekcija komoda okuplja razli\u010dite slojeve razli\u010ditih materijala. Dragocjeni materijali proizlaze iz delikatnih drvenih krivulja i postaju glavni igra\u010di inspiriraju\u0107i nove ideje za ure\u0111enje.<\/p>\n","protected":false},"featured_media":130700,"template":"","meta":{"_acf_changed":false},"product_brand":[],"product_cat":[3407,3408,3409],"product_tag":[],"berocket_brand":[3342],"class_list":{"0":"post-130748","1":"product","2":"type-product","3":"status-publish","4":"has-post-thumbnail","6":"product_cat-proizvodi-ormari-i-komode-ladicari-2","7":"product_cat-prostori-horeca-ormari-i-komode-proizvodi-ormari-i-komode-ladicari-2","8":"product_cat-prostori-rezidencijalni-ormari-i-komode-prostori-horeca-ormari-i-komode-proizvodi-ormari-i-komode-ladicari-2","9":"berocket_brand-punt-mobles","11":"first","12":"instock","13":"product-type-grouped"},"acf":[],"_links":{"self":[{"href":"https:\/\/cernelic.hr\/en\/wp-json\/wp\/v2\/product\/130748","targetHints":{"allow":["GET"]}}],"collection":[{"href":"https:\/\/cernelic.hr\/en\/wp-json\/wp\/v2\/product"}],"about":[{"href":"https:\/\/cernelic.hr\/en\/wp-json\/wp\/v2\/types\/product"}],"wp:featuredmedia":[{"embeddable":true,"href":"https:\/\/cernelic.hr\/en\/wp-json\/wp\/v2\/media\/130700"}],"wp:attachment":[{"href":"https:\/\/cernelic.hr\/en\/wp-json\/wp\/v2\/media?parent=130748"}],"wp:term":[{"taxonomy":"product_brand","embeddable":true,"href":"https:\/\/cernelic.hr\/en\/wp-json\/wp\/v2\/product_brand?post=130748"},{"taxonomy":"product_cat","embeddable":true,"href":"https:\/\/cernelic.hr\/en\/wp-json\/wp\/v2\/product_cat?post=130748"},{"taxonomy":"product_tag","embeddable":true,"href":"https:\/\/cernelic.hr\/en\/wp-json\/wp\/v2\/product_tag?post=130748"},{"taxonomy":"berocket_brand","embeddable":true,"href":"https:\/\/cernelic.hr\/en\/wp-json\/wp\/v2\/berocket_brand?post=130748"}],"curies":[{"name":"wp","href":"https:\/\/api.w.org\/{rel}","templated":true}]}}