{"id":130749,"date":"2022-11-15T22:42:22","date_gmt":"2022-11-15T22:42:22","guid":{"rendered":"https:\/\/cernelic.hr\/proizvod\/130749\/"},"modified":"2023-12-08T13:18:08","modified_gmt":"2023-12-08T13:18:08","slug":"stockholm-bedside-table-by-punt-mobles","status":"publish","type":"product","link":"https:\/\/cernelic.hr\/en\/proizvod\/stockholm-bedside-table-by-punt-mobles\/","title":{"rendered":"STOCKHOLM Bedside table by Punt Mobles"},"content":{"rendered":"<p>Kolekcija pomo\u0107nih stoli\u0107a, produ\u017eetak Stockholm kolekcije komoda, dobitnika nagrade Red Dot 2015., prepoznatljivih po svom elegantnom izgledu zahvaljuju\u0107i aluminijskoj presvlaci na vrhu od 3 mm. Ovi stoli\u0107i dostupni su i s drvenom plo\u010dom.<br \/>\nKolekcija uklju\u010duje ve\u0107i stoli\u0107 s drvenom zavr\u0161nom obradom.<\/p>\n","protected":false},"excerpt":{"rendered":"<p>Kolekcija pomo\u0107nih stoli\u0107a, produ\u017eetak Stockholm kolekcije komoda, dobitnika nagrade Red Dot 2015., prepoznatljivih po svom elegantnom izgledu zahvaljuju\u0107i aluminijskoj presvlaci na vrhu od 3 mm. Ovi stoli\u0107i dostupni su i s drvenom plo\u010dom. Kolekcija uklju\u010duje ve\u0107i stoli\u0107 s drvenom zavr\u0161nom obradom.<\/p>\n","protected":false},"featured_media":130711,"template":"","meta":{"_acf_changed":false},"product_brand":[],"product_cat":[3407,3408,3409],"product_tag":[],"berocket_brand":[3342],"class_list":{"0":"post-130749","1":"product","2":"type-product","3":"status-publish","4":"has-post-thumbnail","6":"product_cat-proizvodi-ormari-i-komode-ladicari-2","7":"product_cat-prostori-horeca-ormari-i-komode-proizvodi-ormari-i-komode-ladicari-2","8":"product_cat-prostori-rezidencijalni-ormari-i-komode-prostori-horeca-ormari-i-komode-proizvodi-ormari-i-komode-ladicari-2","9":"berocket_brand-punt-mobles","11":"first","12":"instock","13":"product-type-grouped"},"acf":[],"_links":{"self":[{"href":"https:\/\/cernelic.hr\/en\/wp-json\/wp\/v2\/product\/130749","targetHints":{"allow":["GET"]}}],"collection":[{"href":"https:\/\/cernelic.hr\/en\/wp-json\/wp\/v2\/product"}],"about":[{"href":"https:\/\/cernelic.hr\/en\/wp-json\/wp\/v2\/types\/product"}],"wp:featuredmedia":[{"embeddable":true,"href":"https:\/\/cernelic.hr\/en\/wp-json\/wp\/v2\/media\/130711"}],"wp:attachment":[{"href":"https:\/\/cernelic.hr\/en\/wp-json\/wp\/v2\/media?parent=130749"}],"wp:term":[{"taxonomy":"product_brand","embeddable":true,"href":"https:\/\/cernelic.hr\/en\/wp-json\/wp\/v2\/product_brand?post=130749"},{"taxonomy":"product_cat","embeddable":true,"href":"https:\/\/cernelic.hr\/en\/wp-json\/wp\/v2\/product_cat?post=130749"},{"taxonomy":"product_tag","embeddable":true,"href":"https:\/\/cernelic.hr\/en\/wp-json\/wp\/v2\/product_tag?post=130749"},{"taxonomy":"berocket_brand","embeddable":true,"href":"https:\/\/cernelic.hr\/en\/wp-json\/wp\/v2\/berocket_brand?post=130749"}],"curies":[{"name":"wp","href":"https:\/\/api.w.org\/{rel}","templated":true}]}}