{"id":130754,"date":"2022-11-15T22:42:22","date_gmt":"2022-11-15T22:42:22","guid":{"rendered":"https:\/\/cernelic.hr\/proizvod\/130754\/"},"modified":"2023-12-08T13:16:26","modified_gmt":"2023-12-08T13:16:26","slug":"elx-hangers-by-punt-mobles","status":"publish","type":"product","link":"https:\/\/cernelic.hr\/en\/proizvod\/elx-hangers-by-punt-mobles\/","title":{"rendered":"ELX hangers by Punt Mobles"},"content":{"rendered":"<p>Izvorni dizajn ovih vje\u0161alica jo\u0161 uvijek je mamac za mnoge klijente. Jedna vje\u0161alica ili okomiti stalak pri\u010dvr\u0161\u0107en na zid. Ambala\u017ea je ujedno i predlo\u017eak za njegovu monta\u017eu.<\/p>\n","protected":false},"excerpt":{"rendered":"<p>Izvorni dizajn ovih vje\u0161alica jo\u0161 uvijek je mamac za mnoge klijente. Jedna vje\u0161alica ili okomiti stalak pri\u010dvr\u0161\u0107en na zid. Ambala\u017ea je ujedno i predlo\u017eak za njegovu monta\u017eu.<\/p>\n","protected":false},"featured_media":130693,"template":"","meta":{"_acf_changed":false},"product_brand":[],"product_cat":[3417,3418,3422,3420,3421,3419],"product_tag":[],"berocket_brand":[3342],"class_list":{"0":"post-130754","1":"product","2":"type-product","3":"status-publish","4":"has-post-thumbnail","6":"product_cat-proizvodi-accessories-proizvodi-accessories-accessories-za-unutarnje-prostore","7":"product_cat-proizvodi-namjestaj-za-urede-accessories-proizvodi-accessories-proizvodi-accessories-accessories-za-unutarnje-prostore","8":"product_cat-prostori-dvorane-accessories-prostori-javni-accessories-2","9":"product_cat-prostori-horeca-accessories-prostori-uredi-accessories-proizvodi-namjestaj-za-urede-accessories-proizvodi-accessories-proizvodi-accessories-accessories-za-unutarnje-prostore","10":"product_cat-prostori-javni-accessories-2","11":"product_cat-prostori-uredi-accessories-proizvodi-namjestaj-za-urede-accessories-proizvodi-accessories-proizvodi-accessories-accessories-za-unutarnje-prostore","12":"berocket_brand-punt-mobles","14":"first","15":"instock","16":"product-type-grouped"},"acf":[],"_links":{"self":[{"href":"https:\/\/cernelic.hr\/en\/wp-json\/wp\/v2\/product\/130754","targetHints":{"allow":["GET"]}}],"collection":[{"href":"https:\/\/cernelic.hr\/en\/wp-json\/wp\/v2\/product"}],"about":[{"href":"https:\/\/cernelic.hr\/en\/wp-json\/wp\/v2\/types\/product"}],"wp:featuredmedia":[{"embeddable":true,"href":"https:\/\/cernelic.hr\/en\/wp-json\/wp\/v2\/media\/130693"}],"wp:attachment":[{"href":"https:\/\/cernelic.hr\/en\/wp-json\/wp\/v2\/media?parent=130754"}],"wp:term":[{"taxonomy":"product_brand","embeddable":true,"href":"https:\/\/cernelic.hr\/en\/wp-json\/wp\/v2\/product_brand?post=130754"},{"taxonomy":"product_cat","embeddable":true,"href":"https:\/\/cernelic.hr\/en\/wp-json\/wp\/v2\/product_cat?post=130754"},{"taxonomy":"product_tag","embeddable":true,"href":"https:\/\/cernelic.hr\/en\/wp-json\/wp\/v2\/product_tag?post=130754"},{"taxonomy":"berocket_brand","embeddable":true,"href":"https:\/\/cernelic.hr\/en\/wp-json\/wp\/v2\/berocket_brand?post=130754"}],"curies":[{"name":"wp","href":"https:\/\/api.w.org\/{rel}","templated":true}]}}