{"id":130755,"date":"2022-11-15T22:42:22","date_gmt":"2022-11-15T22:42:22","guid":{"rendered":"https:\/\/cernelic.hr\/proizvod\/130755\/"},"modified":"2023-12-08T13:16:28","modified_gmt":"2023-12-08T13:16:28","slug":"ernest-desk-by-punt-mobles","status":"publish","type":"product","link":"https:\/\/cernelic.hr\/en\/proizvod\/ernest-desk-by-punt-mobles\/","title":{"rendered":"ERNEST Desk by Punt Mobles"},"content":{"rendered":"<p>Ovaj stol, finalist za nagrade Delta 2013, spaja moderne obrise i funkcije zajedno s detaljima pro\u0161lih vremena. Njegova veli\u010dina i proporcije \u010dine ga savr\u0161enim za male prostore. Poklopac omogu\u0107ava pristup prostoru u koji se mogu pohraniti sitni predmeti koji nas vra\u010daju na sje\u0107anja iz pro\u0161losti.<\/p>\n","protected":false},"excerpt":{"rendered":"<p>Ovaj stol, finalist za nagrade Delta 2013, spaja moderne obrise i funkcije zajedno s detaljima pro\u0161lih vremena. Njegova veli\u010dina i proporcije \u010dine ga savr\u0161enim za male prostore. Poklopac omogu\u0107ava pristup prostoru u koji se mogu pohraniti sitni predmeti koji nas vra\u010daju na sje\u0107anja iz pro\u0161losti.<\/p>\n","protected":false},"featured_media":130694,"template":"","meta":{"_acf_changed":false},"product_brand":[],"product_cat":[3390,3423,3425,3348,3426,3424],"product_tag":[],"berocket_brand":[3342],"class_list":{"0":"post-130755","1":"product","2":"type-product","3":"status-publish","4":"has-post-thumbnail","6":"product_cat-proizvodi-stolovi-stolovi-za-kucni-ured-2","7":"product_cat-proizvodi-stolovi-stolovi-za-unutarnje-prostore-proizvodi-stolovi-stolovi-za-kucni-ured-2","8":"product_cat-prostori-horeca-namjestaj-za-hotelske-sobe-prostori-uredi-home-office-proizvodi-stolovi-stolovi-za-unutarnje-prostore-proizvodi-stolovi-stolovi-za-kucni-ured-2","9":"product_cat-prostori-rezidencijalni-namjestaj-za-kucni-ured-2","10":"product_cat-prostori-rezidencijalni-stolovi-za-unutarnje-prostore-prostori-rezidencijalni-namjestaj-za-kucni-ured-2","11":"product_cat-prostori-uredi-home-office-proizvodi-stolovi-stolovi-za-unutarnje-prostore-proizvodi-stolovi-stolovi-za-kucni-ured-2","12":"berocket_brand-punt-mobles","14":"first","15":"instock","16":"product-type-grouped"},"acf":[],"_links":{"self":[{"href":"https:\/\/cernelic.hr\/en\/wp-json\/wp\/v2\/product\/130755","targetHints":{"allow":["GET"]}}],"collection":[{"href":"https:\/\/cernelic.hr\/en\/wp-json\/wp\/v2\/product"}],"about":[{"href":"https:\/\/cernelic.hr\/en\/wp-json\/wp\/v2\/types\/product"}],"wp:featuredmedia":[{"embeddable":true,"href":"https:\/\/cernelic.hr\/en\/wp-json\/wp\/v2\/media\/130694"}],"wp:attachment":[{"href":"https:\/\/cernelic.hr\/en\/wp-json\/wp\/v2\/media?parent=130755"}],"wp:term":[{"taxonomy":"product_brand","embeddable":true,"href":"https:\/\/cernelic.hr\/en\/wp-json\/wp\/v2\/product_brand?post=130755"},{"taxonomy":"product_cat","embeddable":true,"href":"https:\/\/cernelic.hr\/en\/wp-json\/wp\/v2\/product_cat?post=130755"},{"taxonomy":"product_tag","embeddable":true,"href":"https:\/\/cernelic.hr\/en\/wp-json\/wp\/v2\/product_tag?post=130755"},{"taxonomy":"berocket_brand","embeddable":true,"href":"https:\/\/cernelic.hr\/en\/wp-json\/wp\/v2\/berocket_brand?post=130755"}],"curies":[{"name":"wp","href":"https:\/\/api.w.org\/{rel}","templated":true}]}}