{"id":130756,"date":"2022-11-15T22:42:22","date_gmt":"2022-11-15T22:42:22","guid":{"rendered":"https:\/\/cernelic.hr\/proizvod\/130756\/"},"modified":"2023-12-08T13:18:17","modified_gmt":"2023-12-08T13:18:17","slug":"stockholm-desk-console-by-punt-mobles","status":"publish","type":"product","link":"https:\/\/cernelic.hr\/en\/proizvod\/stockholm-desk-console-by-punt-mobles\/","title":{"rendered":"STOCKHOLM Desk-Console by Punt Mobles"},"content":{"rendered":"<p>Kolekcija regala, komoda i TV klupa, dobitnica nagrade Red Dot 2015., s jedinstvenom aluminijskom zavr\u0161nom obradom na gornjoj povr\u0161ini.<br \/>\nKomad namje\u0161taja naslonjen na postolje, na podesive no\u017eice ili visi na izbornim ure\u0111ajima za pri\u010dvr\u0161\u0107ivanje na zid.<\/p>\n","protected":false},"excerpt":{"rendered":"<p>Kolekcija regala, komoda i TV klupa, dobitnica nagrade Red Dot 2015., s jedinstvenom aluminijskom zavr\u0161nom obradom na gornjoj povr\u0161ini. Komad namje\u0161taja naslonjen na postolje, na podesive no\u017eice ili visi na izbornim ure\u0111ajima za pri\u010dvr\u0161\u0107ivanje na zid.<\/p>\n","protected":false},"featured_media":130716,"template":"","meta":{"_acf_changed":false},"product_brand":[],"product_cat":[3390,3423,3425,3348,3426,3424],"product_tag":[],"berocket_brand":[3342],"class_list":{"0":"post-130756","1":"product","2":"type-product","3":"status-publish","4":"has-post-thumbnail","6":"product_cat-proizvodi-stolovi-stolovi-za-kucni-ured-2","7":"product_cat-proizvodi-stolovi-stolovi-za-unutarnje-prostore-proizvodi-stolovi-stolovi-za-kucni-ured-2","8":"product_cat-prostori-horeca-namjestaj-za-hotelske-sobe-prostori-uredi-home-office-proizvodi-stolovi-stolovi-za-unutarnje-prostore-proizvodi-stolovi-stolovi-za-kucni-ured-2","9":"product_cat-prostori-rezidencijalni-namjestaj-za-kucni-ured-2","10":"product_cat-prostori-rezidencijalni-stolovi-za-unutarnje-prostore-prostori-rezidencijalni-namjestaj-za-kucni-ured-2","11":"product_cat-prostori-uredi-home-office-proizvodi-stolovi-stolovi-za-unutarnje-prostore-proizvodi-stolovi-stolovi-za-kucni-ured-2","12":"berocket_brand-punt-mobles","14":"first","15":"instock","16":"product-type-grouped"},"acf":[],"_links":{"self":[{"href":"https:\/\/cernelic.hr\/en\/wp-json\/wp\/v2\/product\/130756","targetHints":{"allow":["GET"]}}],"collection":[{"href":"https:\/\/cernelic.hr\/en\/wp-json\/wp\/v2\/product"}],"about":[{"href":"https:\/\/cernelic.hr\/en\/wp-json\/wp\/v2\/types\/product"}],"wp:featuredmedia":[{"embeddable":true,"href":"https:\/\/cernelic.hr\/en\/wp-json\/wp\/v2\/media\/130716"}],"wp:attachment":[{"href":"https:\/\/cernelic.hr\/en\/wp-json\/wp\/v2\/media?parent=130756"}],"wp:term":[{"taxonomy":"product_brand","embeddable":true,"href":"https:\/\/cernelic.hr\/en\/wp-json\/wp\/v2\/product_brand?post=130756"},{"taxonomy":"product_cat","embeddable":true,"href":"https:\/\/cernelic.hr\/en\/wp-json\/wp\/v2\/product_cat?post=130756"},{"taxonomy":"product_tag","embeddable":true,"href":"https:\/\/cernelic.hr\/en\/wp-json\/wp\/v2\/product_tag?post=130756"},{"taxonomy":"berocket_brand","embeddable":true,"href":"https:\/\/cernelic.hr\/en\/wp-json\/wp\/v2\/berocket_brand?post=130756"}],"curies":[{"name":"wp","href":"https:\/\/api.w.org\/{rel}","templated":true}]}}