{"id":130758,"date":"2022-11-15T22:42:22","date_gmt":"2022-11-15T22:42:22","guid":{"rendered":"https:\/\/cernelic.hr\/proizvod\/130758\/"},"modified":"2023-12-08T13:16:29","modified_gmt":"2023-12-08T13:16:29","slug":"gin-sofa-by-punt-mobles","status":"publish","type":"product","link":"https:\/\/cernelic.hr\/en\/proizvod\/gin-sofa-by-punt-mobles\/","title":{"rendered":"GIN Sofa by Punt Mobles"},"content":{"rendered":"<p>Kolekcija garnitura za sjedenje sa ili bez naslona za optimalan odmor kod ku\u0107e. Priklju\u010dci za sidrenje uklju\u010deni su za kompozicije.<\/p>\n","protected":false},"excerpt":{"rendered":"<p>Kolekcija garnitura za sjedenje sa ili bez naslona za optimalan odmor kod ku\u0107e. Priklju\u010dci za sidrenje uklju\u010deni su za kompozicije.<\/p>\n","protected":false},"featured_media":130695,"template":"","meta":{"_acf_changed":false},"product_brand":[],"product_cat":[3428,3433,3430,3432,3431,3429],"product_tag":[],"berocket_brand":[3342],"class_list":{"0":"post-130758","1":"product","2":"type-product","3":"status-publish","4":"has-post-thumbnail","6":"product_cat-proizvodi-fotelje-garniture-fotelje-i-garniture-unutarnje-prostore-2","7":"product_cat-prostori-dvorane-fotelje-i-garniture-za-unutarnje-prostore-prostori-javni-fotelje-i-garniture-unutarnje-prostore","8":"product_cat-prostori-horeca-fotelje-i-garniture-za-unutarnje-prostore-prostori-uredi-fotelje-i-garniture-za-sjedenje-proizvodi-fotelje-garniture-fotelje-i-garniture-unutarnje-prostore-2","9":"product_cat-prostori-javni-fotelje-i-garniture-unutarnje-prostore","10":"product_cat-prostori-rezidencijalni-fotelje-i-garniture-unutarnje-prostore","11":"product_cat-prostori-uredi-fotelje-i-garniture-za-sjedenje-proizvodi-fotelje-garniture-fotelje-i-garniture-unutarnje-prostore-2","12":"berocket_brand-punt-mobles","14":"first","15":"instock","16":"product-type-grouped"},"acf":[],"_links":{"self":[{"href":"https:\/\/cernelic.hr\/en\/wp-json\/wp\/v2\/product\/130758","targetHints":{"allow":["GET"]}}],"collection":[{"href":"https:\/\/cernelic.hr\/en\/wp-json\/wp\/v2\/product"}],"about":[{"href":"https:\/\/cernelic.hr\/en\/wp-json\/wp\/v2\/types\/product"}],"wp:featuredmedia":[{"embeddable":true,"href":"https:\/\/cernelic.hr\/en\/wp-json\/wp\/v2\/media\/130695"}],"wp:attachment":[{"href":"https:\/\/cernelic.hr\/en\/wp-json\/wp\/v2\/media?parent=130758"}],"wp:term":[{"taxonomy":"product_brand","embeddable":true,"href":"https:\/\/cernelic.hr\/en\/wp-json\/wp\/v2\/product_brand?post=130758"},{"taxonomy":"product_cat","embeddable":true,"href":"https:\/\/cernelic.hr\/en\/wp-json\/wp\/v2\/product_cat?post=130758"},{"taxonomy":"product_tag","embeddable":true,"href":"https:\/\/cernelic.hr\/en\/wp-json\/wp\/v2\/product_tag?post=130758"},{"taxonomy":"berocket_brand","embeddable":true,"href":"https:\/\/cernelic.hr\/en\/wp-json\/wp\/v2\/berocket_brand?post=130758"}],"curies":[{"name":"wp","href":"https:\/\/api.w.org\/{rel}","templated":true}]}}