{"id":42322,"date":"2020-10-12T09:55:07","date_gmt":"2020-10-12T09:55:07","guid":{"rendered":"https:\/\/cernelic.hr\/product\/plis-by-gandiablasco\/"},"modified":"2023-12-08T02:30:41","modified_gmt":"2023-12-08T02:30:41","slug":"plis-by-gandiablasco","status":"publish","type":"product","link":"https:\/\/cernelic.hr\/en\/proizvod\/plis-by-gandiablasco\/","title":{"rendered":"PLISY by Gandia Blasco"},"content":{"rendered":"<p>Gandiablasco \u201ePlisy\u201c dizajn zami\u0161ljen je kao prijenosna vanjska rasvjeta, ali mo\u017eete ju koristiti i u zatvorenom prostoru. Upotrijebite njenu bazu kako biste ju postavili blizu stola za blagovanje ili kuta za \u010ditanje, hodnika ili pored ulaza u ku\u0107u. Ova svjetiljka je savr\u0161ena ako nemate izvore svjetlosti u svom vanjskom prostoru. Koristite ru\u010dku da ju objesite kao zidnu svjetiljku ili postavite na podno\u017eje kao podnu svjetiljku. Postolje koje ide uz \u201ePlisy\u201c lampu mo\u017eete koristiti i za vje\u0161anje ne\u010deg drugog.<\/p>\n","protected":false},"excerpt":{"rendered":"<p>Gandiablasco \u201ePlisy\u201c dizajn zami\u0161ljen je kao prijenosna vanjska rasvjeta, ali mo\u017eete ju koristiti i u zatvorenom prostoru. Upotrijebite njenu bazu kako biste ju postavili blizu stola za blagovanje ili kuta za \u010ditanje, hodnika ili pored ulaza u ku\u0107u. Ova svjetiljka je savr\u0161ena ako nemate izvore svjetlosti u svom vanjskom prostoru. Koristite ru\u010dku da ju objesite [&hellip;]<\/p>\n","protected":false},"featured_media":91933,"template":"","meta":{"_acf_changed":false},"product_brand":[],"product_cat":[2111,2105,2513,2061,2201,2202,2068,2226,2203,2205,2206,2204,2200,2073],"product_tag":[],"berocket_brand":[1112],"class_list":{"0":"post-42322","1":"product","2":"type-product","3":"status-publish","4":"has-post-thumbnail","6":"product_cat-dvorane","7":"product_cat-javni","8":"product_cat-outdoor","9":"product_cat-proizvodi","10":"product_cat-proizvodi-rasvjeta-dekorativna-rasvjeta-za-unutarnje-prostore","11":"product_cat-proizvodi-rasvjeta-dekorativna-rasvjeta-za-vanjske-prostore","12":"product_cat-prostori","13":"product_cat-prostori-dvorane-rasvjeta","14":"product_cat-prostori-horeca-rasvjeta","15":"product_cat-prostori-javni-rasvjeta","16":"product_cat-prostori-outdoor-rasvjeta-za-vanjske-prostore","17":"product_cat-prostori-rezidencijalni-rasvjeta","18":"product_cat-rasvjeta","19":"product_cat-rezidencijalni","20":"berocket_brand-diabla-by-gandia-blasco","22":"first","23":"instock","24":"product-type-grouped"},"acf":[],"_links":{"self":[{"href":"https:\/\/cernelic.hr\/en\/wp-json\/wp\/v2\/product\/42322","targetHints":{"allow":["GET"]}}],"collection":[{"href":"https:\/\/cernelic.hr\/en\/wp-json\/wp\/v2\/product"}],"about":[{"href":"https:\/\/cernelic.hr\/en\/wp-json\/wp\/v2\/types\/product"}],"wp:featuredmedia":[{"embeddable":true,"href":"https:\/\/cernelic.hr\/en\/wp-json\/wp\/v2\/media\/91933"}],"wp:attachment":[{"href":"https:\/\/cernelic.hr\/en\/wp-json\/wp\/v2\/media?parent=42322"}],"wp:term":[{"taxonomy":"product_brand","embeddable":true,"href":"https:\/\/cernelic.hr\/en\/wp-json\/wp\/v2\/product_brand?post=42322"},{"taxonomy":"product_cat","embeddable":true,"href":"https:\/\/cernelic.hr\/en\/wp-json\/wp\/v2\/product_cat?post=42322"},{"taxonomy":"product_tag","embeddable":true,"href":"https:\/\/cernelic.hr\/en\/wp-json\/wp\/v2\/product_tag?post=42322"},{"taxonomy":"berocket_brand","embeddable":true,"href":"https:\/\/cernelic.hr\/en\/wp-json\/wp\/v2\/berocket_brand?post=42322"}],"curies":[{"name":"wp","href":"https:\/\/api.w.org\/{rel}","templated":true}]}}