{"id":54974,"date":"2020-10-15T16:25:29","date_gmt":"2020-10-15T16:25:29","guid":{"rendered":"https:\/\/cernelic.hr\/proizvod\/alya-executive-by-andreu-world\/"},"modified":"2023-12-08T04:12:25","modified_gmt":"2023-12-08T04:12:25","slug":"alya-executive-by-andreu-world","status":"publish","type":"product","link":"https:\/\/cernelic.hr\/en\/proizvod\/alya-executive-by-andreu-world\/","title":{"rendered":"ALYA EXECUTIVE by Andreu World"},"content":{"rendered":"<p>Na\u0161a amblemska kolekcija za opremanje uredskih prostora do\u017eivljava nove transformacije. \u201eAlya Executive\u201c \u0161iri svoje \u0161iroke opcije s novim verzijama naslonja\u010da karakteriziranih s dvije dimenzije le\u0111nih naslona \u2013 visokih i umjerenih \u2013 dostupnih potpuno tapeciranih s stra\u017enjim dijelom s furnirom od orahovog drva.<\/p>\n","protected":false},"excerpt":{"rendered":"<p>Na\u0161a amblemska kolekcija za opremanje uredskih prostora do\u017eivljava nove transformacije. \u201eAlya Executive\u201c \u0161iri svoje \u0161iroke opcije s novim verzijama naslonja\u010da karakteriziranih s dvije dimenzije le\u0111nih naslona \u2013 visokih i umjerenih \u2013 dostupnih potpuno tapeciranih s stra\u017enjim dijelom s furnirom od orahovog drva.<\/p>\n","protected":false},"featured_media":109388,"template":"","meta":{"_acf_changed":false},"product_brand":[],"product_cat":[2099,2105,2085,2061,2068,2098,2100,2109,2104,2093,2073,2087,2089,2113,2091,2092],"product_tag":[],"berocket_brand":[518],"class_list":{"0":"post-54974","1":"product","2":"type-product","3":"status-publish","4":"has-post-thumbnail","6":"product_cat-horeca-prostori-horeca","7":"product_cat-javni","8":"product_cat-namjestaj-za-urede","9":"product_cat-proizvodi","10":"product_cat-prostori","11":"product_cat-prostori-horeca","12":"product_cat-prostori-horeca-stolice-za-unutarnje-prostore","13":"product_cat-prostori-javni-stolice-za-unutarnje-prostore","14":"product_cat-prostori-rezidencijalni-stolice-za-unutarnje-prostore","15":"product_cat-prostori-uredi-stolice-za-sastanke","16":"product_cat-rezidencijalni","17":"product_cat-stolice","18":"product_cat-proizvodi-stolice-stolice-za-kongresne-dvorane","19":"product_cat-proizvodi-namjestaj-za-urede-stolice-za-sastanke","20":"product_cat-proizvodi-stolice-stolice-za-unutarnje-prostore","21":"product_cat-uredi","22":"berocket_brand-andreu-world","24":"first","25":"instock","26":"product-type-grouped"},"acf":[],"_links":{"self":[{"href":"https:\/\/cernelic.hr\/en\/wp-json\/wp\/v2\/product\/54974","targetHints":{"allow":["GET"]}}],"collection":[{"href":"https:\/\/cernelic.hr\/en\/wp-json\/wp\/v2\/product"}],"about":[{"href":"https:\/\/cernelic.hr\/en\/wp-json\/wp\/v2\/types\/product"}],"wp:featuredmedia":[{"embeddable":true,"href":"https:\/\/cernelic.hr\/en\/wp-json\/wp\/v2\/media\/109388"}],"wp:attachment":[{"href":"https:\/\/cernelic.hr\/en\/wp-json\/wp\/v2\/media?parent=54974"}],"wp:term":[{"taxonomy":"product_brand","embeddable":true,"href":"https:\/\/cernelic.hr\/en\/wp-json\/wp\/v2\/product_brand?post=54974"},{"taxonomy":"product_cat","embeddable":true,"href":"https:\/\/cernelic.hr\/en\/wp-json\/wp\/v2\/product_cat?post=54974"},{"taxonomy":"product_tag","embeddable":true,"href":"https:\/\/cernelic.hr\/en\/wp-json\/wp\/v2\/product_tag?post=54974"},{"taxonomy":"berocket_brand","embeddable":true,"href":"https:\/\/cernelic.hr\/en\/wp-json\/wp\/v2\/berocket_brand?post=54974"}],"curies":[{"name":"wp","href":"https:\/\/api.w.org\/{rel}","templated":true}]}}