{"id":92148,"date":"2021-03-19T12:05:24","date_gmt":"2021-03-19T12:05:24","guid":{"rendered":"https:\/\/cernelic.hr\/katalog\/Bez%20kategorije\/alya-by-andreu-world-2\/"},"modified":"2023-12-07T15:50:23","modified_gmt":"2023-12-07T15:50:23","slug":"alya-by-andreu-world","status":"publish","type":"product","link":"https:\/\/cernelic.hr\/en\/proizvod\/alya-by-andreu-world\/","title":{"rendered":"ALYA by Andreu World"},"content":{"rendered":"<p>\u201eAlya\u201c je kolekcija potpuno tapeciranih naslonja\u010da s postoljima od drva ili metala. Njihova umiruju\u0107a silueta obgrljuje tijelo, pozivaju\u0107i Vas da se opustite u njenoj formi. \u201eAyla\u201c je ro\u0111ena iz arhetipa salonske stolice, ali iz potpuno modernog gledi\u0161ta uklapaju\u0107i se u svaki dizajn interijera. Dizajn je razvijen iz ergonomske perspektive i prikladan je za ure\u0111enje stana ili ure\u0111enje ureda zahvaljuju\u0107i svojoj velikoj svestranosti i dvije opcije naslona za le\u0111a.<\/p>\n","protected":false},"excerpt":{"rendered":"<p>\u201eAlya\u201c je kolekcija potpuno tapeciranih naslonja\u010da s postoljima od drva ili metala. Njihova umiruju\u0107a silueta obgrljuje tijelo, pozivaju\u0107i Vas da se opustite u njenoj formi. \u201eAyla\u201c je ro\u0111ena iz arhetipa salonske stolice, ali iz potpuno modernog gledi\u0161ta uklapaju\u0107i se u svaki dizajn interijera. Dizajn je razvijen iz ergonomske perspektive i prikladan je za ure\u0111enje stana [&hellip;]<\/p>\n","protected":false},"featured_media":41172,"template":"","meta":{"_acf_changed":false},"product_brand":[],"product_cat":[2111,2062,2099,2105,2090,2085,2061,2083,2082,2086,2068,2098,2112,2110,2101,2102,2100,2108,2106,2109,2103,2104,2094,2095,2096,2093,2073,2087,2088,2089,2091,2092],"product_tag":[],"berocket_brand":[518],"class_list":{"0":"post-92148","1":"product","2":"type-product","3":"status-publish","4":"has-post-thumbnail","6":"product_cat-dvorane","7":"product_cat-fotelje-i-garniture-za-sjedenje","8":"product_cat-horeca-prostori-horeca","9":"product_cat-javni","10":"product_cat-proizvodi-stolice-stolice-za-sastanke","11":"product_cat-namjestaj-za-urede","12":"product_cat-proizvodi","13":"product_cat-proizvodi-fotelje-garniture-fotelje-i-garniture-za-cekaone-i-predprostore","14":"product_cat-proizvodi-fotelje-garniture-fotelje-i-garniture-unutarnje-prostore","15":"product_cat-proizvodi-namjestaj-za-urede-fotelje-garniture-za-neformalne-sastanke","16":"product_cat-prostori","17":"product_cat-prostori-horeca","18":"product_cat-prostori-dvorane-fotelje-i-garniture-za-vanjske-prostore","19":"product_cat-prostori-dvorane-namjestaj-za-ugostiteljstvo","20":"product_cat-prostori-horeca-fotelje-i-garniture-za-unutarnje-prostore","21":"product_cat-prostori-horeca-stolice-za-kongresne-dvorane","22":"product_cat-prostori-horeca-stolice-za-unutarnje-prostore","23":"product_cat-prostori-javni-fotelje-i-garniture-za-unutarnje-prostore","24":"product_cat-prostori-javni-kongresne-stolice","25":"product_cat-prostori-javni-stolice-za-unutarnje-prostore","26":"product_cat-prostori-rezidencijalni-fotelje-i-garniture-za-unutarnje-prostore","27":"product_cat-prostori-rezidencijalni-stolice-za-unutarnje-prostore","28":"product_cat-prostori-uredi-fotelje-i-garniture-za-sjedenje","29":"product_cat-prostori-uredi-namjestaj-za-neformalne-sastanke-i-druzenje","30":"product_cat-prostori-uredi-namjestaj-za-predprostore-i-cekaone","31":"product_cat-prostori-uredi-stolice-za-sastanke","32":"product_cat-rezidencijalni","33":"product_cat-stolice","34":"product_cat-proizvodi-stolice-stolice-za-cekaonice","35":"product_cat-proizvodi-stolice-stolice-za-kongresne-dvorane","36":"product_cat-proizvodi-stolice-stolice-za-unutarnje-prostore","37":"product_cat-uredi","38":"berocket_brand-andreu-world","40":"first","41":"instock","42":"product-type-grouped"},"acf":[],"_links":{"self":[{"href":"https:\/\/cernelic.hr\/en\/wp-json\/wp\/v2\/product\/92148","targetHints":{"allow":["GET"]}}],"collection":[{"href":"https:\/\/cernelic.hr\/en\/wp-json\/wp\/v2\/product"}],"about":[{"href":"https:\/\/cernelic.hr\/en\/wp-json\/wp\/v2\/types\/product"}],"wp:featuredmedia":[{"embeddable":true,"href":"https:\/\/cernelic.hr\/en\/wp-json\/wp\/v2\/media\/41172"}],"wp:attachment":[{"href":"https:\/\/cernelic.hr\/en\/wp-json\/wp\/v2\/media?parent=92148"}],"wp:term":[{"taxonomy":"product_brand","embeddable":true,"href":"https:\/\/cernelic.hr\/en\/wp-json\/wp\/v2\/product_brand?post=92148"},{"taxonomy":"product_cat","embeddable":true,"href":"https:\/\/cernelic.hr\/en\/wp-json\/wp\/v2\/product_cat?post=92148"},{"taxonomy":"product_tag","embeddable":true,"href":"https:\/\/cernelic.hr\/en\/wp-json\/wp\/v2\/product_tag?post=92148"},{"taxonomy":"berocket_brand","embeddable":true,"href":"https:\/\/cernelic.hr\/en\/wp-json\/wp\/v2\/berocket_brand?post=92148"}],"curies":[{"name":"wp","href":"https:\/\/api.w.org\/{rel}","templated":true}]}}