{"id":92150,"date":"2021-03-19T12:05:24","date_gmt":"2021-03-19T12:05:24","guid":{"rendered":"https:\/\/cernelic.hr\/katalog\/Bez%20kategorije\/anna-by-andreu-world-2\/"},"modified":"2023-12-07T15:50:24","modified_gmt":"2023-12-07T15:50:24","slug":"anna-by-andreu-world","status":"publish","type":"product","link":"https:\/\/cernelic.hr\/en\/proizvod\/anna-by-andreu-world\/","title":{"rendered":"ANNA by Andreu World"},"content":{"rendered":"<p>\u201eAnna\u201c obitelj sjedala, koja sadr\u017ei \u201eLounge\u201c, \u201eEasy Chair\u201c, \u201eCorporate\u201c i \u201eLuxe\u201c linije, dijeli zajedni\u010dki estetski jezik. Ona je elegantna opcija za salonske stolice, naslonja\u010de i garniture za sjedenje izra\u0111ene od \u010dvrstog bukvinog drva s upe\u010datljivim presvlakama. Dizajn je dostupan s dvije opcije naslona za le\u0111a kako bi se prilagodila svakom dizajnu interijera.<\/p>\n","protected":false},"excerpt":{"rendered":"<p>\u201eAnna\u201c obitelj sjedala, koja sadr\u017ei \u201eLounge\u201c, \u201eEasy Chair\u201c, \u201eCorporate\u201c i \u201eLuxe\u201c linije, dijeli zajedni\u010dki estetski jezik. Ona je elegantna opcija za salonske stolice, naslonja\u010de i garniture za sjedenje izra\u0111ene od \u010dvrstog bukvinog drva s upe\u010datljivim presvlakama. Dizajn je dostupan s dvije opcije naslona za le\u0111a kako bi se prilagodila svakom dizajnu interijera.<\/p>\n","protected":false},"featured_media":41174,"template":"","meta":{"_acf_changed":false},"product_brand":[],"product_cat":[2114,2111,2062,2099,2105,2085,2061,2083,2082,2086,2098,2068,2117,2115,2101,2100,2108,2116,2103,2104,2094,2095,2073,2087,2088,2089,2091,2092],"product_tag":[],"berocket_brand":[518],"class_list":{"0":"post-92150","1":"product","2":"type-product","3":"status-publish","4":"has-post-thumbnail","6":"product_cat-proizvodi-stolice-barske-stolice-za-unutarnje-prostore","7":"product_cat-dvorane","8":"product_cat-fotelje-i-garniture-za-sjedenje","9":"product_cat-horeca-prostori-horeca","10":"product_cat-javni","11":"product_cat-namjestaj-za-urede","12":"product_cat-proizvodi","13":"product_cat-proizvodi-fotelje-garniture-fotelje-i-garniture-za-cekaone-i-predprostore","14":"product_cat-proizvodi-fotelje-garniture-fotelje-i-garniture-unutarnje-prostore","15":"product_cat-proizvodi-namjestaj-za-urede-fotelje-garniture-za-neformalne-sastanke","16":"product_cat-prostori-horeca","17":"product_cat-prostori","18":"product_cat-prostori-dvorane-fotelje-i-garniture-za-unutarnje-prostore","19":"product_cat-prostori-horeca-barske-stolice-za-unutarnje-prostore","20":"product_cat-prostori-horeca-fotelje-i-garniture-za-unutarnje-prostore","21":"product_cat-prostori-horeca-stolice-za-unutarnje-prostore","22":"product_cat-prostori-javni-fotelje-i-garniture-za-unutarnje-prostore","23":"product_cat-prostori-rezidencijalni-barske-stolice-za-unutarnje-prostore","24":"product_cat-prostori-rezidencijalni-fotelje-i-garniture-za-unutarnje-prostore","25":"product_cat-prostori-rezidencijalni-stolice-za-unutarnje-prostore","26":"product_cat-prostori-uredi-fotelje-i-garniture-za-sjedenje","27":"product_cat-prostori-uredi-namjestaj-za-neformalne-sastanke-i-druzenje","28":"product_cat-rezidencijalni","29":"product_cat-stolice","30":"product_cat-proizvodi-stolice-stolice-za-cekaonice","31":"product_cat-proizvodi-stolice-stolice-za-kongresne-dvorane","32":"product_cat-proizvodi-stolice-stolice-za-unutarnje-prostore","33":"product_cat-uredi","34":"berocket_brand-andreu-world","36":"first","37":"instock","38":"product-type-grouped"},"acf":[],"_links":{"self":[{"href":"https:\/\/cernelic.hr\/en\/wp-json\/wp\/v2\/product\/92150","targetHints":{"allow":["GET"]}}],"collection":[{"href":"https:\/\/cernelic.hr\/en\/wp-json\/wp\/v2\/product"}],"about":[{"href":"https:\/\/cernelic.hr\/en\/wp-json\/wp\/v2\/types\/product"}],"wp:featuredmedia":[{"embeddable":true,"href":"https:\/\/cernelic.hr\/en\/wp-json\/wp\/v2\/media\/41174"}],"wp:attachment":[{"href":"https:\/\/cernelic.hr\/en\/wp-json\/wp\/v2\/media?parent=92150"}],"wp:term":[{"taxonomy":"product_brand","embeddable":true,"href":"https:\/\/cernelic.hr\/en\/wp-json\/wp\/v2\/product_brand?post=92150"},{"taxonomy":"product_cat","embeddable":true,"href":"https:\/\/cernelic.hr\/en\/wp-json\/wp\/v2\/product_cat?post=92150"},{"taxonomy":"product_tag","embeddable":true,"href":"https:\/\/cernelic.hr\/en\/wp-json\/wp\/v2\/product_tag?post=92150"},{"taxonomy":"berocket_brand","embeddable":true,"href":"https:\/\/cernelic.hr\/en\/wp-json\/wp\/v2\/berocket_brand?post=92150"}],"curies":[{"name":"wp","href":"https:\/\/api.w.org\/{rel}","templated":true}]}}