{"id":92152,"date":"2021-03-19T12:05:24","date_gmt":"2021-03-19T12:05:24","guid":{"rendered":"https:\/\/cernelic.hr\/katalog\/Bez%20kategorije\/beat-by-andreu-world-2\/"},"modified":"2023-12-07T15:50:27","modified_gmt":"2023-12-07T15:50:27","slug":"beat-by-andreu-world","status":"publish","type":"product","link":"https:\/\/cernelic.hr\/en\/proizvod\/beat-by-andreu-world\/","title":{"rendered":"BEAT by Andreu World"},"content":{"rendered":"<p>Udoban, prekrasan, izdr\u017eljiv, \u201eBeat\u201c funkcionira kao otoman ili bo\u010dna stolica. Dizajniran je kako bi bio kori\u0161ten u kombinaciji s ostalim namje\u0161tajem u cilju stvaranja udobnog i primamljivog prostora. Dostupan u tri veli\u010dine i s raznim opcijama tkanina i ko\u017ee, odli\u010dno se uklapa u svaki dizajn interijera.<\/p>\n","protected":false},"excerpt":{"rendered":"<p>Udoban, prekrasan, izdr\u017eljiv, \u201eBeat\u201c funkcionira kao otoman ili bo\u010dna stolica. Dizajniran je kako bi bio kori\u0161ten u kombinaciji s ostalim namje\u0161tajem u cilju stvaranja udobnog i primamljivog prostora. Dostupan u tri veli\u010dine i s raznim opcijama tkanina i ko\u017ee, odli\u010dno se uklapa u svaki dizajn interijera.<\/p>\n","protected":false},"featured_media":41176,"template":"","meta":{"_acf_changed":false},"product_brand":[],"product_cat":[2111,2062,2105,2061,2122,2068,2117,2101,2120,2108,2123,2103,2095,2096,2073,2092],"product_tag":[],"berocket_brand":[518],"class_list":{"0":"post-92152","1":"product","2":"type-product","3":"status-publish","4":"has-post-thumbnail","6":"product_cat-dvorane","7":"product_cat-fotelje-i-garniture-za-sjedenje","8":"product_cat-javni","9":"product_cat-proizvodi","10":"product_cat-proizvodi-fotelje-garniture-taburei","11":"product_cat-prostori","12":"product_cat-prostori-dvorane-fotelje-i-garniture-za-unutarnje-prostore","13":"product_cat-prostori-horeca-fotelje-i-garniture-za-unutarnje-prostore","14":"product_cat-prostori-horeca-namjestaj-za-hotelske-sobe","15":"product_cat-prostori-javni-fotelje-i-garniture-za-unutarnje-prostore","16":"product_cat-prostori-javni-namjestaj-za-cekaonice","17":"product_cat-prostori-rezidencijalni-fotelje-i-garniture-za-unutarnje-prostore","18":"product_cat-prostori-uredi-namjestaj-za-neformalne-sastanke-i-druzenje","19":"product_cat-prostori-uredi-namjestaj-za-predprostore-i-cekaone","20":"product_cat-rezidencijalni","21":"product_cat-uredi","22":"berocket_brand-andreu-world","24":"first","25":"instock","26":"product-type-grouped"},"acf":[],"_links":{"self":[{"href":"https:\/\/cernelic.hr\/en\/wp-json\/wp\/v2\/product\/92152","targetHints":{"allow":["GET"]}}],"collection":[{"href":"https:\/\/cernelic.hr\/en\/wp-json\/wp\/v2\/product"}],"about":[{"href":"https:\/\/cernelic.hr\/en\/wp-json\/wp\/v2\/types\/product"}],"wp:featuredmedia":[{"embeddable":true,"href":"https:\/\/cernelic.hr\/en\/wp-json\/wp\/v2\/media\/41176"}],"wp:attachment":[{"href":"https:\/\/cernelic.hr\/en\/wp-json\/wp\/v2\/media?parent=92152"}],"wp:term":[{"taxonomy":"product_brand","embeddable":true,"href":"https:\/\/cernelic.hr\/en\/wp-json\/wp\/v2\/product_brand?post=92152"},{"taxonomy":"product_cat","embeddable":true,"href":"https:\/\/cernelic.hr\/en\/wp-json\/wp\/v2\/product_cat?post=92152"},{"taxonomy":"product_tag","embeddable":true,"href":"https:\/\/cernelic.hr\/en\/wp-json\/wp\/v2\/product_tag?post=92152"},{"taxonomy":"berocket_brand","embeddable":true,"href":"https:\/\/cernelic.hr\/en\/wp-json\/wp\/v2\/berocket_brand?post=92152"}],"curies":[{"name":"wp","href":"https:\/\/api.w.org\/{rel}","templated":true}]}}