{"id":92153,"date":"2021-03-19T12:05:24","date_gmt":"2021-03-19T12:05:24","guid":{"rendered":"https:\/\/cernelic.hr\/katalog\/Bez%20kategorije\/brandy-by-andreu-world-2\/"},"modified":"2023-12-07T15:50:30","modified_gmt":"2023-12-07T15:50:30","slug":"brandy-by-andreu-world","status":"publish","type":"product","link":"https:\/\/cernelic.hr\/en\/proizvod\/brandy-by-andreu-world\/","title":{"rendered":"BRANDY by Andreu World"},"content":{"rendered":"<p>\u201eBrandy\u201c je iznimno prilagodljiva kolekcija naslonja\u010da i salonskih stolica opu\u0161taju\u0107e i udobne gra\u0111e. Ova velika kolekcija namje\u0161taja za sjedenje izra\u0111ena je od tapecirane hrastove \u0161perplo\u010de, s elasti\u010dnom pjenom i bazom od drva ili aluminija. \u201eBrandy\u201c kolekcija namijenjena je za opremanje uredskih prostora, ure\u0111enje stana ili ku\u0107e kao i za opremanje javnih objekata.<\/p>\n","protected":false},"excerpt":{"rendered":"<p>\u201eBrandy\u201c je iznimno prilagodljiva kolekcija naslonja\u010da i salonskih stolica opu\u0161taju\u0107e i udobne gra\u0111e. Ova velika kolekcija namje\u0161taja za sjedenje izra\u0111ena je od tapecirane hrastove \u0161perplo\u010de, s elasti\u010dnom pjenom i bazom od drva ili aluminija. \u201eBrandy\u201c kolekcija namijenjena je za opremanje uredskih prostora, ure\u0111enje stana ili ku\u0107e kao i za opremanje javnih objekata.<\/p>\n","protected":false},"featured_media":41178,"template":"","meta":{"_acf_changed":false},"product_brand":[],"product_cat":[2111,2062,2099,2105,2090,2085,2061,2083,2082,2086,2098,2068,2117,2101,2100,2108,2109,2103,2104,2094,2093,2073,2087,2088,2113,2091,2092],"product_tag":[],"berocket_brand":[518],"class_list":{"0":"post-92153","1":"product","2":"type-product","3":"status-publish","4":"has-post-thumbnail","6":"product_cat-dvorane","7":"product_cat-fotelje-i-garniture-za-sjedenje","8":"product_cat-horeca-prostori-horeca","9":"product_cat-javni","10":"product_cat-proizvodi-stolice-stolice-za-sastanke","11":"product_cat-namjestaj-za-urede","12":"product_cat-proizvodi","13":"product_cat-proizvodi-fotelje-garniture-fotelje-i-garniture-za-cekaone-i-predprostore","14":"product_cat-proizvodi-fotelje-garniture-fotelje-i-garniture-unutarnje-prostore","15":"product_cat-proizvodi-namjestaj-za-urede-fotelje-garniture-za-neformalne-sastanke","16":"product_cat-prostori-horeca","17":"product_cat-prostori","18":"product_cat-prostori-dvorane-fotelje-i-garniture-za-unutarnje-prostore","19":"product_cat-prostori-horeca-fotelje-i-garniture-za-unutarnje-prostore","20":"product_cat-prostori-horeca-stolice-za-unutarnje-prostore","21":"product_cat-prostori-javni-fotelje-i-garniture-za-unutarnje-prostore","22":"product_cat-prostori-javni-stolice-za-unutarnje-prostore","23":"product_cat-prostori-rezidencijalni-fotelje-i-garniture-za-unutarnje-prostore","24":"product_cat-prostori-rezidencijalni-stolice-za-unutarnje-prostore","25":"product_cat-prostori-uredi-fotelje-i-garniture-za-sjedenje","26":"product_cat-prostori-uredi-stolice-za-sastanke","27":"product_cat-rezidencijalni","28":"product_cat-stolice","29":"product_cat-proizvodi-stolice-stolice-za-cekaonice","30":"product_cat-proizvodi-namjestaj-za-urede-stolice-za-sastanke","31":"product_cat-proizvodi-stolice-stolice-za-unutarnje-prostore","32":"product_cat-uredi","33":"berocket_brand-andreu-world","35":"first","36":"instock","37":"product-type-grouped"},"acf":[],"_links":{"self":[{"href":"https:\/\/cernelic.hr\/en\/wp-json\/wp\/v2\/product\/92153","targetHints":{"allow":["GET"]}}],"collection":[{"href":"https:\/\/cernelic.hr\/en\/wp-json\/wp\/v2\/product"}],"about":[{"href":"https:\/\/cernelic.hr\/en\/wp-json\/wp\/v2\/types\/product"}],"wp:featuredmedia":[{"embeddable":true,"href":"https:\/\/cernelic.hr\/en\/wp-json\/wp\/v2\/media\/41178"}],"wp:attachment":[{"href":"https:\/\/cernelic.hr\/en\/wp-json\/wp\/v2\/media?parent=92153"}],"wp:term":[{"taxonomy":"product_brand","embeddable":true,"href":"https:\/\/cernelic.hr\/en\/wp-json\/wp\/v2\/product_brand?post=92153"},{"taxonomy":"product_cat","embeddable":true,"href":"https:\/\/cernelic.hr\/en\/wp-json\/wp\/v2\/product_cat?post=92153"},{"taxonomy":"product_tag","embeddable":true,"href":"https:\/\/cernelic.hr\/en\/wp-json\/wp\/v2\/product_tag?post=92153"},{"taxonomy":"berocket_brand","embeddable":true,"href":"https:\/\/cernelic.hr\/en\/wp-json\/wp\/v2\/berocket_brand?post=92153"}],"curies":[{"name":"wp","href":"https:\/\/api.w.org\/{rel}","templated":true}]}}