{"id":92155,"date":"2021-03-19T12:05:24","date_gmt":"2021-03-19T12:05:24","guid":{"rendered":"https:\/\/cernelic.hr\/katalog\/Bez%20kategorije\/carlotta-by-andreu-world-2\/"},"modified":"2023-12-07T15:50:40","modified_gmt":"2023-12-07T15:50:40","slug":"carlotta-by-andreu-world","status":"publish","type":"product","link":"https:\/\/cernelic.hr\/en\/proizvod\/carlotta-by-andreu-world\/","title":{"rendered":"CARLOTTA by Andreu World"},"content":{"rendered":"<p>U svim svojim verzijama, \u201eCharlotta\u201c je privla\u010dna i izdr\u017eljiva. Bezvremenski dizajn isti\u010de se svojom prilagodljivo\u0161\u0107u zbog svoje jednostavne, klasi\u010dne linije koja se uklapa u svako ure\u0111enje stana ili ure\u0111enje ureda. Dostupan je s dvije razli\u010dite visine naslona za le\u0111a.<\/p>\n","protected":false},"excerpt":{"rendered":"<p>U svim svojim verzijama, \u201eCharlotta\u201c je privla\u010dna i izdr\u017eljiva. Bezvremenski dizajn isti\u010de se svojom prilagodljivo\u0161\u0107u zbog svoje jednostavne, klasi\u010dne linije koja se uklapa u svako ure\u0111enje stana ili ure\u0111enje ureda. Dostupan je s dvije razli\u010dite visine naslona za le\u0111a.<\/p>\n","protected":false},"featured_media":41184,"template":"","meta":{"_acf_changed":false},"product_brand":[],"product_cat":[2114,2111,2062,2099,2105,2061,2083,2082,2068,2098,2117,2115,2101,2102,2100,2126,2108,2106,2109,2116,2103,2104,2096,2073,2087,2088,2089,2091,2092],"product_tag":[],"berocket_brand":[518],"class_list":{"0":"post-92155","1":"product","2":"type-product","3":"status-publish","4":"has-post-thumbnail","6":"product_cat-proizvodi-stolice-barske-stolice-za-unutarnje-prostore","7":"product_cat-dvorane","8":"product_cat-fotelje-i-garniture-za-sjedenje","9":"product_cat-horeca-prostori-horeca","10":"product_cat-javni","11":"product_cat-proizvodi","12":"product_cat-proizvodi-fotelje-garniture-fotelje-i-garniture-za-cekaone-i-predprostore","13":"product_cat-proizvodi-fotelje-garniture-fotelje-i-garniture-unutarnje-prostore","14":"product_cat-prostori","15":"product_cat-prostori-horeca","16":"product_cat-prostori-dvorane-fotelje-i-garniture-za-unutarnje-prostore","17":"product_cat-prostori-horeca-barske-stolice-za-unutarnje-prostore","18":"product_cat-prostori-horeca-fotelje-i-garniture-za-unutarnje-prostore","19":"product_cat-prostori-horeca-stolice-za-kongresne-dvorane","20":"product_cat-prostori-horeca-stolice-za-unutarnje-prostore","21":"product_cat-prostori-javni-barske-stolice-za-unutarnje-prostore","22":"product_cat-prostori-javni-fotelje-i-garniture-za-unutarnje-prostore","23":"product_cat-prostori-javni-kongresne-stolice","24":"product_cat-prostori-javni-stolice-za-unutarnje-prostore","25":"product_cat-prostori-rezidencijalni-barske-stolice-za-unutarnje-prostore","26":"product_cat-prostori-rezidencijalni-fotelje-i-garniture-za-unutarnje-prostore","27":"product_cat-prostori-rezidencijalni-stolice-za-unutarnje-prostore","28":"product_cat-prostori-uredi-namjestaj-za-predprostore-i-cekaone","29":"product_cat-rezidencijalni","30":"product_cat-stolice","31":"product_cat-proizvodi-stolice-stolice-za-cekaonice","32":"product_cat-proizvodi-stolice-stolice-za-kongresne-dvorane","33":"product_cat-proizvodi-stolice-stolice-za-unutarnje-prostore","34":"product_cat-uredi","35":"berocket_brand-andreu-world","37":"first","38":"instock","39":"product-type-grouped"},"acf":[],"_links":{"self":[{"href":"https:\/\/cernelic.hr\/en\/wp-json\/wp\/v2\/product\/92155","targetHints":{"allow":["GET"]}}],"collection":[{"href":"https:\/\/cernelic.hr\/en\/wp-json\/wp\/v2\/product"}],"about":[{"href":"https:\/\/cernelic.hr\/en\/wp-json\/wp\/v2\/types\/product"}],"wp:featuredmedia":[{"embeddable":true,"href":"https:\/\/cernelic.hr\/en\/wp-json\/wp\/v2\/media\/41184"}],"wp:attachment":[{"href":"https:\/\/cernelic.hr\/en\/wp-json\/wp\/v2\/media?parent=92155"}],"wp:term":[{"taxonomy":"product_brand","embeddable":true,"href":"https:\/\/cernelic.hr\/en\/wp-json\/wp\/v2\/product_brand?post=92155"},{"taxonomy":"product_cat","embeddable":true,"href":"https:\/\/cernelic.hr\/en\/wp-json\/wp\/v2\/product_cat?post=92155"},{"taxonomy":"product_tag","embeddable":true,"href":"https:\/\/cernelic.hr\/en\/wp-json\/wp\/v2\/product_tag?post=92155"},{"taxonomy":"berocket_brand","embeddable":true,"href":"https:\/\/cernelic.hr\/en\/wp-json\/wp\/v2\/berocket_brand?post=92155"}],"curies":[{"name":"wp","href":"https:\/\/api.w.org\/{rel}","templated":true}]}}