{"id":92156,"date":"2021-03-19T12:05:24","date_gmt":"2021-03-19T12:05:24","guid":{"rendered":"https:\/\/cernelic.hr\/katalog\/Bez%20kategorije\/carola-by-andreu-world-2\/"},"modified":"2023-12-07T15:50:42","modified_gmt":"2023-12-07T15:50:42","slug":"carola-by-andreu-world","status":"publish","type":"product","link":"https:\/\/cernelic.hr\/en\/proizvod\/carola-by-andreu-world\/","title":{"rendered":"CAROLA by Andreu World"},"content":{"rendered":"<p>\u201eCarola\u201c je obitelj stolica i naslonja\u010da koja se isti\u010de svojom elegancijom i drvnim fini\u0161em bez premca. Tapecirana verzija sjedala, kao i verzija furnirana u hrastovini zra\u010de toplinom i udobno\u0161\u0107u. Savr\u0161eni je dodatak svakom svijetlom otvorenom prostoru nadahjuju\u0107i nove ideje za ure\u0111enje.<\/p>\n","protected":false},"excerpt":{"rendered":"<p>\u201eCarola\u201c je obitelj stolica i naslonja\u010da koja se isti\u010de svojom elegancijom i drvnim fini\u0161em bez premca. Tapecirana verzija sjedala, kao i verzija furnirana u hrastovini zra\u010de toplinom i udobno\u0161\u0107u. Savr\u0161eni je dodatak svakom svijetlom otvorenom prostoru nadahjuju\u0107i nove ideje za ure\u0111enje.<\/p>\n","protected":false},"featured_media":41186,"template":"","meta":{"_acf_changed":false},"product_brand":[],"product_cat":[2105,2061,2068,2070,2109,2104,2073,2087,2088,2091],"product_tag":[],"berocket_brand":[518],"class_list":{"0":"post-92156","1":"product","2":"type-product","3":"status-publish","4":"has-post-thumbnail","6":"product_cat-javni","7":"product_cat-proizvodi","8":"product_cat-prostori","9":"product_cat-prostori-horeca-stolice-za-vanjske-prostore","10":"product_cat-prostori-javni-stolice-za-unutarnje-prostore","11":"product_cat-prostori-rezidencijalni-stolice-za-unutarnje-prostore","12":"product_cat-rezidencijalni","13":"product_cat-stolice","14":"product_cat-proizvodi-stolice-stolice-za-cekaonice","15":"product_cat-proizvodi-stolice-stolice-za-unutarnje-prostore","16":"berocket_brand-andreu-world","18":"first","19":"instock","20":"product-type-grouped"},"acf":[],"_links":{"self":[{"href":"https:\/\/cernelic.hr\/en\/wp-json\/wp\/v2\/product\/92156","targetHints":{"allow":["GET"]}}],"collection":[{"href":"https:\/\/cernelic.hr\/en\/wp-json\/wp\/v2\/product"}],"about":[{"href":"https:\/\/cernelic.hr\/en\/wp-json\/wp\/v2\/types\/product"}],"wp:featuredmedia":[{"embeddable":true,"href":"https:\/\/cernelic.hr\/en\/wp-json\/wp\/v2\/media\/41186"}],"wp:attachment":[{"href":"https:\/\/cernelic.hr\/en\/wp-json\/wp\/v2\/media?parent=92156"}],"wp:term":[{"taxonomy":"product_brand","embeddable":true,"href":"https:\/\/cernelic.hr\/en\/wp-json\/wp\/v2\/product_brand?post=92156"},{"taxonomy":"product_cat","embeddable":true,"href":"https:\/\/cernelic.hr\/en\/wp-json\/wp\/v2\/product_cat?post=92156"},{"taxonomy":"product_tag","embeddable":true,"href":"https:\/\/cernelic.hr\/en\/wp-json\/wp\/v2\/product_tag?post=92156"},{"taxonomy":"berocket_brand","embeddable":true,"href":"https:\/\/cernelic.hr\/en\/wp-json\/wp\/v2\/berocket_brand?post=92156"}],"curies":[{"name":"wp","href":"https:\/\/api.w.org\/{rel}","templated":true}]}}