{"id":92158,"date":"2021-03-19T12:05:24","date_gmt":"2021-03-19T12:05:24","guid":{"rendered":"https:\/\/cernelic.hr\/katalog\/Bez%20kategorije\/closed-bench-by-andreu-world-2\/"},"modified":"2023-12-08T04:12:22","modified_gmt":"2023-12-08T04:12:22","slug":"closed-bench-by-andreu-world","status":"publish","type":"product","link":"https:\/\/cernelic.hr\/en\/proizvod\/closed-bench-by-andreu-world\/","title":{"rendered":"CLOSED BENCH by Andreu World"},"content":{"rendered":"<p>\u201eClosed\u201c je kolekcija funkcionalnih klupa idealnih za ure\u0111enje javnih objekata. Program je dostupan u raznim du\u017einama, a sadr\u017ei verzije u hrastovini i orahovini, laminirane ili s lakiranim fini\u0161om. Zajedno s klupom dolaze jastuci koji pru\u017eaju dodatnu udobnost. \u201eClosed\u201c je u potpunosti izra\u0111en od FSC certificiranog drva.<\/p>\n","protected":false},"excerpt":{"rendered":"<p>\u201eClosed\u201c je kolekcija funkcionalnih klupa idealnih za ure\u0111enje javnih objekata. Program je dostupan u raznim du\u017einama, a sadr\u017ei verzije u hrastovini i orahovini, laminirane ili s lakiranim fini\u0161om. Zajedno s klupom dolaze jastuci koji pru\u017eaju dodatnu udobnost. \u201eClosed\u201c je u potpunosti izra\u0111en od FSC certificiranog drva.<\/p>\n","protected":false},"featured_media":109386,"template":"","meta":{"_acf_changed":false},"product_brand":[],"product_cat":[2062,2061,2127,2068,2129,2128,2095,2096,2087,2088,2092],"product_tag":[],"berocket_brand":[518],"class_list":{"0":"post-92158","1":"product","2":"type-product","3":"status-publish","4":"has-post-thumbnail","6":"product_cat-fotelje-i-garniture-za-sjedenje","7":"product_cat-proizvodi","8":"product_cat-proizvodi-fotelje-garniture-klupe-i-separei","9":"product_cat-prostori","10":"product_cat-prostori-horeca-klupe-i-separei","11":"product_cat-prostori-uredi-namjestaj-za-kuhinje-i-kantine","12":"product_cat-prostori-uredi-namjestaj-za-neformalne-sastanke-i-druzenje","13":"product_cat-prostori-uredi-namjestaj-za-predprostore-i-cekaone","14":"product_cat-stolice","15":"product_cat-proizvodi-stolice-stolice-za-cekaonice","16":"product_cat-uredi","17":"berocket_brand-andreu-world","19":"first","20":"instock","21":"product-type-grouped"},"acf":[],"_links":{"self":[{"href":"https:\/\/cernelic.hr\/en\/wp-json\/wp\/v2\/product\/92158","targetHints":{"allow":["GET"]}}],"collection":[{"href":"https:\/\/cernelic.hr\/en\/wp-json\/wp\/v2\/product"}],"about":[{"href":"https:\/\/cernelic.hr\/en\/wp-json\/wp\/v2\/types\/product"}],"wp:featuredmedia":[{"embeddable":true,"href":"https:\/\/cernelic.hr\/en\/wp-json\/wp\/v2\/media\/109386"}],"wp:attachment":[{"href":"https:\/\/cernelic.hr\/en\/wp-json\/wp\/v2\/media?parent=92158"}],"wp:term":[{"taxonomy":"product_brand","embeddable":true,"href":"https:\/\/cernelic.hr\/en\/wp-json\/wp\/v2\/product_brand?post=92158"},{"taxonomy":"product_cat","embeddable":true,"href":"https:\/\/cernelic.hr\/en\/wp-json\/wp\/v2\/product_cat?post=92158"},{"taxonomy":"product_tag","embeddable":true,"href":"https:\/\/cernelic.hr\/en\/wp-json\/wp\/v2\/product_tag?post=92158"},{"taxonomy":"berocket_brand","embeddable":true,"href":"https:\/\/cernelic.hr\/en\/wp-json\/wp\/v2\/berocket_brand?post=92158"}],"curies":[{"name":"wp","href":"https:\/\/api.w.org\/{rel}","templated":true}]}}