{"id":92161,"date":"2021-03-19T12:05:24","date_gmt":"2021-03-19T12:05:24","guid":{"rendered":"https:\/\/cernelic.hr\/katalog\/Bez%20kategorije\/couve-by-andreu-world\/"},"modified":"2023-12-07T15:50:54","modified_gmt":"2023-12-07T15:50:54","slug":"couve-by-andreu-world","status":"publish","type":"product","link":"https:\/\/cernelic.hr\/en\/proizvod\/couve-by-andreu-world\/","title":{"rendered":"COUVE by Andreu World"},"content":{"rendered":"<p>Posebno dizajniran za maksimalnu udobnost, \u201eCouve\u201c je dostupan u obliku salonske udobne stolice, naslonja\u010da, dvosjeda i trosjeda. Njegov izgled integrira suptilne elemente u poseban komad: rubovi nogu, naslon za le\u0111a, sjedalo pa i cijela struktura zaokru\u017eeni su i profinjeni, postaju\u0107i tako \u010dest odabir prilikom opremanja po mjeri. Obodni \u0161av diskretno odvaja vanjski dio od unutarnjeg prostora.<\/p>\n","protected":false},"excerpt":{"rendered":"<p>Posebno dizajniran za maksimalnu udobnost, \u201eCouve\u201c je dostupan u obliku salonske udobne stolice, naslonja\u010da, dvosjeda i trosjeda. Njegov izgled integrira suptilne elemente u poseban komad: rubovi nogu, naslon za le\u0111a, sjedalo pa i cijela struktura zaokru\u017eeni su i profinjeni, postaju\u0107i tako \u010dest odabir prilikom opremanja po mjeri. Obodni \u0161av diskretno odvaja vanjski dio od unutarnjeg [&hellip;]<\/p>\n","protected":false},"featured_media":41194,"template":"","meta":{"_acf_changed":false},"product_brand":[],"product_cat":[2111,2062,2099,2105,2085,2061,2083,2082,2086,2098,2068,2117,2101,2100,2108,2109,2103,2104,2094,2137,2095,2096,2073,2087,2088,2091,2092],"product_tag":[],"berocket_brand":[518],"class_list":{"0":"post-92161","1":"product","2":"type-product","3":"status-publish","4":"has-post-thumbnail","6":"product_cat-dvorane","7":"product_cat-fotelje-i-garniture-za-sjedenje","8":"product_cat-horeca-prostori-horeca","9":"product_cat-javni","10":"product_cat-namjestaj-za-urede","11":"product_cat-proizvodi","12":"product_cat-proizvodi-fotelje-garniture-fotelje-i-garniture-za-cekaone-i-predprostore","13":"product_cat-proizvodi-fotelje-garniture-fotelje-i-garniture-unutarnje-prostore","14":"product_cat-proizvodi-namjestaj-za-urede-fotelje-garniture-za-neformalne-sastanke","15":"product_cat-prostori-horeca","16":"product_cat-prostori","17":"product_cat-prostori-dvorane-fotelje-i-garniture-za-unutarnje-prostore","18":"product_cat-prostori-horeca-fotelje-i-garniture-za-unutarnje-prostore","19":"product_cat-prostori-horeca-stolice-za-unutarnje-prostore","20":"product_cat-prostori-javni-fotelje-i-garniture-za-unutarnje-prostore","21":"product_cat-prostori-javni-stolice-za-unutarnje-prostore","22":"product_cat-prostori-rezidencijalni-fotelje-i-garniture-za-unutarnje-prostore","23":"product_cat-prostori-rezidencijalni-stolice-za-unutarnje-prostore","24":"product_cat-prostori-uredi-fotelje-i-garniture-za-sjedenje","25":"product_cat-prostori-uredi-home-office","26":"product_cat-prostori-uredi-namjestaj-za-neformalne-sastanke-i-druzenje","27":"product_cat-prostori-uredi-namjestaj-za-predprostore-i-cekaone","28":"product_cat-rezidencijalni","29":"product_cat-stolice","30":"product_cat-proizvodi-stolice-stolice-za-cekaonice","31":"product_cat-proizvodi-stolice-stolice-za-unutarnje-prostore","32":"product_cat-uredi","33":"berocket_brand-andreu-world","35":"first","36":"instock","37":"product-type-grouped"},"acf":[],"_links":{"self":[{"href":"https:\/\/cernelic.hr\/en\/wp-json\/wp\/v2\/product\/92161","targetHints":{"allow":["GET"]}}],"collection":[{"href":"https:\/\/cernelic.hr\/en\/wp-json\/wp\/v2\/product"}],"about":[{"href":"https:\/\/cernelic.hr\/en\/wp-json\/wp\/v2\/types\/product"}],"wp:featuredmedia":[{"embeddable":true,"href":"https:\/\/cernelic.hr\/en\/wp-json\/wp\/v2\/media\/41194"}],"wp:attachment":[{"href":"https:\/\/cernelic.hr\/en\/wp-json\/wp\/v2\/media?parent=92161"}],"wp:term":[{"taxonomy":"product_brand","embeddable":true,"href":"https:\/\/cernelic.hr\/en\/wp-json\/wp\/v2\/product_brand?post=92161"},{"taxonomy":"product_cat","embeddable":true,"href":"https:\/\/cernelic.hr\/en\/wp-json\/wp\/v2\/product_cat?post=92161"},{"taxonomy":"product_tag","embeddable":true,"href":"https:\/\/cernelic.hr\/en\/wp-json\/wp\/v2\/product_tag?post=92161"},{"taxonomy":"berocket_brand","embeddable":true,"href":"https:\/\/cernelic.hr\/en\/wp-json\/wp\/v2\/berocket_brand?post=92161"}],"curies":[{"name":"wp","href":"https:\/\/api.w.org\/{rel}","templated":true}]}}