{"id":92162,"date":"2021-03-19T12:05:24","date_gmt":"2021-03-19T12:05:24","guid":{"rendered":"https:\/\/cernelic.hr\/katalog\/Bez%20kategorije\/couve-table-by-andreu-world-2\/"},"modified":"2023-12-07T15:50:51","modified_gmt":"2023-12-07T15:50:51","slug":"couve-table-by-andreu-world","status":"publish","type":"product","link":"https:\/\/cernelic.hr\/en\/proizvod\/couve-table-by-andreu-world\/","title":{"rendered":"COUVE TABLE by Andreu World"},"content":{"rendered":"<p>Andreu World &#8220;Couve&#8221; lagani stolovi, savr\u0161eni za kavu ili kao ukras, karakterizirani su glatkom povr\u0161inom i suptilno\u0161\u0107u njihovih aluminijskih okvira. Uz dodatak nogu od ubrizganog aluminija, ovu novu seriju \u201epovremenih\u201c stoli\u0107a karakterizira kru\u017eni zavr\u0161etak njihovih vrhova, koji asociraju na linije trosjeda ili naslonja\u010da. Dostupni su u drvu, Carrara ili Bamboo mramoru ili lakiranom drvu podr\u017eavaju\u0107i svaki dizajn interijera.<\/p>\n","protected":false},"excerpt":{"rendered":"<p>Andreu World &#8220;Couve&#8221; lagani stolovi, savr\u0161eni za kavu ili kao ukras, karakterizirani su glatkom povr\u0161inom i suptilno\u0161\u0107u njihovih aluminijskih okvira. Uz dodatak nogu od ubrizganog aluminija, ovu novu seriju \u201epovremenih\u201c stoli\u0107a karakterizira kru\u017eni zavr\u0161etak njihovih vrhova, koji asociraju na linije trosjeda ili naslonja\u010da. Dostupni su u drvu, Carrara ili Bamboo mramoru ili lakiranom drvu podr\u017eavaju\u0107i [&hellip;]<\/p>\n","protected":false},"featured_media":41192,"template":"","meta":{"_acf_changed":false},"product_brand":[],"product_cat":[2105,2119,2061,2068,2140,2121,2139,2073,2118,2135],"product_tag":[],"berocket_brand":[518],"class_list":{"0":"post-92162","1":"product","2":"type-product","3":"status-publish","4":"has-post-thumbnail","6":"product_cat-javni","7":"product_cat-proizvodi-stolovi-niski-stolovi-za-unutarnje-prostore","8":"product_cat-proizvodi","9":"product_cat-prostori","10":"product_cat-prostori-javni-stolovi-za-unutarnje-prostore","11":"product_cat-prostori-rezidencijalni-niski-klubski-stolici-za-unutarnje-prostore","12":"product_cat-prostori-rezidencijalni-stolovi-za-unutarnje-prostore","13":"product_cat-rezidencijalni","14":"product_cat-stolovi","15":"product_cat-proizvodi-stolovi-stolovi-za-unutarnje-prostore","16":"berocket_brand-andreu-world","18":"first","19":"instock","20":"product-type-grouped"},"acf":[],"_links":{"self":[{"href":"https:\/\/cernelic.hr\/en\/wp-json\/wp\/v2\/product\/92162","targetHints":{"allow":["GET"]}}],"collection":[{"href":"https:\/\/cernelic.hr\/en\/wp-json\/wp\/v2\/product"}],"about":[{"href":"https:\/\/cernelic.hr\/en\/wp-json\/wp\/v2\/types\/product"}],"wp:featuredmedia":[{"embeddable":true,"href":"https:\/\/cernelic.hr\/en\/wp-json\/wp\/v2\/media\/41192"}],"wp:attachment":[{"href":"https:\/\/cernelic.hr\/en\/wp-json\/wp\/v2\/media?parent=92162"}],"wp:term":[{"taxonomy":"product_brand","embeddable":true,"href":"https:\/\/cernelic.hr\/en\/wp-json\/wp\/v2\/product_brand?post=92162"},{"taxonomy":"product_cat","embeddable":true,"href":"https:\/\/cernelic.hr\/en\/wp-json\/wp\/v2\/product_cat?post=92162"},{"taxonomy":"product_tag","embeddable":true,"href":"https:\/\/cernelic.hr\/en\/wp-json\/wp\/v2\/product_tag?post=92162"},{"taxonomy":"berocket_brand","embeddable":true,"href":"https:\/\/cernelic.hr\/en\/wp-json\/wp\/v2\/berocket_brand?post=92162"}],"curies":[{"name":"wp","href":"https:\/\/api.w.org\/{rel}","templated":true}]}}