{"id":92164,"date":"2021-03-19T12:05:24","date_gmt":"2021-03-19T12:05:24","guid":{"rendered":"https:\/\/cernelic.hr\/katalog\/Bez%20kategorije\/dual-occasional-table-by-andreu-world-2\/"},"modified":"2023-12-07T15:50:58","modified_gmt":"2023-12-07T15:50:58","slug":"dual-occasional-table-by-andreu-world","status":"publish","type":"product","link":"https:\/\/cernelic.hr\/en\/proizvod\/dual-occasional-table-by-andreu-world\/","title":{"rendered":"DUAL OCCASIONAL TABLE by Andreu World"},"content":{"rendered":"<p>Andreu World stol s kru\u017enom bazom i ovalnom nogom od ubrizganog aluminija, dostupan u 2 visine. Dostupan u poliranom aluminiju, mat bijeloj i mat crnoj boji i s povr\u0161inom od \u0161perplo\u010de razli\u010ditih oblika i veli\u010dina od hrastovine, ili lakirane, kerami\u010dke, HPL, od bijelog Carrara i crnog Marquina mramora.<\/p>\n","protected":false},"excerpt":{"rendered":"<p>Andreu World stol s kru\u017enom bazom i ovalnom nogom od ubrizganog aluminija, dostupan u 2 visine. Dostupan u poliranom aluminiju, mat bijeloj i mat crnoj boji i s povr\u0161inom od \u0161perplo\u010de razli\u010ditih oblika i veli\u010dina od hrastovine, ili lakirane, kerami\u010dke, HPL, od bijelog Carrara i crnog Marquina mramora.<\/p>\n","protected":false},"featured_media":41198,"template":"","meta":{"_acf_changed":false},"product_brand":[],"product_cat":[2105,2142,2119,2061,2068,2138,2144,2140,2147,2121,2146,2139,2145,2073,2118,2135,2143],"product_tag":[],"berocket_brand":[518],"class_list":{"0":"post-92164","1":"product","2":"type-product","3":"status-publish","4":"has-post-thumbnail","6":"product_cat-javni","7":"product_cat-proizvodi-stolovi-niski-stolovi-vanjske-prostore","8":"product_cat-proizvodi-stolovi-niski-stolovi-za-unutarnje-prostore","9":"product_cat-proizvodi","10":"product_cat-prostori","11":"product_cat-prostori-horeca-stolovi-za-unutarnje-prostore","12":"product_cat-prostori-horeca-stolovi-za-vanjske-prostore","13":"product_cat-prostori-javni-stolovi-za-unutarnje-prostore","14":"product_cat-prostori-javni-stolovi-za-vanjske-prostore","15":"product_cat-prostori-rezidencijalni-niski-klubski-stolici-za-unutarnje-prostore","16":"product_cat-prostori-rezidencijalni-niski-klubski-stolici-za-vanjske-prostore","17":"product_cat-prostori-rezidencijalni-stolovi-za-unutarnje-prostore","18":"product_cat-prostori-rezidencijalni-stolovi-za-vanjske-prostore","19":"product_cat-rezidencijalni","20":"product_cat-stolovi","21":"product_cat-proizvodi-stolovi-stolovi-za-unutarnje-prostore","22":"product_cat-proizvodi-stolovi-stolovi-za-vanjske-prostore","23":"berocket_brand-andreu-world","25":"first","26":"instock","27":"product-type-grouped"},"acf":[],"_links":{"self":[{"href":"https:\/\/cernelic.hr\/en\/wp-json\/wp\/v2\/product\/92164","targetHints":{"allow":["GET"]}}],"collection":[{"href":"https:\/\/cernelic.hr\/en\/wp-json\/wp\/v2\/product"}],"about":[{"href":"https:\/\/cernelic.hr\/en\/wp-json\/wp\/v2\/types\/product"}],"wp:featuredmedia":[{"embeddable":true,"href":"https:\/\/cernelic.hr\/en\/wp-json\/wp\/v2\/media\/41198"}],"wp:attachment":[{"href":"https:\/\/cernelic.hr\/en\/wp-json\/wp\/v2\/media?parent=92164"}],"wp:term":[{"taxonomy":"product_brand","embeddable":true,"href":"https:\/\/cernelic.hr\/en\/wp-json\/wp\/v2\/product_brand?post=92164"},{"taxonomy":"product_cat","embeddable":true,"href":"https:\/\/cernelic.hr\/en\/wp-json\/wp\/v2\/product_cat?post=92164"},{"taxonomy":"product_tag","embeddable":true,"href":"https:\/\/cernelic.hr\/en\/wp-json\/wp\/v2\/product_tag?post=92164"},{"taxonomy":"berocket_brand","embeddable":true,"href":"https:\/\/cernelic.hr\/en\/wp-json\/wp\/v2\/berocket_brand?post=92164"}],"curies":[{"name":"wp","href":"https:\/\/api.w.org\/{rel}","templated":true}]}}