{"id":92165,"date":"2021-03-19T12:08:40","date_gmt":"2021-03-19T12:08:40","guid":{"rendered":"https:\/\/cernelic.hr\/katalog\/Bez%20kategorije\/duos-by-andreu-world\/"},"modified":"2023-12-07T15:51:01","modified_gmt":"2023-12-07T15:51:01","slug":"duos-by-andreu-world","status":"publish","type":"product","link":"https:\/\/cernelic.hr\/en\/proizvod\/duos-by-andreu-world\/","title":{"rendered":"DUOS by Andreu World"},"content":{"rendered":"<p>\u201eDuos\u201c je kolekcija izu\u010dene ergonomije, lagana i bezvremenska, izgra\u0111ena s drvnom strukturom. Dostupna u brojnim verzijama uklju\u010duju\u0107i preklopnu stolicu i naslonja\u010d, tapecirano sjedalo i naslon ili samo s tapeciranim sjedalom, i verzija u potpunom drvu. \u201eDuos\u201c se isti\u010de hrabrim sjedinjavanjem tradicionalne obrade drva i tehnologije, koja kombinira detaljnu i preciznu obradu sa slo\u017eenom tehnikom sastavljanja. Rezultat je kolekcija koja je sna\u017ena u kategoriji izdr\u017eljivosti, s lako\u0107om dizajna i jakom estetskom kvalitetom, balansiranih proporcija i pojavom koja zra\u010di spokojem i izra\u017eenom suvremeno\u0161\u0107u pa je stoga \u010dest odabir mnogih arhitektonskih ureda.<\/p>\n","protected":false},"excerpt":{"rendered":"<p>\u201eDuos\u201c je kolekcija izu\u010dene ergonomije, lagana i bezvremenska, izgra\u0111ena s drvnom strukturom. Dostupna u brojnim verzijama uklju\u010duju\u0107i preklopnu stolicu i naslonja\u010d, tapecirano sjedalo i naslon ili samo s tapeciranim sjedalom, i verzija u potpunom drvu. \u201eDuos\u201c se isti\u010de hrabrim sjedinjavanjem tradicionalne obrade drva i tehnologije, koja kombinira detaljnu i preciznu obradu sa slo\u017eenom tehnikom sastavljanja. [&hellip;]<\/p>\n","protected":false},"featured_media":41200,"template":"","meta":{"_acf_changed":false},"product_brand":[],"product_cat":[2114,2099,2105,2061,2068,2098,2115,2102,2100,2126,2106,2109,2116,2104,2073,2087,2088,2089,2091],"product_tag":[],"berocket_brand":[518],"class_list":{"0":"post-92165","1":"product","2":"type-product","3":"status-publish","4":"has-post-thumbnail","6":"product_cat-proizvodi-stolice-barske-stolice-za-unutarnje-prostore","7":"product_cat-horeca-prostori-horeca","8":"product_cat-javni","9":"product_cat-proizvodi","10":"product_cat-prostori","11":"product_cat-prostori-horeca","12":"product_cat-prostori-horeca-barske-stolice-za-unutarnje-prostore","13":"product_cat-prostori-horeca-stolice-za-kongresne-dvorane","14":"product_cat-prostori-horeca-stolice-za-unutarnje-prostore","15":"product_cat-prostori-javni-barske-stolice-za-unutarnje-prostore","16":"product_cat-prostori-javni-kongresne-stolice","17":"product_cat-prostori-javni-stolice-za-unutarnje-prostore","18":"product_cat-prostori-rezidencijalni-barske-stolice-za-unutarnje-prostore","19":"product_cat-prostori-rezidencijalni-stolice-za-unutarnje-prostore","20":"product_cat-rezidencijalni","21":"product_cat-stolice","22":"product_cat-proizvodi-stolice-stolice-za-cekaonice","23":"product_cat-proizvodi-stolice-stolice-za-kongresne-dvorane","24":"product_cat-proizvodi-stolice-stolice-za-unutarnje-prostore","25":"berocket_brand-andreu-world","27":"first","28":"instock","29":"product-type-grouped"},"acf":[],"_links":{"self":[{"href":"https:\/\/cernelic.hr\/en\/wp-json\/wp\/v2\/product\/92165","targetHints":{"allow":["GET"]}}],"collection":[{"href":"https:\/\/cernelic.hr\/en\/wp-json\/wp\/v2\/product"}],"about":[{"href":"https:\/\/cernelic.hr\/en\/wp-json\/wp\/v2\/types\/product"}],"wp:featuredmedia":[{"embeddable":true,"href":"https:\/\/cernelic.hr\/en\/wp-json\/wp\/v2\/media\/41200"}],"wp:attachment":[{"href":"https:\/\/cernelic.hr\/en\/wp-json\/wp\/v2\/media?parent=92165"}],"wp:term":[{"taxonomy":"product_brand","embeddable":true,"href":"https:\/\/cernelic.hr\/en\/wp-json\/wp\/v2\/product_brand?post=92165"},{"taxonomy":"product_cat","embeddable":true,"href":"https:\/\/cernelic.hr\/en\/wp-json\/wp\/v2\/product_cat?post=92165"},{"taxonomy":"product_tag","embeddable":true,"href":"https:\/\/cernelic.hr\/en\/wp-json\/wp\/v2\/product_tag?post=92165"},{"taxonomy":"berocket_brand","embeddable":true,"href":"https:\/\/cernelic.hr\/en\/wp-json\/wp\/v2\/berocket_brand?post=92165"}],"curies":[{"name":"wp","href":"https:\/\/api.w.org\/{rel}","templated":true}]}}