{"id":92167,"date":"2021-03-19T12:08:40","date_gmt":"2021-03-19T12:08:40","guid":{"rendered":"https:\/\/cernelic.hr\/katalog\/Bez%20kategorije\/element-table-by-andreu-world-2\/"},"modified":"2023-12-08T04:12:15","modified_gmt":"2023-12-08T04:12:15","slug":"element-table-by-andreu-world","status":"publish","type":"product","link":"https:\/\/cernelic.hr\/en\/proizvod\/element-table-by-andreu-world\/","title":{"rendered":"ELEMENT TABLE by Andreu World"},"content":{"rendered":"<p>Ideja evolucije temeljni je element na\u0161eg rada, kako u proizvodnji tako i u razvoju novih dizajna. \u201eElement\u201c se odaziva ovom kriteriju s cijevnom bazom stola koja se mo\u017ee kombinirati s kvadratnom, pravokutnom ili okruglom povr\u0161inom, osmi\u0161ljen kako bi osigurao elegantna i funkcionalna rje\u0161enja za sve tipove prostora, nadahnjuju\u0107i svakog dizajnera interijera na nove ideje za ure\u0111enje.<\/p>\n","protected":false},"excerpt":{"rendered":"<p>Ideja evolucije temeljni je element na\u0161eg rada, kako u proizvodnji tako i u razvoju novih dizajna. \u201eElement\u201c se odaziva ovom kriteriju s cijevnom bazom stola koja se mo\u017ee kombinirati s kvadratnom, pravokutnom ili okruglom povr\u0161inom, osmi\u0161ljen kako bi osigurao elegantna i funkcionalna rje\u0161enja za sve tipove prostora, nadahnjuju\u0107i svakog dizajnera interijera na nove ideje za [&hellip;]<\/p>\n","protected":false},"featured_media":109380,"template":"","meta":{"_acf_changed":false},"product_brand":[],"product_cat":[2105,2119,2061,2068,2138,2140,2121,2139,2073,2118,2135],"product_tag":[],"berocket_brand":[518],"class_list":{"0":"post-92167","1":"product","2":"type-product","3":"status-publish","4":"has-post-thumbnail","6":"product_cat-javni","7":"product_cat-proizvodi-stolovi-niski-stolovi-za-unutarnje-prostore","8":"product_cat-proizvodi","9":"product_cat-prostori","10":"product_cat-prostori-horeca-stolovi-za-unutarnje-prostore","11":"product_cat-prostori-javni-stolovi-za-unutarnje-prostore","12":"product_cat-prostori-rezidencijalni-niski-klubski-stolici-za-unutarnje-prostore","13":"product_cat-prostori-rezidencijalni-stolovi-za-unutarnje-prostore","14":"product_cat-rezidencijalni","15":"product_cat-stolovi","16":"product_cat-proizvodi-stolovi-stolovi-za-unutarnje-prostore","17":"berocket_brand-andreu-world","19":"first","20":"instock","21":"product-type-grouped"},"acf":[],"_links":{"self":[{"href":"https:\/\/cernelic.hr\/en\/wp-json\/wp\/v2\/product\/92167","targetHints":{"allow":["GET"]}}],"collection":[{"href":"https:\/\/cernelic.hr\/en\/wp-json\/wp\/v2\/product"}],"about":[{"href":"https:\/\/cernelic.hr\/en\/wp-json\/wp\/v2\/types\/product"}],"wp:featuredmedia":[{"embeddable":true,"href":"https:\/\/cernelic.hr\/en\/wp-json\/wp\/v2\/media\/109380"}],"wp:attachment":[{"href":"https:\/\/cernelic.hr\/en\/wp-json\/wp\/v2\/media?parent=92167"}],"wp:term":[{"taxonomy":"product_brand","embeddable":true,"href":"https:\/\/cernelic.hr\/en\/wp-json\/wp\/v2\/product_brand?post=92167"},{"taxonomy":"product_cat","embeddable":true,"href":"https:\/\/cernelic.hr\/en\/wp-json\/wp\/v2\/product_cat?post=92167"},{"taxonomy":"product_tag","embeddable":true,"href":"https:\/\/cernelic.hr\/en\/wp-json\/wp\/v2\/product_tag?post=92167"},{"taxonomy":"berocket_brand","embeddable":true,"href":"https:\/\/cernelic.hr\/en\/wp-json\/wp\/v2\/berocket_brand?post=92167"}],"curies":[{"name":"wp","href":"https:\/\/api.w.org\/{rel}","templated":true}]}}