{"id":92168,"date":"2021-03-19T12:08:40","date_gmt":"2021-03-19T12:08:40","guid":{"rendered":"https:\/\/cernelic.hr\/katalog\/Bez%20kategorije\/extra-table-by-andreu-world-2\/"},"modified":"2023-12-08T04:12:13","modified_gmt":"2023-12-08T04:12:13","slug":"extra-table-by-andreu-world","status":"publish","type":"product","link":"https:\/\/cernelic.hr\/en\/proizvod\/extra-table-by-andreu-world\/","title":{"rendered":"EXTRA TABLE by Andreu World"},"content":{"rendered":"<p>\u201eExtra Conference\u201c uredski stolovi posjeduju \u010dvrstu strukturu koja osigurava stabilnost i snagu nu\u017ene za dr\u017eanje velikih stolnih povr\u0161ina. \u201eConference\u201c ima i opciju konfiguracije s \u201epower\/data\u201c sistemom, integriranim u povr\u0161inu stola pomo\u0107u prilagodljivog povezivanja pomi\u010dnog poklopca. \u201eExtra\u201c uredski namje\u0161taj osigurava maksimalnu funkcionalnost i visoku estetiku i idealno se uklapa u razli\u010dite stilove opremanja uredskih prostora. Mo\u017ee biti kori\u0161ten kao stol za sastanke, kao kongresni stol ili imati vi\u0161e uloga unutar poslovne okoline.<\/p>\n","protected":false},"excerpt":{"rendered":"<p>\u201eExtra Conference\u201c uredski stolovi posjeduju \u010dvrstu strukturu koja osigurava stabilnost i snagu nu\u017ene za dr\u017eanje velikih stolnih povr\u0161ina. \u201eConference\u201c ima i opciju konfiguracije s \u201epower\/data\u201c sistemom, integriranim u povr\u0161inu stola pomo\u0107u prilagodljivog povezivanja pomi\u010dnog poklopca. \u201eExtra\u201c uredski namje\u0161taj osigurava maksimalnu funkcionalnost i visoku estetiku i idealno se uklapa u razli\u010dite stilove opremanja uredskih prostora. Mo\u017ee [&hellip;]<\/p>\n","protected":false},"featured_media":109379,"template":"","meta":{"_acf_changed":false},"product_brand":[],"product_cat":[2514,2105,2061,2131,2068,2149,2138,2151,2140,2150,2139,2137,2148,2073,2118,2132,2133,2135,2092],"product_tag":[],"berocket_brand":[518],"class_list":{"0":"post-92168","1":"product","2":"type-product","3":"status-publish","4":"has-post-thumbnail","6":"product_cat-accessories","7":"product_cat-javni","8":"product_cat-proizvodi","9":"product_cat-proizvodi-accessories-elektrifikacija-i-cable-management","10":"product_cat-prostori","11":"product_cat-prostori-horeca-namjestaj-za-sastanke-i-konferencije","12":"product_cat-prostori-horeca-stolovi-za-unutarnje-prostore","13":"product_cat-prostori-javni-namjestaj-za-sastanke-i-konferencije","14":"product_cat-prostori-javni-stolovi-za-unutarnje-prostore","15":"product_cat-prostori-rezidencijalni-namjestaj-za-kucni-ured","16":"product_cat-prostori-rezidencijalni-stolovi-za-unutarnje-prostore","17":"product_cat-prostori-uredi-home-office","18":"product_cat-prostori-uredi-namjestaj-za-sastanke-i-konferencije","19":"product_cat-rezidencijalni","20":"product_cat-stolovi","21":"product_cat-proizvodi-stolovi-stolovi-za-kucni-ured","22":"product_cat-proizvodi-stolovi-stolovi-za-sastanke-i-konferencije","23":"product_cat-proizvodi-stolovi-stolovi-za-unutarnje-prostore","24":"product_cat-uredi","25":"berocket_brand-andreu-world","27":"first","28":"instock","29":"product-type-grouped"},"acf":[],"_links":{"self":[{"href":"https:\/\/cernelic.hr\/en\/wp-json\/wp\/v2\/product\/92168","targetHints":{"allow":["GET"]}}],"collection":[{"href":"https:\/\/cernelic.hr\/en\/wp-json\/wp\/v2\/product"}],"about":[{"href":"https:\/\/cernelic.hr\/en\/wp-json\/wp\/v2\/types\/product"}],"wp:featuredmedia":[{"embeddable":true,"href":"https:\/\/cernelic.hr\/en\/wp-json\/wp\/v2\/media\/109379"}],"wp:attachment":[{"href":"https:\/\/cernelic.hr\/en\/wp-json\/wp\/v2\/media?parent=92168"}],"wp:term":[{"taxonomy":"product_brand","embeddable":true,"href":"https:\/\/cernelic.hr\/en\/wp-json\/wp\/v2\/product_brand?post=92168"},{"taxonomy":"product_cat","embeddable":true,"href":"https:\/\/cernelic.hr\/en\/wp-json\/wp\/v2\/product_cat?post=92168"},{"taxonomy":"product_tag","embeddable":true,"href":"https:\/\/cernelic.hr\/en\/wp-json\/wp\/v2\/product_tag?post=92168"},{"taxonomy":"berocket_brand","embeddable":true,"href":"https:\/\/cernelic.hr\/en\/wp-json\/wp\/v2\/berocket_brand?post=92168"}],"curies":[{"name":"wp","href":"https:\/\/api.w.org\/{rel}","templated":true}]}}