{"id":92169,"date":"2021-03-19T12:08:40","date_gmt":"2021-03-19T12:08:40","guid":{"rendered":"https:\/\/cernelic.hr\/katalog\/Bez%20kategorije\/flex-armchair-by-andreu-world\/"},"modified":"2023-12-07T15:51:09","modified_gmt":"2023-12-07T15:51:09","slug":"flex-armchair-by-andreu-world","status":"publish","type":"product","link":"https:\/\/cernelic.hr\/en\/proizvod\/flex-armchair-by-andreu-world\/","title":{"rendered":"FLEX ARMCHAIR by Andreu World"},"content":{"rendered":"<p>\u201eFlex Armchair\u201c su inovativne uredske ergonomske stolice koje karakteriziraju stilizirani oblici s naslonima za ruke \u0161to im daju udobnost i reprezentativnost. Nova \u201eljuska\u201c dostupna je u nizu termopolimernih boja, s podstavljenim sjedalom i naslonom ili potpuno tapecirana. Udobnost i ergonomija prisutni su zahvaljuju\u0107i najnovijoj tehnologiji i vje\u0161tom dizajnu pa su \u010desti odabir studija za dizajn interijera. \u201eFlex\u201c naslonja\u010d dostupan je u pet verzija s termoplasti\u010dnom \u201eljuskom\u201c i integriranim naslonima.<\/p>\n","protected":false},"excerpt":{"rendered":"<p>\u201eFlex Armchair\u201c su inovativne uredske ergonomske stolice koje karakteriziraju stilizirani oblici s naslonima za ruke \u0161to im daju udobnost i reprezentativnost. Nova \u201eljuska\u201c dostupna je u nizu termopolimernih boja, s podstavljenim sjedalom i naslonom ili potpuno tapecirana. Udobnost i ergonomija prisutni su zahvaljuju\u0107i najnovijoj tehnologiji i vje\u0161tom dizajnu pa su \u010desti odabir studija za dizajn [&hellip;]<\/p>\n","protected":false},"featured_media":41206,"template":"","meta":{"_acf_changed":false},"product_brand":[],"product_cat":[2099,2105,2090,2061,2098,2068,2100,2109,2104,2093,2073,2087,2088,2091,2092],"product_tag":[],"berocket_brand":[518],"class_list":{"0":"post-92169","1":"product","2":"type-product","3":"status-publish","4":"has-post-thumbnail","6":"product_cat-horeca-prostori-horeca","7":"product_cat-javni","8":"product_cat-proizvodi-stolice-stolice-za-sastanke","9":"product_cat-proizvodi","10":"product_cat-prostori-horeca","11":"product_cat-prostori","12":"product_cat-prostori-horeca-stolice-za-unutarnje-prostore","13":"product_cat-prostori-javni-stolice-za-unutarnje-prostore","14":"product_cat-prostori-rezidencijalni-stolice-za-unutarnje-prostore","15":"product_cat-prostori-uredi-stolice-za-sastanke","16":"product_cat-rezidencijalni","17":"product_cat-stolice","18":"product_cat-proizvodi-stolice-stolice-za-cekaonice","19":"product_cat-proizvodi-stolice-stolice-za-unutarnje-prostore","20":"product_cat-uredi","21":"berocket_brand-andreu-world","23":"first","24":"instock","25":"product-type-grouped"},"acf":[],"_links":{"self":[{"href":"https:\/\/cernelic.hr\/en\/wp-json\/wp\/v2\/product\/92169","targetHints":{"allow":["GET"]}}],"collection":[{"href":"https:\/\/cernelic.hr\/en\/wp-json\/wp\/v2\/product"}],"about":[{"href":"https:\/\/cernelic.hr\/en\/wp-json\/wp\/v2\/types\/product"}],"wp:featuredmedia":[{"embeddable":true,"href":"https:\/\/cernelic.hr\/en\/wp-json\/wp\/v2\/media\/41206"}],"wp:attachment":[{"href":"https:\/\/cernelic.hr\/en\/wp-json\/wp\/v2\/media?parent=92169"}],"wp:term":[{"taxonomy":"product_brand","embeddable":true,"href":"https:\/\/cernelic.hr\/en\/wp-json\/wp\/v2\/product_brand?post=92169"},{"taxonomy":"product_cat","embeddable":true,"href":"https:\/\/cernelic.hr\/en\/wp-json\/wp\/v2\/product_cat?post=92169"},{"taxonomy":"product_tag","embeddable":true,"href":"https:\/\/cernelic.hr\/en\/wp-json\/wp\/v2\/product_tag?post=92169"},{"taxonomy":"berocket_brand","embeddable":true,"href":"https:\/\/cernelic.hr\/en\/wp-json\/wp\/v2\/berocket_brand?post=92169"}],"curies":[{"name":"wp","href":"https:\/\/api.w.org\/{rel}","templated":true}]}}