{"id":92171,"date":"2021-03-19T12:08:40","date_gmt":"2021-03-19T12:08:40","guid":{"rendered":"https:\/\/cernelic.hr\/katalog\/Bez%20kategorije\/flex-corporate-by-andreu-world\/"},"modified":"2023-12-07T15:51:23","modified_gmt":"2023-12-07T15:51:23","slug":"flex-corporate-by-andreu-world","status":"publish","type":"product","link":"https:\/\/cernelic.hr\/en\/proizvod\/flex-corporate-by-andreu-world\/","title":{"rendered":"FLEX CORPORATE by Andreu World"},"content":{"rendered":"<p>Najluksuzniji komad Andreu World \u201eFlex\u201c kolekcije, \u201eCorporate\u201c ima potpuno tapecirano sjedalo i naslon za le\u0111a. \u0160ire sjedalo, vi\u0161i naslon i vi\u0161e pjene pove\u0107avaju udobnost i obilje u\u017eitka.<\/p>\n","protected":false},"excerpt":{"rendered":"<p>Najluksuzniji komad Andreu World \u201eFlex\u201c kolekcije, \u201eCorporate\u201c ima potpuno tapecirano sjedalo i naslon za le\u0111a. \u0160ire sjedalo, vi\u0161i naslon i vi\u0161e pjene pove\u0107avaju udobnost i obilje u\u017eitka.<\/p>\n","protected":false},"featured_media":41210,"template":"","meta":{"_acf_changed":false},"product_brand":[],"product_cat":[2114,2099,2105,2090,2061,2098,2068,2115,2102,2100,2126,2106,2109,2116,2104,2153,2093,2152,2073,2087,2088,2089,2091,2092],"product_tag":[],"berocket_brand":[518],"class_list":{"0":"post-92171","1":"product","2":"type-product","3":"status-publish","4":"has-post-thumbnail","6":"product_cat-proizvodi-stolice-barske-stolice-za-unutarnje-prostore","7":"product_cat-horeca-prostori-horeca","8":"product_cat-javni","9":"product_cat-proizvodi-stolice-stolice-za-sastanke","10":"product_cat-proizvodi","11":"product_cat-prostori-horeca","12":"product_cat-prostori","13":"product_cat-prostori-horeca-barske-stolice-za-unutarnje-prostore","14":"product_cat-prostori-horeca-stolice-za-kongresne-dvorane","15":"product_cat-prostori-horeca-stolice-za-unutarnje-prostore","16":"product_cat-prostori-javni-barske-stolice-za-unutarnje-prostore","17":"product_cat-prostori-javni-kongresne-stolice","18":"product_cat-prostori-javni-stolice-za-unutarnje-prostore","19":"product_cat-prostori-rezidencijalni-barske-stolice-za-unutarnje-prostore","20":"product_cat-prostori-rezidencijalni-stolice-za-unutarnje-prostore","21":"product_cat-prostori-uredi-radne-stolice","22":"product_cat-prostori-uredi-stolice-za-sastanke","23":"product_cat-proizvodi-stolice-radne-stolice","24":"product_cat-rezidencijalni","25":"product_cat-stolice","26":"product_cat-proizvodi-stolice-stolice-za-cekaonice","27":"product_cat-proizvodi-stolice-stolice-za-kongresne-dvorane","28":"product_cat-proizvodi-stolice-stolice-za-unutarnje-prostore","29":"product_cat-uredi","30":"berocket_brand-andreu-world","32":"first","33":"instock","34":"product-type-grouped"},"acf":[],"_links":{"self":[{"href":"https:\/\/cernelic.hr\/en\/wp-json\/wp\/v2\/product\/92171","targetHints":{"allow":["GET"]}}],"collection":[{"href":"https:\/\/cernelic.hr\/en\/wp-json\/wp\/v2\/product"}],"about":[{"href":"https:\/\/cernelic.hr\/en\/wp-json\/wp\/v2\/types\/product"}],"wp:featuredmedia":[{"embeddable":true,"href":"https:\/\/cernelic.hr\/en\/wp-json\/wp\/v2\/media\/41210"}],"wp:attachment":[{"href":"https:\/\/cernelic.hr\/en\/wp-json\/wp\/v2\/media?parent=92171"}],"wp:term":[{"taxonomy":"product_brand","embeddable":true,"href":"https:\/\/cernelic.hr\/en\/wp-json\/wp\/v2\/product_brand?post=92171"},{"taxonomy":"product_cat","embeddable":true,"href":"https:\/\/cernelic.hr\/en\/wp-json\/wp\/v2\/product_cat?post=92171"},{"taxonomy":"product_tag","embeddable":true,"href":"https:\/\/cernelic.hr\/en\/wp-json\/wp\/v2\/product_tag?post=92171"},{"taxonomy":"berocket_brand","embeddable":true,"href":"https:\/\/cernelic.hr\/en\/wp-json\/wp\/v2\/berocket_brand?post=92171"}],"curies":[{"name":"wp","href":"https:\/\/api.w.org\/{rel}","templated":true}]}}