{"id":92172,"date":"2021-03-19T12:08:40","date_gmt":"2021-03-19T12:08:40","guid":{"rendered":"https:\/\/cernelic.hr\/katalog\/Bez%20kategorije\/flex-executive-by-andreu-world\/"},"modified":"2023-12-07T15:51:26","modified_gmt":"2023-12-07T15:51:26","slug":"flex-executive-by-andreu-world","status":"publish","type":"product","link":"https:\/\/cernelic.hr\/en\/proizvod\/flex-executive-by-andreu-world\/","title":{"rendered":"FLEX EXECUTIVE by Andreu World"},"content":{"rendered":"<p>Andreu World \u201eFlex\u201c obitelj sjedala je evoluirala s dodatkom nove \u201eExecutive\u201c kolekcije. Ova se kolekcija sastoji od konferencijskih stolica i naslonja\u010da koji su dostupni s tri visine naslona: niska, srednja, visoka. Dodatno, dvije verzije salonskih stolica, s dvije distinktne visine naslona, upotpunjuju ovu kolekciju. Dodatne opcije sadr\u017ee pozadinu s fini\u0161om od furnira orahovine kako bi pasala svakom ure\u0111enju ureda.<\/p>\n","protected":false},"excerpt":{"rendered":"<p>Andreu World \u201eFlex\u201c obitelj sjedala je evoluirala s dodatkom nove \u201eExecutive\u201c kolekcije. Ova se kolekcija sastoji od konferencijskih stolica i naslonja\u010da koji su dostupni s tri visine naslona: niska, srednja, visoka. Dodatno, dvije verzije salonskih stolica, s dvije distinktne visine naslona, upotpunjuju ovu kolekciju. Dodatne opcije sadr\u017ee pozadinu s fini\u0161om od furnira orahovine kako bi [&hellip;]<\/p>\n","protected":false},"featured_media":41212,"template":"","meta":{"_acf_changed":false},"product_brand":[],"product_cat":[2099,2105,2090,2061,2098,2068,2100,2109,2104,2153,2093,2152,2073,2087,2089,2091,2092],"product_tag":[],"berocket_brand":[518],"class_list":{"0":"post-92172","1":"product","2":"type-product","3":"status-publish","4":"has-post-thumbnail","6":"product_cat-horeca-prostori-horeca","7":"product_cat-javni","8":"product_cat-proizvodi-stolice-stolice-za-sastanke","9":"product_cat-proizvodi","10":"product_cat-prostori-horeca","11":"product_cat-prostori","12":"product_cat-prostori-horeca-stolice-za-unutarnje-prostore","13":"product_cat-prostori-javni-stolice-za-unutarnje-prostore","14":"product_cat-prostori-rezidencijalni-stolice-za-unutarnje-prostore","15":"product_cat-prostori-uredi-radne-stolice","16":"product_cat-prostori-uredi-stolice-za-sastanke","17":"product_cat-proizvodi-stolice-radne-stolice","18":"product_cat-rezidencijalni","19":"product_cat-stolice","20":"product_cat-proizvodi-stolice-stolice-za-kongresne-dvorane","21":"product_cat-proizvodi-stolice-stolice-za-unutarnje-prostore","22":"product_cat-uredi","23":"berocket_brand-andreu-world","25":"first","26":"instock","27":"product-type-grouped"},"acf":[],"_links":{"self":[{"href":"https:\/\/cernelic.hr\/en\/wp-json\/wp\/v2\/product\/92172","targetHints":{"allow":["GET"]}}],"collection":[{"href":"https:\/\/cernelic.hr\/en\/wp-json\/wp\/v2\/product"}],"about":[{"href":"https:\/\/cernelic.hr\/en\/wp-json\/wp\/v2\/types\/product"}],"wp:featuredmedia":[{"embeddable":true,"href":"https:\/\/cernelic.hr\/en\/wp-json\/wp\/v2\/media\/41212"}],"wp:attachment":[{"href":"https:\/\/cernelic.hr\/en\/wp-json\/wp\/v2\/media?parent=92172"}],"wp:term":[{"taxonomy":"product_brand","embeddable":true,"href":"https:\/\/cernelic.hr\/en\/wp-json\/wp\/v2\/product_brand?post=92172"},{"taxonomy":"product_cat","embeddable":true,"href":"https:\/\/cernelic.hr\/en\/wp-json\/wp\/v2\/product_cat?post=92172"},{"taxonomy":"product_tag","embeddable":true,"href":"https:\/\/cernelic.hr\/en\/wp-json\/wp\/v2\/product_tag?post=92172"},{"taxonomy":"berocket_brand","embeddable":true,"href":"https:\/\/cernelic.hr\/en\/wp-json\/wp\/v2\/berocket_brand?post=92172"}],"curies":[{"name":"wp","href":"https:\/\/api.w.org\/{rel}","templated":true}]}}