{"id":92173,"date":"2021-03-19T12:08:40","date_gmt":"2021-03-19T12:08:40","guid":{"rendered":"https:\/\/cernelic.hr\/katalog\/Bez%20kategorije\/flex-high-back-by-andreu-world\/"},"modified":"2023-12-07T15:51:30","modified_gmt":"2023-12-07T15:51:30","slug":"flex-high-back-by-andreu-world","status":"publish","type":"product","link":"https:\/\/cernelic.hr\/en\/proizvod\/flex-high-back-by-andreu-world\/","title":{"rendered":"FLEX HIGH BACK by Andreu World"},"content":{"rendered":"<p>\u201eFlex High Back\u201c ima jednaku jednostavnost i svestranost kao i \u201eFlex\u201c kolekcija, no s malo vi\u0161im naslonom za le\u0111a ima posebnu osobnost i estetiku. Ovo je savr\u0161ena uredska stolica i elegantna opcija za opremanje restorana ili opremanje javnih objekata. Kolekcija se sastoji od stolica i stolica s naslonima za ruke s okvirima od termalne plastike ili tapecirane stakloplastike koji se kombiniraju s raznim opcijama baziranim na metalu ili drvu.<\/p>\n","protected":false},"excerpt":{"rendered":"<p>\u201eFlex High Back\u201c ima jednaku jednostavnost i svestranost kao i \u201eFlex\u201c kolekcija, no s malo vi\u0161im naslonom za le\u0111a ima posebnu osobnost i estetiku. Ovo je savr\u0161ena uredska stolica i elegantna opcija za opremanje restorana ili opremanje javnih objekata. Kolekcija se sastoji od stolica i stolica s naslonima za ruke s okvirima od termalne plastike [&hellip;]<\/p>\n","protected":false},"featured_media":41214,"template":"","meta":{"_acf_changed":false},"product_brand":[],"product_cat":[2114,2099,2105,2090,2061,2098,2068,2115,2102,2100,2106,2109,2116,2104,2153,2093,2152,2073,2087,2088,2089,2091,2092],"product_tag":[],"berocket_brand":[518],"class_list":{"0":"post-92173","1":"product","2":"type-product","3":"status-publish","4":"has-post-thumbnail","6":"product_cat-proizvodi-stolice-barske-stolice-za-unutarnje-prostore","7":"product_cat-horeca-prostori-horeca","8":"product_cat-javni","9":"product_cat-proizvodi-stolice-stolice-za-sastanke","10":"product_cat-proizvodi","11":"product_cat-prostori-horeca","12":"product_cat-prostori","13":"product_cat-prostori-horeca-barske-stolice-za-unutarnje-prostore","14":"product_cat-prostori-horeca-stolice-za-kongresne-dvorane","15":"product_cat-prostori-horeca-stolice-za-unutarnje-prostore","16":"product_cat-prostori-javni-kongresne-stolice","17":"product_cat-prostori-javni-stolice-za-unutarnje-prostore","18":"product_cat-prostori-rezidencijalni-barske-stolice-za-unutarnje-prostore","19":"product_cat-prostori-rezidencijalni-stolice-za-unutarnje-prostore","20":"product_cat-prostori-uredi-radne-stolice","21":"product_cat-prostori-uredi-stolice-za-sastanke","22":"product_cat-proizvodi-stolice-radne-stolice","23":"product_cat-rezidencijalni","24":"product_cat-stolice","25":"product_cat-proizvodi-stolice-stolice-za-cekaonice","26":"product_cat-proizvodi-stolice-stolice-za-kongresne-dvorane","27":"product_cat-proizvodi-stolice-stolice-za-unutarnje-prostore","28":"product_cat-uredi","29":"berocket_brand-andreu-world","31":"first","32":"instock","33":"product-type-grouped"},"acf":[],"_links":{"self":[{"href":"https:\/\/cernelic.hr\/en\/wp-json\/wp\/v2\/product\/92173","targetHints":{"allow":["GET"]}}],"collection":[{"href":"https:\/\/cernelic.hr\/en\/wp-json\/wp\/v2\/product"}],"about":[{"href":"https:\/\/cernelic.hr\/en\/wp-json\/wp\/v2\/types\/product"}],"wp:featuredmedia":[{"embeddable":true,"href":"https:\/\/cernelic.hr\/en\/wp-json\/wp\/v2\/media\/41214"}],"wp:attachment":[{"href":"https:\/\/cernelic.hr\/en\/wp-json\/wp\/v2\/media?parent=92173"}],"wp:term":[{"taxonomy":"product_brand","embeddable":true,"href":"https:\/\/cernelic.hr\/en\/wp-json\/wp\/v2\/product_brand?post=92173"},{"taxonomy":"product_cat","embeddable":true,"href":"https:\/\/cernelic.hr\/en\/wp-json\/wp\/v2\/product_cat?post=92173"},{"taxonomy":"product_tag","embeddable":true,"href":"https:\/\/cernelic.hr\/en\/wp-json\/wp\/v2\/product_tag?post=92173"},{"taxonomy":"berocket_brand","embeddable":true,"href":"https:\/\/cernelic.hr\/en\/wp-json\/wp\/v2\/berocket_brand?post=92173"}],"curies":[{"name":"wp","href":"https:\/\/api.w.org\/{rel}","templated":true}]}}