{"id":92174,"date":"2021-03-19T12:08:40","date_gmt":"2021-03-19T12:08:40","guid":{"rendered":"https:\/\/cernelic.hr\/katalog\/Bez%20kategorije\/flex-outdoor-by-andreu-world\/"},"modified":"2023-12-07T15:51:33","modified_gmt":"2023-12-07T15:51:33","slug":"flex-outdoor-by-andreu-world","status":"publish","type":"product","link":"https:\/\/cernelic.hr\/en\/proizvod\/flex-outdoor-by-andreu-world\/","title":{"rendered":"FLEX OUTDOOR by Andreu World"},"content":{"rendered":"<p>\u201eFlex Chair Outdoor\u201c stolice za vanjsku upotrebu ekstremne izdr\u017eljivosti i dalje \u010duvaju svoj dostojanstven izgled i udobnost. To ovu kolekciju \u010dini idealnom po pitanju razvoja svih vrsta outdoor projekata. \u201eFlex Chair Outdoor\u201c namje\u0161taj za terasu izra\u0111en je pomo\u0107u izdr\u017eljivih materijala i tretmana, poput EPL5 tehnologije i termoplasti\u010dne \u201eljuske\u201c koja \u0161titi od bilo kakvih o\u0161te\u0107enja.<\/p>\n","protected":false},"excerpt":{"rendered":"<p>\u201eFlex Chair Outdoor\u201c stolice za vanjsku upotrebu ekstremne izdr\u017eljivosti i dalje \u010duvaju svoj dostojanstven izgled i udobnost. To ovu kolekciju \u010dini idealnom po pitanju razvoja svih vrsta outdoor projekata. \u201eFlex Chair Outdoor\u201c namje\u0161taj za terasu izra\u0111en je pomo\u0107u izdr\u017eljivih materijala i tretmana, poput EPL5 tehnologije i termoplasti\u010dne \u201eljuske\u201c koja \u0161titi od bilo kakvih o\u0161te\u0107enja.<\/p>\n","protected":false},"featured_media":41216,"template":"","meta":{"_acf_changed":false},"product_brand":[],"product_cat":[2154,2105,2513,2061,2068,2155,2070,2157,2125,2158,2080,2156,2075,2073,2087,2124],"product_tag":[],"berocket_brand":[518],"class_list":{"0":"post-92174","1":"product","2":"type-product","3":"status-publish","4":"has-post-thumbnail","6":"product_cat-proizvodi-stolice-barske-stolice-za-vanjske-prostore","7":"product_cat-javni","8":"product_cat-outdoor","9":"product_cat-proizvodi","10":"product_cat-prostori","11":"product_cat-prostori-horeca-barske-stolice-za-vanjske-prostore","12":"product_cat-prostori-horeca-stolice-za-vanjske-prostore","13":"product_cat-prostori-javni-barske-stolice-za-vanjske-prostore","14":"product_cat-prostori-javni-stolice-za-vanjske-prostore","15":"product_cat-prostori-outdoor-barske-stolice-za-vanjske-prostore","16":"product_cat-prostori-outdoor-stolice-za-vanjske-prostore","17":"product_cat-prostori-rezidencijalni-barske-stolice-za-vanjske-prostore","18":"product_cat-prostori-rezidencijalni-stolice-za-vanjske-prostore","19":"product_cat-rezidencijalni","20":"product_cat-stolice","21":"product_cat-proizvodi-stolice-stolice-za-vanjske-prostore","22":"berocket_brand-andreu-world","24":"first","25":"instock","26":"product-type-grouped"},"acf":[],"_links":{"self":[{"href":"https:\/\/cernelic.hr\/en\/wp-json\/wp\/v2\/product\/92174","targetHints":{"allow":["GET"]}}],"collection":[{"href":"https:\/\/cernelic.hr\/en\/wp-json\/wp\/v2\/product"}],"about":[{"href":"https:\/\/cernelic.hr\/en\/wp-json\/wp\/v2\/types\/product"}],"wp:featuredmedia":[{"embeddable":true,"href":"https:\/\/cernelic.hr\/en\/wp-json\/wp\/v2\/media\/41216"}],"wp:attachment":[{"href":"https:\/\/cernelic.hr\/en\/wp-json\/wp\/v2\/media?parent=92174"}],"wp:term":[{"taxonomy":"product_brand","embeddable":true,"href":"https:\/\/cernelic.hr\/en\/wp-json\/wp\/v2\/product_brand?post=92174"},{"taxonomy":"product_cat","embeddable":true,"href":"https:\/\/cernelic.hr\/en\/wp-json\/wp\/v2\/product_cat?post=92174"},{"taxonomy":"product_tag","embeddable":true,"href":"https:\/\/cernelic.hr\/en\/wp-json\/wp\/v2\/product_tag?post=92174"},{"taxonomy":"berocket_brand","embeddable":true,"href":"https:\/\/cernelic.hr\/en\/wp-json\/wp\/v2\/berocket_brand?post=92174"}],"curies":[{"name":"wp","href":"https:\/\/api.w.org\/{rel}","templated":true}]}}