{"id":92176,"date":"2021-03-19T12:08:40","date_gmt":"2021-03-19T12:08:40","guid":{"rendered":"https:\/\/cernelic.hr\/katalog\/Bez%20kategorije\/grand-raglan-by-andreu-world-2\/"},"modified":"2023-12-07T15:51:39","modified_gmt":"2023-12-07T15:51:39","slug":"grand-raglan-by-andreu-world","status":"publish","type":"product","link":"https:\/\/cernelic.hr\/en\/proizvod\/grand-raglan-by-andreu-world\/","title":{"rendered":"GRAND RAGLAN by Andreu World"},"content":{"rendered":"<p>Andreu World vrlo udobna \u201esalonska\u201c kolekcija koja se sastoji od naslonja\u010da, dvosjeda i trosjeda s tapeciranim sjedalom i naslonom i \u010deli\u010dnom bazom postolja od poliranog kroma, s bijelim ili crnim fini\u0161om. Njen je dizajn jednostavan i namjerno izda\u0161an. Dostupna je kao naslonja\u010d, dvosjed i trosjed koji omogu\u0107avaju kori\u0161tenje u distinktnim garniturama za sjedenje.<\/p>\n","protected":false},"excerpt":{"rendered":"<p>Andreu World vrlo udobna \u201esalonska\u201c kolekcija koja se sastoji od naslonja\u010da, dvosjeda i trosjeda s tapeciranim sjedalom i naslonom i \u010deli\u010dnom bazom postolja od poliranog kroma, s bijelim ili crnim fini\u0161om. Njen je dizajn jednostavan i namjerno izda\u0161an. Dostupna je kao naslonja\u010d, dvosjed i trosjed koji omogu\u0107avaju kori\u0161tenje u distinktnim garniturama za sjedenje.<\/p>\n","protected":false},"featured_media":41220,"template":"","meta":{"_acf_changed":false},"product_brand":[],"product_cat":[2111,2062,2105,2085,2061,2083,2082,2086,2068,2117,2101,2108,2103,2094,2073,2092],"product_tag":[],"berocket_brand":[518],"class_list":{"0":"post-92176","1":"product","2":"type-product","3":"status-publish","4":"has-post-thumbnail","6":"product_cat-dvorane","7":"product_cat-fotelje-i-garniture-za-sjedenje","8":"product_cat-javni","9":"product_cat-namjestaj-za-urede","10":"product_cat-proizvodi","11":"product_cat-proizvodi-fotelje-garniture-fotelje-i-garniture-za-cekaone-i-predprostore","12":"product_cat-proizvodi-fotelje-garniture-fotelje-i-garniture-unutarnje-prostore","13":"product_cat-proizvodi-namjestaj-za-urede-fotelje-garniture-za-neformalne-sastanke","14":"product_cat-prostori","15":"product_cat-prostori-dvorane-fotelje-i-garniture-za-unutarnje-prostore","16":"product_cat-prostori-horeca-fotelje-i-garniture-za-unutarnje-prostore","17":"product_cat-prostori-javni-fotelje-i-garniture-za-unutarnje-prostore","18":"product_cat-prostori-rezidencijalni-fotelje-i-garniture-za-unutarnje-prostore","19":"product_cat-prostori-uredi-fotelje-i-garniture-za-sjedenje","20":"product_cat-rezidencijalni","21":"product_cat-uredi","22":"berocket_brand-andreu-world","24":"first","25":"instock","26":"product-type-grouped"},"acf":[],"_links":{"self":[{"href":"https:\/\/cernelic.hr\/en\/wp-json\/wp\/v2\/product\/92176","targetHints":{"allow":["GET"]}}],"collection":[{"href":"https:\/\/cernelic.hr\/en\/wp-json\/wp\/v2\/product"}],"about":[{"href":"https:\/\/cernelic.hr\/en\/wp-json\/wp\/v2\/types\/product"}],"wp:featuredmedia":[{"embeddable":true,"href":"https:\/\/cernelic.hr\/en\/wp-json\/wp\/v2\/media\/41220"}],"wp:attachment":[{"href":"https:\/\/cernelic.hr\/en\/wp-json\/wp\/v2\/media?parent=92176"}],"wp:term":[{"taxonomy":"product_brand","embeddable":true,"href":"https:\/\/cernelic.hr\/en\/wp-json\/wp\/v2\/product_brand?post=92176"},{"taxonomy":"product_cat","embeddable":true,"href":"https:\/\/cernelic.hr\/en\/wp-json\/wp\/v2\/product_cat?post=92176"},{"taxonomy":"product_tag","embeddable":true,"href":"https:\/\/cernelic.hr\/en\/wp-json\/wp\/v2\/product_tag?post=92176"},{"taxonomy":"berocket_brand","embeddable":true,"href":"https:\/\/cernelic.hr\/en\/wp-json\/wp\/v2\/berocket_brand?post=92176"}],"curies":[{"name":"wp","href":"https:\/\/api.w.org\/{rel}","templated":true}]}}