{"id":92177,"date":"2021-03-19T12:08:40","date_gmt":"2021-03-19T12:08:40","guid":{"rendered":"https:\/\/cernelic.hr\/katalog\/Bez%20kategorije\/happy-by-andreu-world\/"},"modified":"2023-12-07T15:51:42","modified_gmt":"2023-12-07T15:51:42","slug":"happy-by-andreu-world","status":"publish","type":"product","link":"https:\/\/cernelic.hr\/en\/proizvod\/happy-by-andreu-world\/","title":{"rendered":"HAPPY by Andreu World"},"content":{"rendered":"<p>\u201eHappy\u201c je \u017eilava stolica s laganom i umiruju\u0107om pojavom. Njene kru\u017ene linije daju joj svestranost koja omogu\u0107ava integraciju kod ure\u0111enja ureda, ure\u0111enja vila ili opremanja javnih objekata. \u201eHappy\u201c kolekcija sastoji se od stolica slo\u017eivih jedna u drugu i stolica s naslonima za ruke izra\u0111enim od \u010dvrstih bukvinih i hrastovih plo\u010da s opcionalnim tapeciranjem sjedala i naslona za le\u0111a.<\/p>\n","protected":false},"excerpt":{"rendered":"<p>\u201eHappy\u201c je \u017eilava stolica s laganom i umiruju\u0107om pojavom. Njene kru\u017ene linije daju joj svestranost koja omogu\u0107ava integraciju kod ure\u0111enja ureda, ure\u0111enja vila ili opremanja javnih objekata. \u201eHappy\u201c kolekcija sastoji se od stolica slo\u017eivih jedna u drugu i stolica s naslonima za ruke izra\u0111enim od \u010dvrstih bukvinih i hrastovih plo\u010da s opcionalnim tapeciranjem sjedala i [&hellip;]<\/p>\n","protected":false},"featured_media":41222,"template":"","meta":{"_acf_changed":false},"product_brand":[],"product_cat":[2099,2105,2061,2098,2068,2100,2109,2104,2073,2087,2088,2091],"product_tag":[],"berocket_brand":[518],"class_list":{"0":"post-92177","1":"product","2":"type-product","3":"status-publish","4":"has-post-thumbnail","6":"product_cat-horeca-prostori-horeca","7":"product_cat-javni","8":"product_cat-proizvodi","9":"product_cat-prostori-horeca","10":"product_cat-prostori","11":"product_cat-prostori-horeca-stolice-za-unutarnje-prostore","12":"product_cat-prostori-javni-stolice-za-unutarnje-prostore","13":"product_cat-prostori-rezidencijalni-stolice-za-unutarnje-prostore","14":"product_cat-rezidencijalni","15":"product_cat-stolice","16":"product_cat-proizvodi-stolice-stolice-za-cekaonice","17":"product_cat-proizvodi-stolice-stolice-za-unutarnje-prostore","18":"berocket_brand-andreu-world","20":"first","21":"instock","22":"product-type-grouped"},"acf":[],"_links":{"self":[{"href":"https:\/\/cernelic.hr\/en\/wp-json\/wp\/v2\/product\/92177","targetHints":{"allow":["GET"]}}],"collection":[{"href":"https:\/\/cernelic.hr\/en\/wp-json\/wp\/v2\/product"}],"about":[{"href":"https:\/\/cernelic.hr\/en\/wp-json\/wp\/v2\/types\/product"}],"wp:featuredmedia":[{"embeddable":true,"href":"https:\/\/cernelic.hr\/en\/wp-json\/wp\/v2\/media\/41222"}],"wp:attachment":[{"href":"https:\/\/cernelic.hr\/en\/wp-json\/wp\/v2\/media?parent=92177"}],"wp:term":[{"taxonomy":"product_brand","embeddable":true,"href":"https:\/\/cernelic.hr\/en\/wp-json\/wp\/v2\/product_brand?post=92177"},{"taxonomy":"product_cat","embeddable":true,"href":"https:\/\/cernelic.hr\/en\/wp-json\/wp\/v2\/product_cat?post=92177"},{"taxonomy":"product_tag","embeddable":true,"href":"https:\/\/cernelic.hr\/en\/wp-json\/wp\/v2\/product_tag?post=92177"},{"taxonomy":"berocket_brand","embeddable":true,"href":"https:\/\/cernelic.hr\/en\/wp-json\/wp\/v2\/berocket_brand?post=92177"}],"curies":[{"name":"wp","href":"https:\/\/api.w.org\/{rel}","templated":true}]}}