{"id":92178,"date":"2021-03-19T12:08:40","date_gmt":"2021-03-19T12:08:40","guid":{"rendered":"https:\/\/cernelic.hr\/katalog\/Bez%20kategorije\/lake-by-andreu-world\/"},"modified":"2023-12-07T15:51:45","modified_gmt":"2023-12-07T15:51:45","slug":"lake-by-andreu-world","status":"publish","type":"product","link":"https:\/\/cernelic.hr\/en\/proizvod\/lake-by-andreu-world\/","title":{"rendered":"LAKE by Andreu World"},"content":{"rendered":"<p>Suvremena reintepretacija klasi\u010dnih mediteranskih stolica razvijenih iz pedantne vje\u0161tine obrade drva. Udobne stolice izra\u0111ene su od \u010dvrstog bukvinog okvira. Dostupne iz drva, tapecirane ili sa sjedalom od konopaca.<\/p>\n","protected":false},"excerpt":{"rendered":"<p>Suvremena reintepretacija klasi\u010dnih mediteranskih stolica razvijenih iz pedantne vje\u0161tine obrade drva. Udobne stolice izra\u0111ene su od \u010dvrstog bukvinog okvira. Dostupne iz drva, tapecirane ili sa sjedalom od konopaca.<\/p>\n","protected":false},"featured_media":41224,"template":"","meta":{"_acf_changed":false},"product_brand":[],"product_cat":[2099,2105,2061,2098,2068,2100,2109,2104,2073,2087,2091],"product_tag":[],"berocket_brand":[518],"class_list":{"0":"post-92178","1":"product","2":"type-product","3":"status-publish","4":"has-post-thumbnail","6":"product_cat-horeca-prostori-horeca","7":"product_cat-javni","8":"product_cat-proizvodi","9":"product_cat-prostori-horeca","10":"product_cat-prostori","11":"product_cat-prostori-horeca-stolice-za-unutarnje-prostore","12":"product_cat-prostori-javni-stolice-za-unutarnje-prostore","13":"product_cat-prostori-rezidencijalni-stolice-za-unutarnje-prostore","14":"product_cat-rezidencijalni","15":"product_cat-stolice","16":"product_cat-proizvodi-stolice-stolice-za-unutarnje-prostore","17":"berocket_brand-andreu-world","19":"first","20":"instock","21":"product-type-grouped"},"acf":[],"_links":{"self":[{"href":"https:\/\/cernelic.hr\/en\/wp-json\/wp\/v2\/product\/92178","targetHints":{"allow":["GET"]}}],"collection":[{"href":"https:\/\/cernelic.hr\/en\/wp-json\/wp\/v2\/product"}],"about":[{"href":"https:\/\/cernelic.hr\/en\/wp-json\/wp\/v2\/types\/product"}],"wp:featuredmedia":[{"embeddable":true,"href":"https:\/\/cernelic.hr\/en\/wp-json\/wp\/v2\/media\/41224"}],"wp:attachment":[{"href":"https:\/\/cernelic.hr\/en\/wp-json\/wp\/v2\/media?parent=92178"}],"wp:term":[{"taxonomy":"product_brand","embeddable":true,"href":"https:\/\/cernelic.hr\/en\/wp-json\/wp\/v2\/product_brand?post=92178"},{"taxonomy":"product_cat","embeddable":true,"href":"https:\/\/cernelic.hr\/en\/wp-json\/wp\/v2\/product_cat?post=92178"},{"taxonomy":"product_tag","embeddable":true,"href":"https:\/\/cernelic.hr\/en\/wp-json\/wp\/v2\/product_tag?post=92178"},{"taxonomy":"berocket_brand","embeddable":true,"href":"https:\/\/cernelic.hr\/en\/wp-json\/wp\/v2\/berocket_brand?post=92178"}],"curies":[{"name":"wp","href":"https:\/\/api.w.org\/{rel}","templated":true}]}}