{"id":92179,"date":"2021-03-19T12:08:40","date_gmt":"2021-03-19T12:08:40","guid":{"rendered":"https:\/\/cernelic.hr\/katalog\/Bez%20kategorije\/landscape-alu-by-andreu-world-2\/"},"modified":"2023-12-07T15:51:49","modified_gmt":"2023-12-07T15:51:49","slug":"landscape-alu-by-andreu-world","status":"publish","type":"product","link":"https:\/\/cernelic.hr\/en\/proizvod\/landscape-alu-by-andreu-world\/","title":{"rendered":"LANDSCAPE ALU by Andreu World"},"content":{"rendered":"<p>Dizajnirana isklju\u010divo za vanjsku uporabu, \u201eLandscape Alu\u201c je kolekcija visokokvalitetnih trosjeda i le\u017ealjki. Izra\u0111eni od ekstrudiranog aluminija, garniture za sjedenje dostupne su sa ili bez naslona za ruke. Le\u017ealjka ima pomi\u010dni naslon za le\u0111a. Svi su okviri s fini\u0161om u zemljano sme\u0111oj boji.<\/p>\n","protected":false},"excerpt":{"rendered":"<p>Dizajnirana isklju\u010divo za vanjsku uporabu, \u201eLandscape Alu\u201c je kolekcija visokokvalitetnih trosjeda i le\u017ealjki. Izra\u0111eni od ekstrudiranog aluminija, garniture za sjedenje dostupne su sa ili bez naslona za ruke. Le\u017ealjka ima pomi\u010dni naslon za le\u0111a. Svi su okviri s fini\u0161om u zemljano sme\u0111oj boji.<\/p>\n","protected":false},"featured_media":41226,"template":"","meta":{"_acf_changed":false},"product_brand":[],"product_cat":[2111,2062,2105,2159,2513,2061,2066,2160,2068,2112,2071,2072,2141,2079,2081,2074,2076,2073],"product_tag":[],"berocket_brand":[518],"class_list":{"0":"post-92179","1":"product","2":"type-product","3":"status-publish","4":"has-post-thumbnail","6":"product_cat-dvorane","7":"product_cat-fotelje-i-garniture-za-sjedenje","8":"product_cat-javni","9":"product_cat-lezaljke","10":"product_cat-outdoor","11":"product_cat-proizvodi","12":"product_cat-proizvodi-fotelje-garniture-fotelje-i-garniture-za-vanjske-prostore","13":"product_cat-proizvodi-lezaljke-lezaljke","14":"product_cat-prostori","15":"product_cat-prostori-dvorane-fotelje-i-garniture-za-vanjske-prostore","16":"product_cat-prostori-horeca-fotelje-i-garniture-za-vanjske-prostore","17":"product_cat-prostori-horeca-lezaljke","18":"product_cat-prostori-javni-fotelje-i-garniture-za-vanjske-prostore","19":"product_cat-prostori-outdoor-fotelje-i-garniture-za-vanjske-prostore","20":"product_cat-prostori-outdoor-lezaljke","21":"product_cat-prostori-rezidencijalni-fotelje-i-garniture-za-vanjske-prostore","22":"product_cat-prostori-rezidencijalni-lezaljke","23":"product_cat-rezidencijalni","24":"berocket_brand-andreu-world","26":"first","27":"instock","28":"product-type-grouped"},"acf":[],"_links":{"self":[{"href":"https:\/\/cernelic.hr\/en\/wp-json\/wp\/v2\/product\/92179","targetHints":{"allow":["GET"]}}],"collection":[{"href":"https:\/\/cernelic.hr\/en\/wp-json\/wp\/v2\/product"}],"about":[{"href":"https:\/\/cernelic.hr\/en\/wp-json\/wp\/v2\/types\/product"}],"wp:featuredmedia":[{"embeddable":true,"href":"https:\/\/cernelic.hr\/en\/wp-json\/wp\/v2\/media\/41226"}],"wp:attachment":[{"href":"https:\/\/cernelic.hr\/en\/wp-json\/wp\/v2\/media?parent=92179"}],"wp:term":[{"taxonomy":"product_brand","embeddable":true,"href":"https:\/\/cernelic.hr\/en\/wp-json\/wp\/v2\/product_brand?post=92179"},{"taxonomy":"product_cat","embeddable":true,"href":"https:\/\/cernelic.hr\/en\/wp-json\/wp\/v2\/product_cat?post=92179"},{"taxonomy":"product_tag","embeddable":true,"href":"https:\/\/cernelic.hr\/en\/wp-json\/wp\/v2\/product_tag?post=92179"},{"taxonomy":"berocket_brand","embeddable":true,"href":"https:\/\/cernelic.hr\/en\/wp-json\/wp\/v2\/berocket_brand?post=92179"}],"curies":[{"name":"wp","href":"https:\/\/api.w.org\/{rel}","templated":true}]}}