{"id":92180,"date":"2021-03-19T12:08:40","date_gmt":"2021-03-19T12:08:40","guid":{"rendered":"https:\/\/cernelic.hr\/katalog\/Bez%20kategorije\/lineal-by-andreu-world\/"},"modified":"2023-12-07T15:51:58","modified_gmt":"2023-12-07T15:51:58","slug":"lineal-by-andreu-world","status":"publish","type":"product","link":"https:\/\/cernelic.hr\/en\/proizvod\/lineal-by-andreu-world\/","title":{"rendered":"LINEAL by Andreu World"},"content":{"rendered":"<p>\u201eLineal\u201c je kolekcija stolica, stolica s naslonima za ruke i barskih stolaca s tapeciranim sjedalima izra\u0111enih iz zaobljene \u0161perplo\u010de i metalnih ili drvenih postolja. Elegancija njenih linija omogu\u0107ava primjercima integraciju u svaki prostor: bilo kod opremanja ureda, opremanja vila ili opremanje stanova. Dizajnerski oblici reducirani su na minimalne elemente, nagla\u0161avaju\u0107i formalnu sintezu podr\u017eavaju\u0107i klasi\u010dan dizajn interijera. Njeno puno zna\u010denje i funkcija jasno su reflektirani u njenom imenu: linija, koja se prostire od naslona za le\u0111a preko sjedala, balansirana precizno izra\u0111enom metalnom ili drvenom bazom.<\/p>\n","protected":false},"excerpt":{"rendered":"<p>\u201eLineal\u201c je kolekcija stolica, stolica s naslonima za ruke i barskih stolaca s tapeciranim sjedalima izra\u0111enih iz zaobljene \u0161perplo\u010de i metalnih ili drvenih postolja. Elegancija njenih linija omogu\u0107ava primjercima integraciju u svaki prostor: bilo kod opremanja ureda, opremanja vila ili opremanje stanova. Dizajnerski oblici reducirani su na minimalne elemente, nagla\u0161avaju\u0107i formalnu sintezu podr\u017eavaju\u0107i klasi\u010dan dizajn [&hellip;]<\/p>\n","protected":false},"featured_media":41232,"template":"","meta":{"_acf_changed":false},"product_brand":[],"product_cat":[2114,2111,2062,2099,2105,2061,2083,2082,2098,2068,2117,2115,2101,2102,2100,2126,2108,2109,2116,2103,2104,2094,2073,2087,2088,2089,2091,2092],"product_tag":[],"berocket_brand":[518],"class_list":{"0":"post-92180","1":"product","2":"type-product","3":"status-publish","4":"has-post-thumbnail","6":"product_cat-proizvodi-stolice-barske-stolice-za-unutarnje-prostore","7":"product_cat-dvorane","8":"product_cat-fotelje-i-garniture-za-sjedenje","9":"product_cat-horeca-prostori-horeca","10":"product_cat-javni","11":"product_cat-proizvodi","12":"product_cat-proizvodi-fotelje-garniture-fotelje-i-garniture-za-cekaone-i-predprostore","13":"product_cat-proizvodi-fotelje-garniture-fotelje-i-garniture-unutarnje-prostore","14":"product_cat-prostori-horeca","15":"product_cat-prostori","16":"product_cat-prostori-dvorane-fotelje-i-garniture-za-unutarnje-prostore","17":"product_cat-prostori-horeca-barske-stolice-za-unutarnje-prostore","18":"product_cat-prostori-horeca-fotelje-i-garniture-za-unutarnje-prostore","19":"product_cat-prostori-horeca-stolice-za-kongresne-dvorane","20":"product_cat-prostori-horeca-stolice-za-unutarnje-prostore","21":"product_cat-prostori-javni-barske-stolice-za-unutarnje-prostore","22":"product_cat-prostori-javni-fotelje-i-garniture-za-unutarnje-prostore","23":"product_cat-prostori-javni-stolice-za-unutarnje-prostore","24":"product_cat-prostori-rezidencijalni-barske-stolice-za-unutarnje-prostore","25":"product_cat-prostori-rezidencijalni-fotelje-i-garniture-za-unutarnje-prostore","26":"product_cat-prostori-rezidencijalni-stolice-za-unutarnje-prostore","27":"product_cat-prostori-uredi-fotelje-i-garniture-za-sjedenje","28":"product_cat-rezidencijalni","29":"product_cat-stolice","30":"product_cat-proizvodi-stolice-stolice-za-cekaonice","31":"product_cat-proizvodi-stolice-stolice-za-kongresne-dvorane","32":"product_cat-proizvodi-stolice-stolice-za-unutarnje-prostore","33":"product_cat-uredi","34":"berocket_brand-andreu-world","36":"first","37":"instock","38":"product-type-grouped"},"acf":[],"_links":{"self":[{"href":"https:\/\/cernelic.hr\/en\/wp-json\/wp\/v2\/product\/92180","targetHints":{"allow":["GET"]}}],"collection":[{"href":"https:\/\/cernelic.hr\/en\/wp-json\/wp\/v2\/product"}],"about":[{"href":"https:\/\/cernelic.hr\/en\/wp-json\/wp\/v2\/types\/product"}],"wp:featuredmedia":[{"embeddable":true,"href":"https:\/\/cernelic.hr\/en\/wp-json\/wp\/v2\/media\/41232"}],"wp:attachment":[{"href":"https:\/\/cernelic.hr\/en\/wp-json\/wp\/v2\/media?parent=92180"}],"wp:term":[{"taxonomy":"product_brand","embeddable":true,"href":"https:\/\/cernelic.hr\/en\/wp-json\/wp\/v2\/product_brand?post=92180"},{"taxonomy":"product_cat","embeddable":true,"href":"https:\/\/cernelic.hr\/en\/wp-json\/wp\/v2\/product_cat?post=92180"},{"taxonomy":"product_tag","embeddable":true,"href":"https:\/\/cernelic.hr\/en\/wp-json\/wp\/v2\/product_tag?post=92180"},{"taxonomy":"berocket_brand","embeddable":true,"href":"https:\/\/cernelic.hr\/en\/wp-json\/wp\/v2\/berocket_brand?post=92180"}],"curies":[{"name":"wp","href":"https:\/\/api.w.org\/{rel}","templated":true}]}}