{"id":92181,"date":"2021-03-19T12:08:40","date_gmt":"2021-03-19T12:08:40","guid":{"rendered":"https:\/\/cernelic.hr\/katalog\/Bez%20kategorije\/lineal-comfort-by-andreu-world\/"},"modified":"2023-12-07T15:51:52","modified_gmt":"2023-12-07T15:51:52","slug":"lineal-comfort-by-andreu-world","status":"publish","type":"product","link":"https:\/\/cernelic.hr\/en\/proizvod\/lineal-comfort-by-andreu-world\/","title":{"rendered":"LINEAL COMFORT by Andreu World"},"content":{"rendered":"<p>\u201eLineal Comfort\u201c kolekcija koja budi nove ideje za ure\u0111enje sastoji se od tapeciranih stolica, stolaca, naslonja\u010da i barskih stolaca. Dizajn je izra\u0111en od fleksibilne ubrizgane pjene s metalnom bazom od \u010dvrstog drva, \u010delika ili aluminija. Andreu World kolekcija koristi \u010diste forme \u201eLineal\u201c obitelji namje\u0161taja s luksuznim, otpornim i udobnim namje\u0161tajem. Nudi \u0161irok raspon presvlaka i drvnih fini\u0161a, pove\u0107avaju\u0107i svestranost i mogu\u0107nost integracije u arhitektonske prostore vrlo razli\u010ditih stilova i uloga.<\/p>\n","protected":false},"excerpt":{"rendered":"<p>\u201eLineal Comfort\u201c kolekcija koja budi nove ideje za ure\u0111enje sastoji se od tapeciranih stolica, stolaca, naslonja\u010da i barskih stolaca. Dizajn je izra\u0111en od fleksibilne ubrizgane pjene s metalnom bazom od \u010dvrstog drva, \u010delika ili aluminija. Andreu World kolekcija koristi \u010diste forme \u201eLineal\u201c obitelji namje\u0161taja s luksuznim, otpornim i udobnim namje\u0161tajem. Nudi \u0161irok raspon presvlaka i [&hellip;]<\/p>\n","protected":false},"featured_media":41228,"template":"","meta":{"_acf_changed":false},"product_brand":[],"product_cat":[2114,2111,2062,2099,2105,2090,2061,2083,2082,2098,2068,2117,2115,2101,2102,2100,2126,2108,2109,2116,2103,2104,2094,2093,2073,2087,2088,2089,2091,2092],"product_tag":[],"berocket_brand":[518],"class_list":{"0":"post-92181","1":"product","2":"type-product","3":"status-publish","4":"has-post-thumbnail","6":"product_cat-proizvodi-stolice-barske-stolice-za-unutarnje-prostore","7":"product_cat-dvorane","8":"product_cat-fotelje-i-garniture-za-sjedenje","9":"product_cat-horeca-prostori-horeca","10":"product_cat-javni","11":"product_cat-proizvodi-stolice-stolice-za-sastanke","12":"product_cat-proizvodi","13":"product_cat-proizvodi-fotelje-garniture-fotelje-i-garniture-za-cekaone-i-predprostore","14":"product_cat-proizvodi-fotelje-garniture-fotelje-i-garniture-unutarnje-prostore","15":"product_cat-prostori-horeca","16":"product_cat-prostori","17":"product_cat-prostori-dvorane-fotelje-i-garniture-za-unutarnje-prostore","18":"product_cat-prostori-horeca-barske-stolice-za-unutarnje-prostore","19":"product_cat-prostori-horeca-fotelje-i-garniture-za-unutarnje-prostore","20":"product_cat-prostori-horeca-stolice-za-kongresne-dvorane","21":"product_cat-prostori-horeca-stolice-za-unutarnje-prostore","22":"product_cat-prostori-javni-barske-stolice-za-unutarnje-prostore","23":"product_cat-prostori-javni-fotelje-i-garniture-za-unutarnje-prostore","24":"product_cat-prostori-javni-stolice-za-unutarnje-prostore","25":"product_cat-prostori-rezidencijalni-barske-stolice-za-unutarnje-prostore","26":"product_cat-prostori-rezidencijalni-fotelje-i-garniture-za-unutarnje-prostore","27":"product_cat-prostori-rezidencijalni-stolice-za-unutarnje-prostore","28":"product_cat-prostori-uredi-fotelje-i-garniture-za-sjedenje","29":"product_cat-prostori-uredi-stolice-za-sastanke","30":"product_cat-rezidencijalni","31":"product_cat-stolice","32":"product_cat-proizvodi-stolice-stolice-za-cekaonice","33":"product_cat-proizvodi-stolice-stolice-za-kongresne-dvorane","34":"product_cat-proizvodi-stolice-stolice-za-unutarnje-prostore","35":"product_cat-uredi","36":"berocket_brand-andreu-world","38":"first","39":"instock","40":"product-type-grouped"},"acf":[],"_links":{"self":[{"href":"https:\/\/cernelic.hr\/en\/wp-json\/wp\/v2\/product\/92181","targetHints":{"allow":["GET"]}}],"collection":[{"href":"https:\/\/cernelic.hr\/en\/wp-json\/wp\/v2\/product"}],"about":[{"href":"https:\/\/cernelic.hr\/en\/wp-json\/wp\/v2\/types\/product"}],"wp:featuredmedia":[{"embeddable":true,"href":"https:\/\/cernelic.hr\/en\/wp-json\/wp\/v2\/media\/41228"}],"wp:attachment":[{"href":"https:\/\/cernelic.hr\/en\/wp-json\/wp\/v2\/media?parent=92181"}],"wp:term":[{"taxonomy":"product_brand","embeddable":true,"href":"https:\/\/cernelic.hr\/en\/wp-json\/wp\/v2\/product_brand?post=92181"},{"taxonomy":"product_cat","embeddable":true,"href":"https:\/\/cernelic.hr\/en\/wp-json\/wp\/v2\/product_cat?post=92181"},{"taxonomy":"product_tag","embeddable":true,"href":"https:\/\/cernelic.hr\/en\/wp-json\/wp\/v2\/product_tag?post=92181"},{"taxonomy":"berocket_brand","embeddable":true,"href":"https:\/\/cernelic.hr\/en\/wp-json\/wp\/v2\/berocket_brand?post=92181"}],"curies":[{"name":"wp","href":"https:\/\/api.w.org\/{rel}","templated":true}]}}