{"id":92183,"date":"2021-03-19T12:08:40","date_gmt":"2021-03-19T12:08:40","guid":{"rendered":"https:\/\/cernelic.hr\/katalog\/Bez%20kategorije\/manfred-by-andreu-world-2\/"},"modified":"2023-12-07T15:52:01","modified_gmt":"2023-12-07T15:52:01","slug":"manfred-by-andreu-world","status":"publish","type":"product","link":"https:\/\/cernelic.hr\/en\/proizvod\/manfred-by-andreu-world\/","title":{"rendered":"MANFRED by Andreu World"},"content":{"rendered":"<p>\u201eManfred\u201c je program modularnih garnitura za sjedenje dizajniranih za velike lobije prilikom ure\u0111enja hotela ili za prostore opu\u0161tanja kod ure\u0111enja ureda. Kolekcija se sastoji od pojedina\u010dnih naslonja\u010da, dvosjeda i trosjeda. Drveni nasloni za ruke dostupni su za sve verzije. \u201eManfredove\u201c linije definirane su podstavljenim tijelom \u0161to ga \u010dini idealnim mjestom za lounge sjedenje i odmor. Dizajn je karakteriziran njegovom velikom pojavom, udobno\u0161\u0107u i prilagodljivo\u0161\u0107u. Primjerci su postavljeni na postolje koje je lagano uvu\u010deno prema unutra\u0161njosti, omogu\u0107avaju\u0107i lak\u0161e organiziranje i \u010di\u0161\u0107enje okolnog prostora.<\/p>\n","protected":false},"excerpt":{"rendered":"<p>\u201eManfred\u201c je program modularnih garnitura za sjedenje dizajniranih za velike lobije prilikom ure\u0111enja hotela ili za prostore opu\u0161tanja kod ure\u0111enja ureda. Kolekcija se sastoji od pojedina\u010dnih naslonja\u010da, dvosjeda i trosjeda. Drveni nasloni za ruke dostupni su za sve verzije. \u201eManfredove\u201c linije definirane su podstavljenim tijelom \u0161to ga \u010dini idealnim mjestom za lounge sjedenje i odmor. [&hellip;]<\/p>\n","protected":false},"featured_media":41234,"template":"","meta":{"_acf_changed":false},"product_brand":[],"product_cat":[2111,2062,2105,2085,2061,2083,2082,2127,2086,2068,2117,2101,2108,2103,2094,2073,2092],"product_tag":[],"berocket_brand":[518],"class_list":{"0":"post-92183","1":"product","2":"type-product","3":"status-publish","4":"has-post-thumbnail","6":"product_cat-dvorane","7":"product_cat-fotelje-i-garniture-za-sjedenje","8":"product_cat-javni","9":"product_cat-namjestaj-za-urede","10":"product_cat-proizvodi","11":"product_cat-proizvodi-fotelje-garniture-fotelje-i-garniture-za-cekaone-i-predprostore","12":"product_cat-proizvodi-fotelje-garniture-fotelje-i-garniture-unutarnje-prostore","13":"product_cat-proizvodi-fotelje-garniture-klupe-i-separei","14":"product_cat-proizvodi-namjestaj-za-urede-fotelje-garniture-za-neformalne-sastanke","15":"product_cat-prostori","16":"product_cat-prostori-dvorane-fotelje-i-garniture-za-unutarnje-prostore","17":"product_cat-prostori-horeca-fotelje-i-garniture-za-unutarnje-prostore","18":"product_cat-prostori-javni-fotelje-i-garniture-za-unutarnje-prostore","19":"product_cat-prostori-rezidencijalni-fotelje-i-garniture-za-unutarnje-prostore","20":"product_cat-prostori-uredi-fotelje-i-garniture-za-sjedenje","21":"product_cat-rezidencijalni","22":"product_cat-uredi","23":"berocket_brand-andreu-world","25":"first","26":"instock","27":"product-type-grouped"},"acf":[],"_links":{"self":[{"href":"https:\/\/cernelic.hr\/en\/wp-json\/wp\/v2\/product\/92183","targetHints":{"allow":["GET"]}}],"collection":[{"href":"https:\/\/cernelic.hr\/en\/wp-json\/wp\/v2\/product"}],"about":[{"href":"https:\/\/cernelic.hr\/en\/wp-json\/wp\/v2\/types\/product"}],"wp:featuredmedia":[{"embeddable":true,"href":"https:\/\/cernelic.hr\/en\/wp-json\/wp\/v2\/media\/41234"}],"wp:attachment":[{"href":"https:\/\/cernelic.hr\/en\/wp-json\/wp\/v2\/media?parent=92183"}],"wp:term":[{"taxonomy":"product_brand","embeddable":true,"href":"https:\/\/cernelic.hr\/en\/wp-json\/wp\/v2\/product_brand?post=92183"},{"taxonomy":"product_cat","embeddable":true,"href":"https:\/\/cernelic.hr\/en\/wp-json\/wp\/v2\/product_cat?post=92183"},{"taxonomy":"product_tag","embeddable":true,"href":"https:\/\/cernelic.hr\/en\/wp-json\/wp\/v2\/product_tag?post=92183"},{"taxonomy":"berocket_brand","embeddable":true,"href":"https:\/\/cernelic.hr\/en\/wp-json\/wp\/v2\/berocket_brand?post=92183"}],"curies":[{"name":"wp","href":"https:\/\/api.w.org\/{rel}","templated":true}]}}