{"id":92184,"date":"2021-03-19T12:08:40","date_gmt":"2021-03-19T12:08:40","guid":{"rendered":"https:\/\/cernelic.hr\/katalog\/Bez%20kategorije\/manila-by-andreu-world\/"},"modified":"2023-12-07T15:52:04","modified_gmt":"2023-12-07T15:52:04","slug":"manila-by-andreu-world","status":"publish","type":"product","link":"https:\/\/cernelic.hr\/en\/proizvod\/manila-by-andreu-world\/","title":{"rendered":"MANILA by Andreu World"},"content":{"rendered":"<p>\u201eManila\u201c je bezvremenski dizajn koji odi\u0161e mirno\u0107om i grandiozno\u0161\u0107u. \u201eManila\u201c kolekcija sadr\u017ei stolice, naslonja\u010de, salonske stolice i stolce i prepoznata je zbog svoje trajne elegancije i udobnosti. Kolekcija se s vremenom prilago\u0111ava i dio je brojnih arhitektonskih projekata kao i \u010dest odabir mnogih studija za dizajn interijera.<\/p>\n","protected":false},"excerpt":{"rendered":"<p>\u201eManila\u201c je bezvremenski dizajn koji odi\u0161e mirno\u0107om i grandiozno\u0161\u0107u. \u201eManila\u201c kolekcija sadr\u017ei stolice, naslonja\u010de, salonske stolice i stolce i prepoznata je zbog svoje trajne elegancije i udobnosti. Kolekcija se s vremenom prilago\u0111ava i dio je brojnih arhitektonskih projekata kao i \u010dest odabir mnogih studija za dizajn interijera.<\/p>\n","protected":false},"featured_media":41236,"template":"","meta":{"_acf_changed":false},"product_brand":[],"product_cat":[2114,2111,2062,2099,2105,2085,2061,2083,2082,2086,2098,2068,2117,2115,2101,2102,2100,2108,2106,2116,2103,2104,2094,2073,2087,2088,2089,2091,2092],"product_tag":[],"berocket_brand":[518],"class_list":{"0":"post-92184","1":"product","2":"type-product","3":"status-publish","4":"has-post-thumbnail","6":"product_cat-proizvodi-stolice-barske-stolice-za-unutarnje-prostore","7":"product_cat-dvorane","8":"product_cat-fotelje-i-garniture-za-sjedenje","9":"product_cat-horeca-prostori-horeca","10":"product_cat-javni","11":"product_cat-namjestaj-za-urede","12":"product_cat-proizvodi","13":"product_cat-proizvodi-fotelje-garniture-fotelje-i-garniture-za-cekaone-i-predprostore","14":"product_cat-proizvodi-fotelje-garniture-fotelje-i-garniture-unutarnje-prostore","15":"product_cat-proizvodi-namjestaj-za-urede-fotelje-garniture-za-neformalne-sastanke","16":"product_cat-prostori-horeca","17":"product_cat-prostori","18":"product_cat-prostori-dvorane-fotelje-i-garniture-za-unutarnje-prostore","19":"product_cat-prostori-horeca-barske-stolice-za-unutarnje-prostore","20":"product_cat-prostori-horeca-fotelje-i-garniture-za-unutarnje-prostore","21":"product_cat-prostori-horeca-stolice-za-kongresne-dvorane","22":"product_cat-prostori-horeca-stolice-za-unutarnje-prostore","23":"product_cat-prostori-javni-fotelje-i-garniture-za-unutarnje-prostore","24":"product_cat-prostori-javni-kongresne-stolice","25":"product_cat-prostori-rezidencijalni-barske-stolice-za-unutarnje-prostore","26":"product_cat-prostori-rezidencijalni-fotelje-i-garniture-za-unutarnje-prostore","27":"product_cat-prostori-rezidencijalni-stolice-za-unutarnje-prostore","28":"product_cat-prostori-uredi-fotelje-i-garniture-za-sjedenje","29":"product_cat-rezidencijalni","30":"product_cat-stolice","31":"product_cat-proizvodi-stolice-stolice-za-cekaonice","32":"product_cat-proizvodi-stolice-stolice-za-kongresne-dvorane","33":"product_cat-proizvodi-stolice-stolice-za-unutarnje-prostore","34":"product_cat-uredi","35":"berocket_brand-andreu-world","37":"first","38":"instock","39":"product-type-grouped"},"acf":[],"_links":{"self":[{"href":"https:\/\/cernelic.hr\/en\/wp-json\/wp\/v2\/product\/92184","targetHints":{"allow":["GET"]}}],"collection":[{"href":"https:\/\/cernelic.hr\/en\/wp-json\/wp\/v2\/product"}],"about":[{"href":"https:\/\/cernelic.hr\/en\/wp-json\/wp\/v2\/types\/product"}],"wp:featuredmedia":[{"embeddable":true,"href":"https:\/\/cernelic.hr\/en\/wp-json\/wp\/v2\/media\/41236"}],"wp:attachment":[{"href":"https:\/\/cernelic.hr\/en\/wp-json\/wp\/v2\/media?parent=92184"}],"wp:term":[{"taxonomy":"product_brand","embeddable":true,"href":"https:\/\/cernelic.hr\/en\/wp-json\/wp\/v2\/product_brand?post=92184"},{"taxonomy":"product_cat","embeddable":true,"href":"https:\/\/cernelic.hr\/en\/wp-json\/wp\/v2\/product_cat?post=92184"},{"taxonomy":"product_tag","embeddable":true,"href":"https:\/\/cernelic.hr\/en\/wp-json\/wp\/v2\/product_tag?post=92184"},{"taxonomy":"berocket_brand","embeddable":true,"href":"https:\/\/cernelic.hr\/en\/wp-json\/wp\/v2\/berocket_brand?post=92184"}],"curies":[{"name":"wp","href":"https:\/\/api.w.org\/{rel}","templated":true}]}}