{"id":92186,"date":"2021-03-19T12:11:47","date_gmt":"2021-03-19T12:11:47","guid":{"rendered":"https:\/\/cernelic.hr\/katalog\/Bez%20kategorije\/moody-by-andreu-world\/"},"modified":"2023-12-07T15:52:07","modified_gmt":"2023-12-07T15:52:07","slug":"moody-by-andreu-world","status":"publish","type":"product","link":"https:\/\/cernelic.hr\/en\/proizvod\/moody-by-andreu-world\/","title":{"rendered":"MOODY by Andreu World"},"content":{"rendered":"<p>Andreu World kolekcija \u201eMoody\u201c sintetizira konstrukciju od najboljeg drva s udobno\u0161\u0107u presvlake. Njene diskretne i minimalisti\u010dke linije omogu\u0107avaju joj da bude iznimno prilagodljiva kako bi se stopila sa ostalim namje\u0161tajem po mjeri.<\/p>\n","protected":false},"excerpt":{"rendered":"<p>Andreu World kolekcija \u201eMoody\u201c sintetizira konstrukciju od najboljeg drva s udobno\u0161\u0107u presvlake. Njene diskretne i minimalisti\u010dke linije omogu\u0107avaju joj da bude iznimno prilagodljiva kako bi se stopila sa ostalim namje\u0161tajem po mjeri.<\/p>\n","protected":false},"featured_media":41238,"template":"","meta":{"_acf_changed":false},"product_brand":[],"product_cat":[2114,2099,2105,2061,2098,2068,2115,2100,2126,2109,2116,2104,2073,2087,2091],"product_tag":[],"berocket_brand":[518],"class_list":{"0":"post-92186","1":"product","2":"type-product","3":"status-publish","4":"has-post-thumbnail","6":"product_cat-proizvodi-stolice-barske-stolice-za-unutarnje-prostore","7":"product_cat-horeca-prostori-horeca","8":"product_cat-javni","9":"product_cat-proizvodi","10":"product_cat-prostori-horeca","11":"product_cat-prostori","12":"product_cat-prostori-horeca-barske-stolice-za-unutarnje-prostore","13":"product_cat-prostori-horeca-stolice-za-unutarnje-prostore","14":"product_cat-prostori-javni-barske-stolice-za-unutarnje-prostore","15":"product_cat-prostori-javni-stolice-za-unutarnje-prostore","16":"product_cat-prostori-rezidencijalni-barske-stolice-za-unutarnje-prostore","17":"product_cat-prostori-rezidencijalni-stolice-za-unutarnje-prostore","18":"product_cat-rezidencijalni","19":"product_cat-stolice","20":"product_cat-proizvodi-stolice-stolice-za-unutarnje-prostore","21":"berocket_brand-andreu-world","23":"first","24":"instock","25":"product-type-grouped"},"acf":[],"_links":{"self":[{"href":"https:\/\/cernelic.hr\/en\/wp-json\/wp\/v2\/product\/92186","targetHints":{"allow":["GET"]}}],"collection":[{"href":"https:\/\/cernelic.hr\/en\/wp-json\/wp\/v2\/product"}],"about":[{"href":"https:\/\/cernelic.hr\/en\/wp-json\/wp\/v2\/types\/product"}],"wp:featuredmedia":[{"embeddable":true,"href":"https:\/\/cernelic.hr\/en\/wp-json\/wp\/v2\/media\/41238"}],"wp:attachment":[{"href":"https:\/\/cernelic.hr\/en\/wp-json\/wp\/v2\/media?parent=92186"}],"wp:term":[{"taxonomy":"product_brand","embeddable":true,"href":"https:\/\/cernelic.hr\/en\/wp-json\/wp\/v2\/product_brand?post=92186"},{"taxonomy":"product_cat","embeddable":true,"href":"https:\/\/cernelic.hr\/en\/wp-json\/wp\/v2\/product_cat?post=92186"},{"taxonomy":"product_tag","embeddable":true,"href":"https:\/\/cernelic.hr\/en\/wp-json\/wp\/v2\/product_tag?post=92186"},{"taxonomy":"berocket_brand","embeddable":true,"href":"https:\/\/cernelic.hr\/en\/wp-json\/wp\/v2\/berocket_brand?post=92186"}],"curies":[{"name":"wp","href":"https:\/\/api.w.org\/{rel}","templated":true}]}}