{"id":92188,"date":"2021-03-19T12:11:47","date_gmt":"2021-03-19T12:11:47","guid":{"rendered":"https:\/\/cernelic.hr\/katalog\/Bez%20kategorije\/noosa-by-andreu-world-2\/"},"modified":"2023-12-08T04:12:11","modified_gmt":"2023-12-08T04:12:11","slug":"noosa-by-andreu-world","status":"publish","type":"product","link":"https:\/\/cernelic.hr\/en\/proizvod\/noosa-by-andreu-world\/","title":{"rendered":"NOOSA by Andreu World"},"content":{"rendered":"<p>Klasi\u010dni dizajn \u201eNoosa\u201c, dostupan sa \u0161irokim izborom tekstila, prilagodljiv je izbor za opremanje restorana i opremanje stanova. Sjedalo i naslon za le\u0111a tapecirani su i imaju \u010dvrsti okvir od bukovine. Dostupna u verziji stolice slo\u017eive jedna u drugu, radi lak\u0161eg spremanja.<\/p>\n","protected":false},"excerpt":{"rendered":"<p>Klasi\u010dni dizajn \u201eNoosa\u201c, dostupan sa \u0161irokim izborom tekstila, prilagodljiv je izbor za opremanje restorana i opremanje stanova. Sjedalo i naslon za le\u0111a tapecirani su i imaju \u010dvrsti okvir od bukovine. Dostupna u verziji stolice slo\u017eive jedna u drugu, radi lak\u0161eg spremanja.<\/p>\n","protected":false},"featured_media":109378,"template":"","meta":{"_acf_changed":false},"product_brand":[],"product_cat":[2099,2105,2061,2068,2098,2102,2100,2106,2109,2104,2073,2087,2089,2091],"product_tag":[],"berocket_brand":[518],"class_list":{"0":"post-92188","1":"product","2":"type-product","3":"status-publish","4":"has-post-thumbnail","6":"product_cat-horeca-prostori-horeca","7":"product_cat-javni","8":"product_cat-proizvodi","9":"product_cat-prostori","10":"product_cat-prostori-horeca","11":"product_cat-prostori-horeca-stolice-za-kongresne-dvorane","12":"product_cat-prostori-horeca-stolice-za-unutarnje-prostore","13":"product_cat-prostori-javni-kongresne-stolice","14":"product_cat-prostori-javni-stolice-za-unutarnje-prostore","15":"product_cat-prostori-rezidencijalni-stolice-za-unutarnje-prostore","16":"product_cat-rezidencijalni","17":"product_cat-stolice","18":"product_cat-proizvodi-stolice-stolice-za-kongresne-dvorane","19":"product_cat-proizvodi-stolice-stolice-za-unutarnje-prostore","20":"berocket_brand-andreu-world","22":"first","23":"instock","24":"product-type-grouped"},"acf":[],"_links":{"self":[{"href":"https:\/\/cernelic.hr\/en\/wp-json\/wp\/v2\/product\/92188","targetHints":{"allow":["GET"]}}],"collection":[{"href":"https:\/\/cernelic.hr\/en\/wp-json\/wp\/v2\/product"}],"about":[{"href":"https:\/\/cernelic.hr\/en\/wp-json\/wp\/v2\/types\/product"}],"wp:featuredmedia":[{"embeddable":true,"href":"https:\/\/cernelic.hr\/en\/wp-json\/wp\/v2\/media\/109378"}],"wp:attachment":[{"href":"https:\/\/cernelic.hr\/en\/wp-json\/wp\/v2\/media?parent=92188"}],"wp:term":[{"taxonomy":"product_brand","embeddable":true,"href":"https:\/\/cernelic.hr\/en\/wp-json\/wp\/v2\/product_brand?post=92188"},{"taxonomy":"product_cat","embeddable":true,"href":"https:\/\/cernelic.hr\/en\/wp-json\/wp\/v2\/product_cat?post=92188"},{"taxonomy":"product_tag","embeddable":true,"href":"https:\/\/cernelic.hr\/en\/wp-json\/wp\/v2\/product_tag?post=92188"},{"taxonomy":"berocket_brand","embeddable":true,"href":"https:\/\/cernelic.hr\/en\/wp-json\/wp\/v2\/berocket_brand?post=92188"}],"curies":[{"name":"wp","href":"https:\/\/api.w.org\/{rel}","templated":true}]}}