{"id":92189,"date":"2021-03-19T12:11:47","date_gmt":"2021-03-19T12:11:47","guid":{"rendered":"https:\/\/cernelic.hr\/katalog\/Bez%20kategorije\/nub-by-andreu-world\/"},"modified":"2023-12-07T15:52:12","modified_gmt":"2023-12-07T15:52:12","slug":"nub-by-andreu-world","status":"publish","type":"product","link":"https:\/\/cernelic.hr\/en\/proizvod\/nub-by-andreu-world\/","title":{"rendered":"NUB by Andreu World"},"content":{"rendered":"<p>Andreu World kolekcija \u201eNub\u201c posjeduje dizajn koji je rezultat sofisticiranog procesa obrade drva i modernog ure\u0111ivanja isklesanog naslona za le\u0111a. Geometrija naslona za le\u0111a ne slu\u017ei samo estetskim potrebama ve\u0107 tako\u0111er pru\u017ea i drvnu potporu. Alteriraju\u0107i ritam \u201e\u010dvorova\u201c daje komadima njihovu materijalnost i trodimenzijonalnu kvalitetu a osobu koja ju promatra inspirira na nove ideje za ure\u0111enje.<\/p>\n","protected":false},"excerpt":{"rendered":"<p>Andreu World kolekcija \u201eNub\u201c posjeduje dizajn koji je rezultat sofisticiranog procesa obrade drva i modernog ure\u0111ivanja isklesanog naslona za le\u0111a. Geometrija naslona za le\u0111a ne slu\u017ei samo estetskim potrebama ve\u0107 tako\u0111er pru\u017ea i drvnu potporu. Alteriraju\u0107i ritam \u201e\u010dvorova\u201c daje komadima njihovu materijalnost i trodimenzijonalnu kvalitetu a osobu koja ju promatra inspirira na nove ideje za [&hellip;]<\/p>\n","protected":false},"featured_media":41242,"template":"","meta":{"_acf_changed":false},"product_brand":[],"product_cat":[2114,2111,2062,2099,2105,2061,2083,2082,2127,2098,2068,2117,2115,2101,2100,2126,2108,2109,2116,2103,2104,2073,2087,2091],"product_tag":[],"berocket_brand":[518],"class_list":{"0":"post-92189","1":"product","2":"type-product","3":"status-publish","4":"has-post-thumbnail","6":"product_cat-proizvodi-stolice-barske-stolice-za-unutarnje-prostore","7":"product_cat-dvorane","8":"product_cat-fotelje-i-garniture-za-sjedenje","9":"product_cat-horeca-prostori-horeca","10":"product_cat-javni","11":"product_cat-proizvodi","12":"product_cat-proizvodi-fotelje-garniture-fotelje-i-garniture-za-cekaone-i-predprostore","13":"product_cat-proizvodi-fotelje-garniture-fotelje-i-garniture-unutarnje-prostore","14":"product_cat-proizvodi-fotelje-garniture-klupe-i-separei","15":"product_cat-prostori-horeca","16":"product_cat-prostori","17":"product_cat-prostori-dvorane-fotelje-i-garniture-za-unutarnje-prostore","18":"product_cat-prostori-horeca-barske-stolice-za-unutarnje-prostore","19":"product_cat-prostori-horeca-fotelje-i-garniture-za-unutarnje-prostore","20":"product_cat-prostori-horeca-stolice-za-unutarnje-prostore","21":"product_cat-prostori-javni-barske-stolice-za-unutarnje-prostore","22":"product_cat-prostori-javni-fotelje-i-garniture-za-unutarnje-prostore","23":"product_cat-prostori-javni-stolice-za-unutarnje-prostore","24":"product_cat-prostori-rezidencijalni-barske-stolice-za-unutarnje-prostore","25":"product_cat-prostori-rezidencijalni-fotelje-i-garniture-za-unutarnje-prostore","26":"product_cat-prostori-rezidencijalni-stolice-za-unutarnje-prostore","27":"product_cat-rezidencijalni","28":"product_cat-stolice","29":"product_cat-proizvodi-stolice-stolice-za-unutarnje-prostore","30":"berocket_brand-andreu-world","32":"first","33":"instock","34":"product-type-grouped"},"acf":[],"_links":{"self":[{"href":"https:\/\/cernelic.hr\/en\/wp-json\/wp\/v2\/product\/92189","targetHints":{"allow":["GET"]}}],"collection":[{"href":"https:\/\/cernelic.hr\/en\/wp-json\/wp\/v2\/product"}],"about":[{"href":"https:\/\/cernelic.hr\/en\/wp-json\/wp\/v2\/types\/product"}],"wp:featuredmedia":[{"embeddable":true,"href":"https:\/\/cernelic.hr\/en\/wp-json\/wp\/v2\/media\/41242"}],"wp:attachment":[{"href":"https:\/\/cernelic.hr\/en\/wp-json\/wp\/v2\/media?parent=92189"}],"wp:term":[{"taxonomy":"product_brand","embeddable":true,"href":"https:\/\/cernelic.hr\/en\/wp-json\/wp\/v2\/product_brand?post=92189"},{"taxonomy":"product_cat","embeddable":true,"href":"https:\/\/cernelic.hr\/en\/wp-json\/wp\/v2\/product_cat?post=92189"},{"taxonomy":"product_tag","embeddable":true,"href":"https:\/\/cernelic.hr\/en\/wp-json\/wp\/v2\/product_tag?post=92189"},{"taxonomy":"berocket_brand","embeddable":true,"href":"https:\/\/cernelic.hr\/en\/wp-json\/wp\/v2\/berocket_brand?post=92189"}],"curies":[{"name":"wp","href":"https:\/\/api.w.org\/{rel}","templated":true}]}}