{"id":92190,"date":"2021-03-19T12:11:47","date_gmt":"2021-03-19T12:11:47","guid":{"rendered":"https:\/\/cernelic.hr\/katalog\/Bez%20kategorije\/nuez-by-andreu-world\/"},"modified":"2023-12-07T15:52:15","modified_gmt":"2023-12-07T15:52:15","slug":"nuez-by-andreu-world","status":"publish","type":"product","link":"https:\/\/cernelic.hr\/en\/proizvod\/nuez-by-andreu-world\/","title":{"rendered":"NUEZ by Andreu World"},"content":{"rendered":"<p>Obgrljuju\u0107e, uo\u010dljive, tople i istovremeno tehnolo\u0161ki napredne udobne stolice. Ro\u0111ene iz ideje stvaranja stolica koje bi bilo mogu\u0107e modulirati kao komad papira. Andreu World kolekcija se sastoji od naslonja\u010da od termoplastike dostupnih u vi\u0161e boja. Unutra\u0161njost je prikazana u termoplastici ili tapecirana s opcijama fiksiranog sjedala i le\u0111nog jastuka ili jastuka na sjedalu. Dostupne s \u010detiri verzije postolja.<\/p>\n","protected":false},"excerpt":{"rendered":"<p>Obgrljuju\u0107e, uo\u010dljive, tople i istovremeno tehnolo\u0161ki napredne udobne stolice. Ro\u0111ene iz ideje stvaranja stolica koje bi bilo mogu\u0107e modulirati kao komad papira. Andreu World kolekcija se sastoji od naslonja\u010da od termoplastike dostupnih u vi\u0161e boja. Unutra\u0161njost je prikazana u termoplastici ili tapecirana s opcijama fiksiranog sjedala i le\u0111nog jastuka ili jastuka na sjedalu. Dostupne s [&hellip;]<\/p>\n","protected":false},"featured_media":41244,"template":"","meta":{"_acf_changed":false},"product_brand":[],"product_cat":[2114,2099,2105,2090,2061,2098,2068,2115,2100,2123,2109,2116,2104,2093,2073,2087,2088,2091,2092],"product_tag":[],"berocket_brand":[518],"class_list":{"0":"post-92190","1":"product","2":"type-product","3":"status-publish","4":"has-post-thumbnail","6":"product_cat-proizvodi-stolice-barske-stolice-za-unutarnje-prostore","7":"product_cat-horeca-prostori-horeca","8":"product_cat-javni","9":"product_cat-proizvodi-stolice-stolice-za-sastanke","10":"product_cat-proizvodi","11":"product_cat-prostori-horeca","12":"product_cat-prostori","13":"product_cat-prostori-horeca-barske-stolice-za-unutarnje-prostore","14":"product_cat-prostori-horeca-stolice-za-unutarnje-prostore","15":"product_cat-prostori-javni-namjestaj-za-cekaonice","16":"product_cat-prostori-javni-stolice-za-unutarnje-prostore","17":"product_cat-prostori-rezidencijalni-barske-stolice-za-unutarnje-prostore","18":"product_cat-prostori-rezidencijalni-stolice-za-unutarnje-prostore","19":"product_cat-prostori-uredi-stolice-za-sastanke","20":"product_cat-rezidencijalni","21":"product_cat-stolice","22":"product_cat-proizvodi-stolice-stolice-za-cekaonice","23":"product_cat-proizvodi-stolice-stolice-za-unutarnje-prostore","24":"product_cat-uredi","25":"berocket_brand-andreu-world","27":"first","28":"instock","29":"product-type-grouped"},"acf":[],"_links":{"self":[{"href":"https:\/\/cernelic.hr\/en\/wp-json\/wp\/v2\/product\/92190","targetHints":{"allow":["GET"]}}],"collection":[{"href":"https:\/\/cernelic.hr\/en\/wp-json\/wp\/v2\/product"}],"about":[{"href":"https:\/\/cernelic.hr\/en\/wp-json\/wp\/v2\/types\/product"}],"wp:featuredmedia":[{"embeddable":true,"href":"https:\/\/cernelic.hr\/en\/wp-json\/wp\/v2\/media\/41244"}],"wp:attachment":[{"href":"https:\/\/cernelic.hr\/en\/wp-json\/wp\/v2\/media?parent=92190"}],"wp:term":[{"taxonomy":"product_brand","embeddable":true,"href":"https:\/\/cernelic.hr\/en\/wp-json\/wp\/v2\/product_brand?post=92190"},{"taxonomy":"product_cat","embeddable":true,"href":"https:\/\/cernelic.hr\/en\/wp-json\/wp\/v2\/product_cat?post=92190"},{"taxonomy":"product_tag","embeddable":true,"href":"https:\/\/cernelic.hr\/en\/wp-json\/wp\/v2\/product_tag?post=92190"},{"taxonomy":"berocket_brand","embeddable":true,"href":"https:\/\/cernelic.hr\/en\/wp-json\/wp\/v2\/berocket_brand?post=92190"}],"curies":[{"name":"wp","href":"https:\/\/api.w.org\/{rel}","templated":true}]}}