{"id":92191,"date":"2021-03-19T12:11:47","date_gmt":"2021-03-19T12:11:47","guid":{"rendered":"https:\/\/cernelic.hr\/katalog\/Bez%20kategorije\/nuez-outdoor-by-andreu-world\/"},"modified":"2023-12-08T07:14:03","modified_gmt":"2023-12-08T07:14:03","slug":"nuez-outdoor-by-andreu-world","status":"publish","type":"product","link":"https:\/\/cernelic.hr\/en\/proizvod\/nuez-outdoor-by-andreu-world\/","title":{"rendered":"NUEZ OUTDOOR by Andreu World"},"content":{"rendered":"<p>Nova verzija \u201eNueza\u201c posebno je dizajnirana za kategoriju namje\u0161taja za terasu. Dostupna je \u010detverono\u017enim postoljem od tikovine i metalnom plo\u0161nom bazom s tretmanom koji ju \u010dini otpornom na vanjske uvjete. Jastuci, uklonjivi, tako\u0111er su dizajnirani za vanjsku uporabu.<\/p>\n","protected":false},"excerpt":{"rendered":"<p>Nova verzija \u201eNueza\u201c posebno je dizajnirana za kategoriju namje\u0161taja za terasu. Dostupna je \u010detverono\u017enim postoljem od tikovine i metalnom plo\u0161nom bazom s tretmanom koji ju \u010dini otpornom na vanjske uvjete. Jastuci, uklonjivi, tako\u0111er su dizajnirani za vanjsku uporabu.<\/p>\n","protected":false},"featured_media":114984,"template":"","meta":{"_acf_changed":false},"product_brand":[],"product_cat":[2105,2513,2061,2068,2070,2125,2080,2075,2073,2087,2124],"product_tag":[],"berocket_brand":[518],"class_list":{"0":"post-92191","1":"product","2":"type-product","3":"status-publish","4":"has-post-thumbnail","6":"product_cat-javni","7":"product_cat-outdoor","8":"product_cat-proizvodi","9":"product_cat-prostori","10":"product_cat-prostori-horeca-stolice-za-vanjske-prostore","11":"product_cat-prostori-javni-stolice-za-vanjske-prostore","12":"product_cat-prostori-outdoor-stolice-za-vanjske-prostore","13":"product_cat-prostori-rezidencijalni-stolice-za-vanjske-prostore","14":"product_cat-rezidencijalni","15":"product_cat-stolice","16":"product_cat-proizvodi-stolice-stolice-za-vanjske-prostore","17":"berocket_brand-andreu-world","19":"first","20":"instock","21":"product-type-grouped"},"acf":[],"_links":{"self":[{"href":"https:\/\/cernelic.hr\/en\/wp-json\/wp\/v2\/product\/92191","targetHints":{"allow":["GET"]}}],"collection":[{"href":"https:\/\/cernelic.hr\/en\/wp-json\/wp\/v2\/product"}],"about":[{"href":"https:\/\/cernelic.hr\/en\/wp-json\/wp\/v2\/types\/product"}],"wp:featuredmedia":[{"embeddable":true,"href":"https:\/\/cernelic.hr\/en\/wp-json\/wp\/v2\/media\/114984"}],"wp:attachment":[{"href":"https:\/\/cernelic.hr\/en\/wp-json\/wp\/v2\/media?parent=92191"}],"wp:term":[{"taxonomy":"product_brand","embeddable":true,"href":"https:\/\/cernelic.hr\/en\/wp-json\/wp\/v2\/product_brand?post=92191"},{"taxonomy":"product_cat","embeddable":true,"href":"https:\/\/cernelic.hr\/en\/wp-json\/wp\/v2\/product_cat?post=92191"},{"taxonomy":"product_tag","embeddable":true,"href":"https:\/\/cernelic.hr\/en\/wp-json\/wp\/v2\/product_tag?post=92191"},{"taxonomy":"berocket_brand","embeddable":true,"href":"https:\/\/cernelic.hr\/en\/wp-json\/wp\/v2\/berocket_brand?post=92191"}],"curies":[{"name":"wp","href":"https:\/\/api.w.org\/{rel}","templated":true}]}}