{"id":92193,"date":"2021-03-19T12:11:47","date_gmt":"2021-03-19T12:11:47","guid":{"rendered":"https:\/\/cernelic.hr\/katalog\/Bez%20kategorije\/oliva-by-andreu-world-2\/"},"modified":"2023-12-07T15:52:19","modified_gmt":"2023-12-07T15:52:19","slug":"oliva-by-andreu-world","status":"publish","type":"product","link":"https:\/\/cernelic.hr\/en\/proizvod\/oliva-by-andreu-world\/","title":{"rendered":"OLIVA by Andreu World"},"content":{"rendered":"<p>Andreu World \u201eOliva\u201c je kolekcija manjih stoli\u0107a ili stolaca razli\u010dite veli\u010dine koje nude dvije verzije izra\u0111ene od \u010dvrste hrastovine i s lakiranim fini\u0161ima. Njen oblik i proporcije optimalni su sa svim tipovima stolica, naslonja\u010da i trosjeda, na odli\u010dan na\u010din komplementiraju\u0107i sve komade. Njeni kru\u017eni zaobljeni rubovi kontrast su trima nogama, daju\u0107i tako suptilnost izgledu poja\u010davaju\u0107i primitivnu va\u017enost drva. \u201eOliva\u201c je dostupna u nizu zavr\u0161nih obrada drva iz na\u0161eg kataloga i laganom obradom obojanim lakom. Dvije su veli\u010dine proporcionalne u promjeru i ukupnoj visini, \u0161to ga \u010dini prikladnim stolom za nisko sjedenje.<\/p>\n","protected":false},"excerpt":{"rendered":"<p>Andreu World \u201eOliva\u201c je kolekcija manjih stoli\u0107a ili stolaca razli\u010dite veli\u010dine koje nude dvije verzije izra\u0111ene od \u010dvrste hrastovine i s lakiranim fini\u0161ima. Njen oblik i proporcije optimalni su sa svim tipovima stolica, naslonja\u010da i trosjeda, na odli\u010dan na\u010din komplementiraju\u0107i sve komade. Njeni kru\u017eni zaobljeni rubovi kontrast su trima nogama, daju\u0107i tako suptilnost izgledu poja\u010davaju\u0107i [&hellip;]<\/p>\n","protected":false},"featured_media":41246,"template":"","meta":{"_acf_changed":false},"product_brand":[],"product_cat":[2105,2119,2061,2068,2138,2140,2121,2139,2073,2118,2135],"product_tag":[],"berocket_brand":[518],"class_list":{"0":"post-92193","1":"product","2":"type-product","3":"status-publish","4":"has-post-thumbnail","6":"product_cat-javni","7":"product_cat-proizvodi-stolovi-niski-stolovi-za-unutarnje-prostore","8":"product_cat-proizvodi","9":"product_cat-prostori","10":"product_cat-prostori-horeca-stolovi-za-unutarnje-prostore","11":"product_cat-prostori-javni-stolovi-za-unutarnje-prostore","12":"product_cat-prostori-rezidencijalni-niski-klubski-stolici-za-unutarnje-prostore","13":"product_cat-prostori-rezidencijalni-stolovi-za-unutarnje-prostore","14":"product_cat-rezidencijalni","15":"product_cat-stolovi","16":"product_cat-proizvodi-stolovi-stolovi-za-unutarnje-prostore","17":"berocket_brand-andreu-world","19":"first","20":"instock","21":"product-type-grouped"},"acf":[],"_links":{"self":[{"href":"https:\/\/cernelic.hr\/en\/wp-json\/wp\/v2\/product\/92193","targetHints":{"allow":["GET"]}}],"collection":[{"href":"https:\/\/cernelic.hr\/en\/wp-json\/wp\/v2\/product"}],"about":[{"href":"https:\/\/cernelic.hr\/en\/wp-json\/wp\/v2\/types\/product"}],"wp:featuredmedia":[{"embeddable":true,"href":"https:\/\/cernelic.hr\/en\/wp-json\/wp\/v2\/media\/41246"}],"wp:attachment":[{"href":"https:\/\/cernelic.hr\/en\/wp-json\/wp\/v2\/media?parent=92193"}],"wp:term":[{"taxonomy":"product_brand","embeddable":true,"href":"https:\/\/cernelic.hr\/en\/wp-json\/wp\/v2\/product_brand?post=92193"},{"taxonomy":"product_cat","embeddable":true,"href":"https:\/\/cernelic.hr\/en\/wp-json\/wp\/v2\/product_cat?post=92193"},{"taxonomy":"product_tag","embeddable":true,"href":"https:\/\/cernelic.hr\/en\/wp-json\/wp\/v2\/product_tag?post=92193"},{"taxonomy":"berocket_brand","embeddable":true,"href":"https:\/\/cernelic.hr\/en\/wp-json\/wp\/v2\/berocket_brand?post=92193"}],"curies":[{"name":"wp","href":"https:\/\/api.w.org\/{rel}","templated":true}]}}