{"id":92194,"date":"2021-03-19T12:11:47","date_gmt":"2021-03-19T12:11:47","guid":{"rendered":"https:\/\/cernelic.hr\/katalog\/Bez%20kategorije\/pillow-by-andreu-world\/"},"modified":"2023-12-07T15:52:29","modified_gmt":"2023-12-07T15:52:29","slug":"pillow-by-andreu-world","status":"publish","type":"product","link":"https:\/\/cernelic.hr\/en\/proizvod\/pillow-by-andreu-world\/","title":{"rendered":"PILLOW by Andreu World"},"content":{"rendered":"<p>Andreu World \u201ePillow\u201c je kolekcija tapeciranih stolica, naslonja\u010da i salonskih stolica s modernim stylingom i delikatnim linijama koje projiciraju \u010distu eleganciju i udobnost svakom dizajnu interijera. Dostupan u dvije \u0161irine, ovaj dizajn uvijek zadr\u017eava svoje suzdr\u017eane proporcije i ravnote\u017eu snage drvnog okvira s toplinom presvlake inspiriraju\u0107i razne ideje za ure\u0111enje.<\/p>\n","protected":false},"excerpt":{"rendered":"<p>Andreu World \u201ePillow\u201c je kolekcija tapeciranih stolica, naslonja\u010da i salonskih stolica s modernim stylingom i delikatnim linijama koje projiciraju \u010distu eleganciju i udobnost svakom dizajnu interijera. Dostupan u dvije \u0161irine, ovaj dizajn uvijek zadr\u017eava svoje suzdr\u017eane proporcije i ravnote\u017eu snage drvnog okvira s toplinom presvlake inspiriraju\u0107i razne ideje za ure\u0111enje.<\/p>\n","protected":false},"featured_media":41248,"template":"","meta":{"_acf_changed":false},"product_brand":[],"product_cat":[2099,2105,2061,2068,2098,2102,2100,2109,2104,2073,2087,2088,2089,2091],"product_tag":[],"berocket_brand":[518],"class_list":{"0":"post-92194","1":"product","2":"type-product","3":"status-publish","4":"has-post-thumbnail","6":"product_cat-horeca-prostori-horeca","7":"product_cat-javni","8":"product_cat-proizvodi","9":"product_cat-prostori","10":"product_cat-prostori-horeca","11":"product_cat-prostori-horeca-stolice-za-kongresne-dvorane","12":"product_cat-prostori-horeca-stolice-za-unutarnje-prostore","13":"product_cat-prostori-javni-stolice-za-unutarnje-prostore","14":"product_cat-prostori-rezidencijalni-stolice-za-unutarnje-prostore","15":"product_cat-rezidencijalni","16":"product_cat-stolice","17":"product_cat-proizvodi-stolice-stolice-za-cekaonice","18":"product_cat-proizvodi-stolice-stolice-za-kongresne-dvorane","19":"product_cat-proizvodi-stolice-stolice-za-unutarnje-prostore","20":"berocket_brand-andreu-world","22":"first","23":"instock","24":"product-type-grouped"},"acf":[],"_links":{"self":[{"href":"https:\/\/cernelic.hr\/en\/wp-json\/wp\/v2\/product\/92194","targetHints":{"allow":["GET"]}}],"collection":[{"href":"https:\/\/cernelic.hr\/en\/wp-json\/wp\/v2\/product"}],"about":[{"href":"https:\/\/cernelic.hr\/en\/wp-json\/wp\/v2\/types\/product"}],"wp:featuredmedia":[{"embeddable":true,"href":"https:\/\/cernelic.hr\/en\/wp-json\/wp\/v2\/media\/41248"}],"wp:attachment":[{"href":"https:\/\/cernelic.hr\/en\/wp-json\/wp\/v2\/media?parent=92194"}],"wp:term":[{"taxonomy":"product_brand","embeddable":true,"href":"https:\/\/cernelic.hr\/en\/wp-json\/wp\/v2\/product_brand?post=92194"},{"taxonomy":"product_cat","embeddable":true,"href":"https:\/\/cernelic.hr\/en\/wp-json\/wp\/v2\/product_cat?post=92194"},{"taxonomy":"product_tag","embeddable":true,"href":"https:\/\/cernelic.hr\/en\/wp-json\/wp\/v2\/product_tag?post=92194"},{"taxonomy":"berocket_brand","embeddable":true,"href":"https:\/\/cernelic.hr\/en\/wp-json\/wp\/v2\/berocket_brand?post=92194"}],"curies":[{"name":"wp","href":"https:\/\/api.w.org\/{rel}","templated":true}]}}