{"id":92195,"date":"2021-03-19T12:11:47","date_gmt":"2021-03-19T12:11:47","guid":{"rendered":"https:\/\/cernelic.hr\/katalog\/Bez%20kategorije\/plaza-by-andreu-world-2\/"},"modified":"2023-12-07T15:52:32","modified_gmt":"2023-12-07T15:52:32","slug":"plaza-by-andreu-world","status":"publish","type":"product","link":"https:\/\/cernelic.hr\/en\/proizvod\/plaza-by-andreu-world\/","title":{"rendered":"PLAZA by Andreu World"},"content":{"rendered":"<p>\u201ePlaza\u201c je kolekcija stolnih postolja od ubrizganog aluminija s nogom od ili \u010dvrstog drva ili aluminija. Ova kolekcija se mo\u017ee koristiti u kombinaciji s bilo kojom stolnom plo\u010dom iz na\u0161e kolekcije. Tehnologija ubrizganog aluminija daje sposobnost stvaranja efekta elegantne zakrivljenosti, nagla\u0161avaju\u0107i geometriju postolja. Kosi detalj prenosi osje\u0107aj kontinuiteta koji se lako uklapa uz preostali namje\u0161taj po mjeri.<\/p>\n","protected":false},"excerpt":{"rendered":"<p>\u201ePlaza\u201c je kolekcija stolnih postolja od ubrizganog aluminija s nogom od ili \u010dvrstog drva ili aluminija. Ova kolekcija se mo\u017ee koristiti u kombinaciji s bilo kojom stolnom plo\u010dom iz na\u0161e kolekcije. Tehnologija ubrizganog aluminija daje sposobnost stvaranja efekta elegantne zakrivljenosti, nagla\u0161avaju\u0107i geometriju postolja. Kosi detalj prenosi osje\u0107aj kontinuiteta koji se lako uklapa uz preostali namje\u0161taj [&hellip;]<\/p>\n","protected":false},"featured_media":41250,"template":"","meta":{"_acf_changed":false},"product_brand":[],"product_cat":[2105,2061,2068,2138,2144,2140,2147,2139,2145,2073,2118,2135,2143,2136,2162],"product_tag":[],"berocket_brand":[518],"class_list":{"0":"post-92195","1":"product","2":"type-product","3":"status-publish","4":"has-post-thumbnail","6":"product_cat-javni","7":"product_cat-proizvodi","8":"product_cat-prostori","9":"product_cat-prostori-horeca-stolovi-za-unutarnje-prostore","10":"product_cat-prostori-horeca-stolovi-za-vanjske-prostore","11":"product_cat-prostori-javni-stolovi-za-unutarnje-prostore","12":"product_cat-prostori-javni-stolovi-za-vanjske-prostore","13":"product_cat-prostori-rezidencijalni-stolovi-za-unutarnje-prostore","14":"product_cat-prostori-rezidencijalni-stolovi-za-vanjske-prostore","15":"product_cat-rezidencijalni","16":"product_cat-stolovi","17":"product_cat-proizvodi-stolovi-stolovi-za-unutarnje-prostore","18":"product_cat-proizvodi-stolovi-stolovi-za-vanjske-prostore","19":"product_cat-proizvodi-stolovi-visoki-barski-stolovi-za-unutarnje-prostore","20":"product_cat-proizvodi-stolovi-visoki-barski-stolovi-vanjske-prostore","21":"berocket_brand-andreu-world","23":"first","24":"instock","25":"product-type-grouped"},"acf":[],"_links":{"self":[{"href":"https:\/\/cernelic.hr\/en\/wp-json\/wp\/v2\/product\/92195","targetHints":{"allow":["GET"]}}],"collection":[{"href":"https:\/\/cernelic.hr\/en\/wp-json\/wp\/v2\/product"}],"about":[{"href":"https:\/\/cernelic.hr\/en\/wp-json\/wp\/v2\/types\/product"}],"wp:featuredmedia":[{"embeddable":true,"href":"https:\/\/cernelic.hr\/en\/wp-json\/wp\/v2\/media\/41250"}],"wp:attachment":[{"href":"https:\/\/cernelic.hr\/en\/wp-json\/wp\/v2\/media?parent=92195"}],"wp:term":[{"taxonomy":"product_brand","embeddable":true,"href":"https:\/\/cernelic.hr\/en\/wp-json\/wp\/v2\/product_brand?post=92195"},{"taxonomy":"product_cat","embeddable":true,"href":"https:\/\/cernelic.hr\/en\/wp-json\/wp\/v2\/product_cat?post=92195"},{"taxonomy":"product_tag","embeddable":true,"href":"https:\/\/cernelic.hr\/en\/wp-json\/wp\/v2\/product_tag?post=92195"},{"taxonomy":"berocket_brand","embeddable":true,"href":"https:\/\/cernelic.hr\/en\/wp-json\/wp\/v2\/berocket_brand?post=92195"}],"curies":[{"name":"wp","href":"https:\/\/api.w.org\/{rel}","templated":true}]}}